{"id":42207,"date":"2025-08-12T18:14:32","date_gmt":"2025-08-12T18:14:32","guid":{"rendered":"https:\/\/skinstudio.ee\/?post_type=product&#038;p=42207"},"modified":"2026-04-16T07:47:05","modified_gmt":"2026-04-16T07:47:05","slug":"creatine-capsules","status":"publish","type":"product","link":"https:\/\/skinstudio.ee\/lv\/catalog\/life-extension\/creatine-capsules\/","title":{"rendered":"Creatine Capsules"},"content":{"rendered":"<p data-start=\"2147\" data-end=\"2323\"><strong data-start=\"2147\" data-end=\"2186\">Creatine Capsules no Life Extension<\/strong> &#8211; uztura bag\u0101tin\u0101t\u0101js ar kreat\u012bnu kapsul\u0101s. Kreat\u012bns palielina fizisko veiktsp\u0113ju atk\u0101rtotu \u012bslaic\u012bgu augstas intensit\u0101tes slod\u017eu laik\u0101.<\/p>\n<p data-start=\"2325\" data-end=\"2510\">Kreat\u012bns ir savienojums, kas organism\u0101 sastopams dabiski un tiek izmantots musku\u013cu audos. Tas tiek pla\u0161i izmantots uztura bag\u0101tin\u0101t\u0101jos un ir iek\u013cauts akt\u012bva dz\u012bvesveida cilv\u0113ku uztur\u0101.<\/p>\n<p data-start=\"2512\" data-end=\"2639\">Formula ir izstr\u0101d\u0101ta kapsulu form\u0101 \u0113rtai ikdienas lieto\u0161anai. Produkts ir viegli iek\u013caujams ikdienas rut\u012bn\u0101 un treni\u0146u re\u017e\u012bm\u0101.<\/p>\n<p data-start=\"2641\" data-end=\"2659\"><strong data-start=\"2641\" data-end=\"2659\">Ra\u017eots Eirop\u0101.<\/strong><\/p>\n<p data-start=\"2661\" data-end=\"2796\"><strong data-start=\"2661\" data-end=\"2682\">Der\u012bguma termi\u0146\u0161:<\/strong> skat\u012bt uz iepakojuma<br data-start=\"2703\" data-end=\"2706\" \/><strong data-start=\"2706\" data-end=\"2722\">Uzglab\u0101\u0161ana:<\/strong> uzglab\u0101t cie\u0161i nosl\u0113gtu v\u0113s\u0101 un saus\u0101 viet\u0101<br data-start=\"2766\" data-end=\"2769\" \/><strong data-start=\"2769\" data-end=\"2781\">Tilpums:<\/strong> 120 kapsulas<\/p>\n","protected":false},"excerpt":{"rendered":"<p data-start=\"2803\" data-end=\"2836\">Uztura bag\u0101tin\u0101t\u0101js ar kreat\u012bnu<\/p>\n<h2 data-section-id=\"2txkk8\" data-start=\"2838\" data-end=\"2889\"><strong data-start=\"2842\" data-end=\"2889\">\u012apa\u0161\u012bbas Life Extension &#8211; Creatine Capsules<\/strong><\/h2>\n<p data-start=\"2891\" data-end=\"3067\">\u2714\ufe0f Satur kreat\u012bnu kapsulu form\u0101<br data-start=\"2922\" data-end=\"2925\" \/>\u2714\ufe0f Formula \u012bslaic\u012bg\u0101m augstas intensit\u0101tes slodz\u0113m<br data-start=\"2975\" data-end=\"2978\" \/>\u2714\ufe0f Piem\u0113rots iek\u013cau\u0161anai treni\u0146u re\u017e\u012bm\u0101<br data-start=\"3017\" data-end=\"3020\" \/>\u2714\ufe0f Piem\u0113rots ikdienas lieto\u0161anai<br data-start=\"3052\" data-end=\"3055\" \/>\u2714\ufe0f Bez \u0122MO<\/p>\n","protected":false},"featured_media":92044,"template":"","meta":[],"pwb-brand":[774],"product_brand":[],"product_cat":[768],"product_tag":[],"giftcard-category":[],"class_list":{"0":"post-42207","1":"product","2":"type-product","3":"status-publish","4":"has-post-thumbnail","6":"pwb-brand-life-extension","7":"product_cat-vitamini","9":"first","10":"instock","11":"taxable","12":"shipping-taxable","13":"purchasable","14":"product-type-simple"},"acf":[],"brands":[{"id":774,"name":"Life Extension","slug":"life-extension"}],"_links":{"self":[{"href":"https:\/\/skinstudio.ee\/lv\/wp-json\/wp\/v2\/product\/42207","targetHints":{"allow":["GET"]}}],"collection":[{"href":"https:\/\/skinstudio.ee\/lv\/wp-json\/wp\/v2\/product"}],"about":[{"href":"https:\/\/skinstudio.ee\/lv\/wp-json\/wp\/v2\/types\/product"}],"version-history":[{"count":2,"href":"https:\/\/skinstudio.ee\/lv\/wp-json\/wp\/v2\/product\/42207\/revisions"}],"predecessor-version":[{"id":87057,"href":"https:\/\/skinstudio.ee\/lv\/wp-json\/wp\/v2\/product\/42207\/revisions\/87057"}],"wp:featuredmedia":[{"embeddable":true,"href":"https:\/\/skinstudio.ee\/lv\/wp-json\/wp\/v2\/media\/92044"}],"wp:attachment":[{"href":"https:\/\/skinstudio.ee\/lv\/wp-json\/wp\/v2\/media?parent=42207"}],"wp:term":[{"taxonomy":"pwb-brand","embeddable":true,"href":"https:\/\/skinstudio.ee\/lv\/wp-json\/wp\/v2\/pwb-brand?post=42207"},{"taxonomy":"product_brand","embeddable":true,"href":"https:\/\/skinstudio.ee\/lv\/wp-json\/wp\/v2\/product_brand?post=42207"},{"taxonomy":"product_cat","embeddable":true,"href":"https:\/\/skinstudio.ee\/lv\/wp-json\/wp\/v2\/product_cat?post=42207"},{"taxonomy":"product_tag","embeddable":true,"href":"https:\/\/skinstudio.ee\/lv\/wp-json\/wp\/v2\/product_tag?post=42207"},{"taxonomy":"giftcard-category","embeddable":true,"href":"https:\/\/skinstudio.ee\/lv\/wp-json\/wp\/v2\/giftcard-category?post=42207"}],"curies":[{"name":"wp","href":"https:\/\/api.w.org\/{rel}","templated":true}]}}