{"id":42284,"date":"2025-08-08T11:58:54","date_gmt":"2025-08-08T11:58:54","guid":{"rendered":"https:\/\/skinstudio.ee\/?post_type=product&#038;p=42284"},"modified":"2025-12-30T17:05:12","modified_gmt":"2025-12-30T17:05:12","slug":"aqua-soothing-ampoule","status":"publish","type":"product","link":"https:\/\/skinstudio.ee\/lv\/catalog\/real-barrier\/aqua-soothing-ampoule\/","title":{"rendered":"Aqua Soothing Ampoule"},"content":{"rendered":"<p data-start=\"170\" data-end=\"505\">Real Barrier Aqua Soothing Ampoule ir izstr\u0101d\u0101ts intens\u012bvai \u0101das mitrin\u0101\u0161anai \u2013 tas nov\u0113r\u0161 dehidrat\u0101ciju, savilkuma saj\u016btu, sausumu un lob\u012b\u0161anos. Serums pies\u0101tina \u0101du ar mitrumu un pal\u012bdz to notur\u0113t epidermas \u0161\u016bn\u0101s. Regul\u0101ri lietojot, serums izl\u012bdzina \u0101das mikroreljefu, samazina smalk\u0101s krunci\u0146as un padara \u0101du tvirt\u0101ku un elast\u012bg\u0101ku.<\/p>\n<p data-start=\"507\" data-end=\"529\"><strong data-start=\"507\" data-end=\"519\">Tilpums:<\/strong> <strong data-start=\"520\" data-end=\"529\">30 ml<\/strong><\/p>\n","protected":false},"excerpt":{"rendered":"<p data-start=\"706\" data-end=\"754\">Mitrino\u0161s ampulas serums intens\u012bvai kop\u0161anai<\/p>\n<h2 data-start=\"756\" data-end=\"992\"><strong data-start=\"756\" data-end=\"803\">Real Barrier Aqua Soothing Ampoule \u012bpa\u0161\u012bbas<\/strong><\/h2>\n<p data-start=\"756\" data-end=\"992\">\u2714\ufe0f Nodro\u0161ina dzi\u013cu mitrin\u0101\u0161anu<br data-start=\"836\" data-end=\"839\" \/>\u2714\ufe0f Mazina savilkuma saj\u016btu<br data-start=\"865\" data-end=\"868\" \/>\u2714\ufe0f Izl\u012bdzina \u0101das mikroreljefu un smalk\u0101s krunci\u0146as<br data-start=\"919\" data-end=\"922\" \/>\u2714\ufe0f Uzlabo \u0101das tvirtumu un elast\u012bbu<br data-start=\"957\" data-end=\"960\" \/>\u2714\ufe0f Piem\u0113rots ikdienas lieto\u0161anai<\/p>\n","protected":false},"featured_media":42275,"template":"","meta":[],"pwb-brand":[713],"product_brand":[],"product_cat":[745,737,749,723],"product_tag":[],"giftcard-category":[],"class_list":{"0":"post-42284","1":"product","2":"type-product","3":"status-publish","4":"has-post-thumbnail","6":"pwb-brand-real-barrier","7":"product_cat-jutigai-adai","8":"product_cat-mitrinasana","9":"product_cat-novecojosa-ada","10":"product_cat-serumi","12":"first","13":"instock","14":"taxable","15":"shipping-taxable","16":"purchasable","17":"product-type-simple"},"acf":[],"brands":[{"id":713,"name":"Real Barrier","slug":"real-barrier"}],"_links":{"self":[{"href":"https:\/\/skinstudio.ee\/lv\/wp-json\/wp\/v2\/product\/42284","targetHints":{"allow":["GET"]}}],"collection":[{"href":"https:\/\/skinstudio.ee\/lv\/wp-json\/wp\/v2\/product"}],"about":[{"href":"https:\/\/skinstudio.ee\/lv\/wp-json\/wp\/v2\/types\/product"}],"version-history":[{"count":0,"href":"https:\/\/skinstudio.ee\/lv\/wp-json\/wp\/v2\/product\/42284\/revisions"}],"wp:featuredmedia":[{"embeddable":true,"href":"https:\/\/skinstudio.ee\/lv\/wp-json\/wp\/v2\/media\/42275"}],"wp:attachment":[{"href":"https:\/\/skinstudio.ee\/lv\/wp-json\/wp\/v2\/media?parent=42284"}],"wp:term":[{"taxonomy":"pwb-brand","embeddable":true,"href":"https:\/\/skinstudio.ee\/lv\/wp-json\/wp\/v2\/pwb-brand?post=42284"},{"taxonomy":"product_brand","embeddable":true,"href":"https:\/\/skinstudio.ee\/lv\/wp-json\/wp\/v2\/product_brand?post=42284"},{"taxonomy":"product_cat","embeddable":true,"href":"https:\/\/skinstudio.ee\/lv\/wp-json\/wp\/v2\/product_cat?post=42284"},{"taxonomy":"product_tag","embeddable":true,"href":"https:\/\/skinstudio.ee\/lv\/wp-json\/wp\/v2\/product_tag?post=42284"},{"taxonomy":"giftcard-category","embeddable":true,"href":"https:\/\/skinstudio.ee\/lv\/wp-json\/wp\/v2\/giftcard-category?post=42284"}],"curies":[{"name":"wp","href":"https:\/\/api.w.org\/{rel}","templated":true}]}}