{"id":42326,"date":"2025-08-07T12:43:08","date_gmt":"2025-08-07T12:43:08","guid":{"rendered":"https:\/\/skinstudio.ee\/?post_type=product&#038;p=42326"},"modified":"2025-12-24T12:25:55","modified_gmt":"2025-12-24T12:25:55","slug":"ac-control-body-wash","status":"publish","type":"product","link":"https:\/\/skinstudio.ee\/lv\/catalog\/dermab\/ac-control-body-wash\/","title":{"rendered":"AC Control Body Wash"},"content":{"rendered":"<p data-start=\"164\" data-end=\"482\"><strong>Derma:B AC Control Body Wash<\/strong> ir \u012bpa\u0161i izstr\u0101d\u0101ts problem\u0101tiskas \u0137erme\u0146a \u0101das kop\u0161anai. Formula ar salicilsk\u0101bi saudz\u012bgi noloba atmiru\u0161\u0101s \u0101das \u0161\u016bnas, att\u012bra poras un pal\u012bdz nov\u0113rst izsitumu veido\u0161anos. Akt\u012bv\u0101s sast\u0101vda\u013cas, tostarp n\u012bma, kurkumas un bakla\u017e\u0101na ekstrakti, nodro\u0161ina pretiekaisuma un nomierino\u0161u iedarb\u012bbu.<\/p>\n<p data-start=\"484\" data-end=\"831\">Pateicoties mentola un piparm\u0113tru \u0113terisko e\u013c\u013cu atsvaidzino\u0161ajai iedarb\u012bbai, du\u0161as \u017eeleja sniedz svaiguma saj\u016btu un mazina niezi un diskomfortu. Hialuronsk\u0101bes komplekss da\u017e\u0101d\u0101s form\u0101s nodro\u0161ina dzi\u013cu \u0101das mitrin\u0101\u0161anu un pal\u012bdz nov\u0113rst sausumu. Piem\u0113rots ikdienas lieto\u0161anai, \u012bpa\u0161i taukainai un uz akni tend\u0113tai \u0101dai uz muguras, kr\u016bt\u012bm un pleciem.<\/p>\n<p data-start=\"833\" data-end=\"856\"><strong data-start=\"833\" data-end=\"845\">Tilpums:<\/strong> <strong data-start=\"846\" data-end=\"856\">420 ml<\/strong><\/p>\n","protected":false},"excerpt":{"rendered":"<p data-start=\"1110\" data-end=\"1153\">Att\u012bro\u0161a \u0137erme\u0146a \u017eeleja ar salicilsk\u0101bi<\/p>\n<h2 data-start=\"1155\" data-end=\"1456\"><strong data-start=\"1155\" data-end=\"1196\">Derma:B &#8211; AC Control Body Wash \u012bpa\u0161\u012bbas<\/strong><\/h2>\n<p data-start=\"1155\" data-end=\"1456\">\u2714\ufe0f Maigi att\u012bra \u0101du, neboj\u0101jot lip\u012bdu barjeru<br data-start=\"1244\" data-end=\"1247\" \/>\u2714\ufe0f Pal\u012bdz samazin\u0101t iekaisumu un izsitumus uz \u0137erme\u0146a<br data-start=\"1300\" data-end=\"1303\" \/>\u2714\ufe0f Satur salicilsk\u0101bi lob\u012b\u0161anai un poru att\u012br\u012b\u0161anai<br data-start=\"1354\" data-end=\"1357\" \/>\u2714\ufe0f Nodro\u0161ina atsvaidzino\u0161u efektu ar mentolu un piparm\u0113tru<br data-start=\"1415\" data-end=\"1418\" \/>\u2714\ufe0f Nomierina \u0101du un mazina kairin\u0101jumu<\/p>\n","protected":false},"featured_media":65661,"template":"","meta":[],"pwb-brand":[783],"product_brand":[],"product_cat":[741,757],"product_tag":[],"giftcard-category":[],"class_list":{"0":"post-42326","1":"product","2":"type-product","3":"status-publish","4":"has-post-thumbnail","6":"pwb-brand-dermab","7":"product_cat-izsitumi","8":"product_cat-kermena-kopsana","10":"first","11":"instock","12":"taxable","13":"shipping-taxable","14":"purchasable","15":"product-type-simple"},"acf":[],"brands":[{"id":783,"name":"Derma:B","slug":"dermab"}],"_links":{"self":[{"href":"https:\/\/skinstudio.ee\/lv\/wp-json\/wp\/v2\/product\/42326","targetHints":{"allow":["GET"]}}],"collection":[{"href":"https:\/\/skinstudio.ee\/lv\/wp-json\/wp\/v2\/product"}],"about":[{"href":"https:\/\/skinstudio.ee\/lv\/wp-json\/wp\/v2\/types\/product"}],"version-history":[{"count":0,"href":"https:\/\/skinstudio.ee\/lv\/wp-json\/wp\/v2\/product\/42326\/revisions"}],"wp:featuredmedia":[{"embeddable":true,"href":"https:\/\/skinstudio.ee\/lv\/wp-json\/wp\/v2\/media\/65661"}],"wp:attachment":[{"href":"https:\/\/skinstudio.ee\/lv\/wp-json\/wp\/v2\/media?parent=42326"}],"wp:term":[{"taxonomy":"pwb-brand","embeddable":true,"href":"https:\/\/skinstudio.ee\/lv\/wp-json\/wp\/v2\/pwb-brand?post=42326"},{"taxonomy":"product_brand","embeddable":true,"href":"https:\/\/skinstudio.ee\/lv\/wp-json\/wp\/v2\/product_brand?post=42326"},{"taxonomy":"product_cat","embeddable":true,"href":"https:\/\/skinstudio.ee\/lv\/wp-json\/wp\/v2\/product_cat?post=42326"},{"taxonomy":"product_tag","embeddable":true,"href":"https:\/\/skinstudio.ee\/lv\/wp-json\/wp\/v2\/product_tag?post=42326"},{"taxonomy":"giftcard-category","embeddable":true,"href":"https:\/\/skinstudio.ee\/lv\/wp-json\/wp\/v2\/giftcard-category?post=42326"}],"curies":[{"name":"wp","href":"https:\/\/api.w.org\/{rel}","templated":true}]}}