{"id":42341,"date":"2025-08-07T12:55:15","date_gmt":"2025-08-07T12:55:15","guid":{"rendered":"https:\/\/skinstudio.ee\/?post_type=product&#038;p=42341"},"modified":"2026-01-22T15:03:24","modified_gmt":"2026-01-22T15:03:24","slug":"ultra-b2-recovery-cream","status":"publish","type":"product","link":"https:\/\/skinstudio.ee\/lv\/catalog\/ultraceuticals\/ultra-b2-recovery-cream\/","title":{"rendered":"Ultra B2 Recovery Cream"},"content":{"rendered":"<p data-start=\"174\" data-end=\"616\">Ide\u0101ls mitrino\u0161s atjaunojo\u0161s kr\u0113ms \u0101das kop\u0161anai p\u0113c proced\u016br\u0101m vai p\u0113c uztur\u0113\u0161an\u0101s saul\u0113. \u0160\u012b \u0101tras iedarb\u012bbas formula ar B\u00b2 tehnolo\u0123iju (B3 vitam\u012bns \u2013 niacinam\u012bds un provitam\u012bns B5 \u2013 pantenols) pal\u012bdz palielin\u0101t mitruma l\u012bmeni un nomierin\u0101t jut\u012bgu \u0101du. Bag\u0101tin\u0101ts ar bisabololu, alanto\u012bnu, Tasm\u0101nijas piparu ekstraktu un E vitam\u012bna fosf\u0101tiem \u2013 tas nodro\u0161ina atv\u0113sino\u0161u un nomierino\u0161u efektu, vienlaikus atbalstot \u0101das dabisko aizsargbarjeru.<\/p>\n<p data-start=\"618\" data-end=\"744\">Dermatolo\u0123iski test\u0113ts, piem\u0113rots jut\u012bgai \u0101dai. Oftalmolo\u0123iski test\u0113ts, piem\u0113rots jut\u012bg\u0101m ac\u012bm. Nekomedog\u0113ns. Bez smar\u017eviel\u0101m.<\/p>\n<p data-start=\"746\" data-end=\"768\"><strong data-start=\"746\" data-end=\"758\">Tilpums:<\/strong> <strong data-start=\"759\" data-end=\"768\">50 ml<\/strong><\/p>\n","protected":false},"excerpt":{"rendered":"<p data-start=\"1048\" data-end=\"1085\">Atjaunojo\u0161s kr\u0113ms ar B vitam\u012bniem<\/p>\n<h2 data-start=\"1087\" data-end=\"1383\"><strong data-start=\"1087\" data-end=\"1138\">Ultraceuticals Ultra B2 Recovery Cream \u012bpa\u0161\u012bbas<\/strong><\/h2>\n<p data-start=\"1087\" data-end=\"1383\">\u2714\ufe0f Nodro\u0161ina ilgsto\u0161u mitrin\u0101\u0161anu un nov\u0113r\u0161 mitruma zudumu<br data-start=\"1199\" data-end=\"1202\" \/>\u2714\ufe0f Atjauno boj\u0101tu \u0101das aizsargbarjeru<br data-start=\"1239\" data-end=\"1242\" \/>\u2714\ufe0f Satur B2 vitam\u012bnu un pantenolu \u0101das re\u0123ener\u0101cijas veicin\u0101\u0161anai<br data-start=\"1307\" data-end=\"1310\" \/>\u2714\ufe0f Nomierina kairin\u0101tu un jut\u012bgu \u0101du<br data-start=\"1346\" data-end=\"1349\" \/>\u2714\ufe0f Uzlabo \u0101das elast\u012bbu un gludumu<\/p>\n","protected":false},"featured_media":65823,"template":"","meta":[],"pwb-brand":[785],"product_brand":[],"product_cat":[745,737,749],"product_tag":[],"giftcard-category":[],"class_list":{"0":"post-42341","1":"product","2":"type-product","3":"status-publish","4":"has-post-thumbnail","6":"pwb-brand-ultraceuticals","7":"product_cat-jutiga-ada","8":"product_cat-mitrinasana","9":"product_cat-novecojosa-ada","11":"first","12":"instock","13":"taxable","14":"shipping-taxable","15":"purchasable","16":"product-type-simple"},"acf":[],"brands":[{"id":785,"name":"Ultraceuticals","slug":"ultraceuticals"}],"_links":{"self":[{"href":"https:\/\/skinstudio.ee\/lv\/wp-json\/wp\/v2\/product\/42341","targetHints":{"allow":["GET"]}}],"collection":[{"href":"https:\/\/skinstudio.ee\/lv\/wp-json\/wp\/v2\/product"}],"about":[{"href":"https:\/\/skinstudio.ee\/lv\/wp-json\/wp\/v2\/types\/product"}],"version-history":[{"count":0,"href":"https:\/\/skinstudio.ee\/lv\/wp-json\/wp\/v2\/product\/42341\/revisions"}],"wp:featuredmedia":[{"embeddable":true,"href":"https:\/\/skinstudio.ee\/lv\/wp-json\/wp\/v2\/media\/65823"}],"wp:attachment":[{"href":"https:\/\/skinstudio.ee\/lv\/wp-json\/wp\/v2\/media?parent=42341"}],"wp:term":[{"taxonomy":"pwb-brand","embeddable":true,"href":"https:\/\/skinstudio.ee\/lv\/wp-json\/wp\/v2\/pwb-brand?post=42341"},{"taxonomy":"product_brand","embeddable":true,"href":"https:\/\/skinstudio.ee\/lv\/wp-json\/wp\/v2\/product_brand?post=42341"},{"taxonomy":"product_cat","embeddable":true,"href":"https:\/\/skinstudio.ee\/lv\/wp-json\/wp\/v2\/product_cat?post=42341"},{"taxonomy":"product_tag","embeddable":true,"href":"https:\/\/skinstudio.ee\/lv\/wp-json\/wp\/v2\/product_tag?post=42341"},{"taxonomy":"giftcard-category","embeddable":true,"href":"https:\/\/skinstudio.ee\/lv\/wp-json\/wp\/v2\/giftcard-category?post=42341"}],"curies":[{"name":"wp","href":"https:\/\/api.w.org\/{rel}","templated":true}]}}