{"id":42356,"date":"2025-08-07T13:03:48","date_gmt":"2025-08-07T13:03:48","guid":{"rendered":"https:\/\/skinstudio.ee\/?post_type=product&#038;p=42356"},"modified":"2026-01-22T15:03:24","modified_gmt":"2026-01-22T15:03:24","slug":"ultra-b2-hydrating-eye-masks","status":"publish","type":"product","link":"https:\/\/skinstudio.ee\/lv\/catalog\/ultraceuticals\/ultra-b2-hydrating-eye-masks\/","title":{"rendered":"Ultra B2 Hydrating Eye Masks"},"content":{"rendered":"<p data-start=\"179\" data-end=\"500\">Iepaz\u012bstin\u0101m ar m\u016bsu hidrogelu acu mask\u0101m \u2013 \u0101trs risin\u0101jums, lai pastiprin\u0101tu dabisko \u0101das mirdzumu un samazin\u0101tu piet\u016bkuma paz\u012bmes. Formula ar hialuronsk\u0101bi (Sodium Hyaluronate) un pantenolu (Provitamin Hexapeptide-8) darbojas siner\u0123iski, nodro\u0161inot mitrin\u0101\u0161anu, nostiprin\u0101\u0161anu un atsvaidzin\u0101\u0161anu maigajai \u0101dai zem ac\u012bm.<\/p>\n<p data-start=\"502\" data-end=\"597\">Dermatolo\u0123iski test\u0113ts, piem\u0113rots jut\u012bgai \u0101dai. Oftalmolo\u0123iski test\u0113ts, piem\u0113rots jut\u012bg\u0101m ac\u012bm.<\/p>\n<p data-start=\"599\" data-end=\"623\"><strong data-start=\"599\" data-end=\"611\">Tilpums:<\/strong> <strong data-start=\"612\" data-end=\"623\">20 p\u0101ri<\/strong><\/p>\n","protected":false},"excerpt":{"rendered":"<p data-start=\"868\" data-end=\"909\">Mitrino\u0161as hidrogelu maskas acu zonai<\/p>\n<h2 data-start=\"911\" data-end=\"1164\"><strong data-start=\"911\" data-end=\"967\">Ultraceuticals Ultra B2 Hydrating Eye Masks \u012bpa\u0161\u012bbas<\/strong><\/h2>\n<p data-start=\"911\" data-end=\"1164\">\u2714\ufe0f Mitrina un atsvaidzina \u0101du ap ac\u012bm<br data-start=\"1007\" data-end=\"1010\" \/>\u2714\ufe0f Samazina piet\u016bkumu un noguruma paz\u012bmes<br data-start=\"1051\" data-end=\"1054\" \/>\u2714\ufe0f Nogludina un nostiprina maigo \u0101du<br data-start=\"1090\" data-end=\"1093\" \/>\u2714\ufe0f Palielina dabisko \u0101das mirdzumu<br data-start=\"1127\" data-end=\"1130\" \/>\u2714\ufe0f Piem\u0113rotas jut\u012bgai \u0101dai un ac\u012bm<\/p>\n","protected":false},"featured_media":65818,"template":"","meta":[],"pwb-brand":[785],"product_brand":[],"product_cat":[733,745,749],"product_tag":[],"giftcard-category":[],"class_list":{"0":"post-42356","1":"product","2":"type-product","3":"status-publish","4":"has-post-thumbnail","6":"pwb-brand-ultraceuticals","7":"product_cat-ada-ap-acim","8":"product_cat-jutigai-adai","9":"product_cat-novecojosa-ada","11":"first","12":"instock","13":"taxable","14":"shipping-taxable","15":"purchasable","16":"product-type-simple"},"acf":[],"brands":[{"id":785,"name":"Ultraceuticals","slug":"ultraceuticals"}],"_links":{"self":[{"href":"https:\/\/skinstudio.ee\/lv\/wp-json\/wp\/v2\/product\/42356","targetHints":{"allow":["GET"]}}],"collection":[{"href":"https:\/\/skinstudio.ee\/lv\/wp-json\/wp\/v2\/product"}],"about":[{"href":"https:\/\/skinstudio.ee\/lv\/wp-json\/wp\/v2\/types\/product"}],"version-history":[{"count":0,"href":"https:\/\/skinstudio.ee\/lv\/wp-json\/wp\/v2\/product\/42356\/revisions"}],"wp:featuredmedia":[{"embeddable":true,"href":"https:\/\/skinstudio.ee\/lv\/wp-json\/wp\/v2\/media\/65818"}],"wp:attachment":[{"href":"https:\/\/skinstudio.ee\/lv\/wp-json\/wp\/v2\/media?parent=42356"}],"wp:term":[{"taxonomy":"pwb-brand","embeddable":true,"href":"https:\/\/skinstudio.ee\/lv\/wp-json\/wp\/v2\/pwb-brand?post=42356"},{"taxonomy":"product_brand","embeddable":true,"href":"https:\/\/skinstudio.ee\/lv\/wp-json\/wp\/v2\/product_brand?post=42356"},{"taxonomy":"product_cat","embeddable":true,"href":"https:\/\/skinstudio.ee\/lv\/wp-json\/wp\/v2\/product_cat?post=42356"},{"taxonomy":"product_tag","embeddable":true,"href":"https:\/\/skinstudio.ee\/lv\/wp-json\/wp\/v2\/product_tag?post=42356"},{"taxonomy":"giftcard-category","embeddable":true,"href":"https:\/\/skinstudio.ee\/lv\/wp-json\/wp\/v2\/giftcard-category?post=42356"}],"curies":[{"name":"wp","href":"https:\/\/api.w.org\/{rel}","templated":true}]}}