{"id":42372,"date":"2025-08-07T13:31:28","date_gmt":"2025-08-07T13:31:28","guid":{"rendered":"https:\/\/skinstudio.ee\/?post_type=product&#038;p=42372"},"modified":"2026-02-19T10:17:28","modified_gmt":"2026-02-19T10:17:28","slug":"c-cleanser-foam","status":"publish","type":"product","link":"https:\/\/skinstudio.ee\/lv\/catalog\/noon-aesthetics\/c-cleanser-foam\/","title":{"rendered":"C-Cleanser Foam"},"content":{"rendered":"<p data-start=\"167\" data-end=\"570\"><strong data-start=\"167\" data-end=\"186\">C-Cleanser Foam<\/strong> ir dzi\u013ci att\u012bro\u0161a formula, kas efekt\u012bvi no\u0146em lieko sebumu un net\u012brumus no \u0101das, vienlaikus pal\u012bdzot att\u012br\u012bt virspus\u0113jos toks\u012bnus. P\u0113c lieto\u0161anas \u0101da k\u013c\u016bst t\u012bra, maiga, svaiga un elast\u012bga. Piem\u0113rota regul\u0101rai lieto\u0161anai visiem \u0101das tipiem r\u012bta un vakara kop\u0161anas rut\u012bn\u0101, nodro\u0161inot \u0101das sagatavo\u0161anu n\u0101kamajiem kop\u0161anas so\u013ciem.<br data-start=\"514\" data-end=\"517\" \/><strong data-start=\"517\" data-end=\"533\">pH: 4,5\u20136,5.<\/strong> Nesatur n\u0101trija laurilsulf\u0101tu (SLS).<\/p>\n<p data-start=\"572\" data-end=\"594\"><strong data-start=\"572\" data-end=\"584\">Tilpums:<\/strong> 30 ml \/ 90 ml<\/p>\n","protected":false},"excerpt":{"rendered":"<p data-start=\"809\" data-end=\"852\">Att\u012bro\u0161as putas ar detoksik\u0113jo\u0161u efektu<\/p>\n<h2 data-start=\"854\" data-end=\"1109\"><strong data-start=\"854\" data-end=\"898\">\u012bpa\u0161\u012bbas <\/strong><strong data-start=\"854\" data-end=\"898\">NOON Aesthetics &#8211; C-Cleanser Foam<\/strong><\/h2>\n<p data-start=\"854\" data-end=\"1109\">\u2714\ufe0f Efekt\u012bvi no\u0146em sebumu, net\u012brumus un kosm\u0113tiku<br data-start=\"949\" data-end=\"952\" \/>\u2714\ufe0f Sagatavo \u0101du turpm\u0101kajai kop\u0161anai<br data-start=\"988\" data-end=\"991\" \/>\u2714\ufe0f Uztur optim\u0101lu \u0101das pH l\u012bmeni<br data-start=\"1023\" data-end=\"1026\" \/>\u2714\ufe0f Padara \u0101du maigu un svaigu<br data-start=\"1055\" data-end=\"1058\" \/>\u2714\ufe0f Piem\u0113rots ikdienas lieto\u0161anai visiem \u0101das tipiem<\/p>\n","protected":false},"featured_media":66571,"template":"","meta":[],"pwb-brand":[790],"product_brand":[],"product_cat":[715,1149,749,753],"product_tag":[],"giftcard-category":[],"class_list":{"0":"post-42372","1":"product","2":"type-product","3":"status-publish","4":"has-post-thumbnail","6":"pwb-brand-noon-aesthetics","7":"product_cat-attirisana","8":"product_cat-noon-aesthetics-lv","9":"product_cat-novecojosa-ada","10":"product_cat-travel-size-lv","11":"pa_suurus-30-ml-lv","12":"pa_suurus-90-ml-lv","14":"first","15":"instock","16":"taxable","17":"shipping-taxable","18":"purchasable","19":"product-type-variable"},"acf":[],"brands":[{"id":790,"name":"NOON Aesthetics","slug":"noon-aesthetics"}],"_links":{"self":[{"href":"https:\/\/skinstudio.ee\/lv\/wp-json\/wp\/v2\/product\/42372","targetHints":{"allow":["GET"]}}],"collection":[{"href":"https:\/\/skinstudio.ee\/lv\/wp-json\/wp\/v2\/product"}],"about":[{"href":"https:\/\/skinstudio.ee\/lv\/wp-json\/wp\/v2\/types\/product"}],"version-history":[{"count":1,"href":"https:\/\/skinstudio.ee\/lv\/wp-json\/wp\/v2\/product\/42372\/revisions"}],"predecessor-version":[{"id":80721,"href":"https:\/\/skinstudio.ee\/lv\/wp-json\/wp\/v2\/product\/42372\/revisions\/80721"}],"wp:featuredmedia":[{"embeddable":true,"href":"https:\/\/skinstudio.ee\/lv\/wp-json\/wp\/v2\/media\/66571"}],"wp:attachment":[{"href":"https:\/\/skinstudio.ee\/lv\/wp-json\/wp\/v2\/media?parent=42372"}],"wp:term":[{"taxonomy":"pwb-brand","embeddable":true,"href":"https:\/\/skinstudio.ee\/lv\/wp-json\/wp\/v2\/pwb-brand?post=42372"},{"taxonomy":"product_brand","embeddable":true,"href":"https:\/\/skinstudio.ee\/lv\/wp-json\/wp\/v2\/product_brand?post=42372"},{"taxonomy":"product_cat","embeddable":true,"href":"https:\/\/skinstudio.ee\/lv\/wp-json\/wp\/v2\/product_cat?post=42372"},{"taxonomy":"product_tag","embeddable":true,"href":"https:\/\/skinstudio.ee\/lv\/wp-json\/wp\/v2\/product_tag?post=42372"},{"taxonomy":"giftcard-category","embeddable":true,"href":"https:\/\/skinstudio.ee\/lv\/wp-json\/wp\/v2\/giftcard-category?post=42372"}],"curies":[{"name":"wp","href":"https:\/\/api.w.org\/{rel}","templated":true}]}}