{"id":42388,"date":"2025-08-07T13:45:05","date_gmt":"2025-08-07T13:45:05","guid":{"rendered":"https:\/\/skinstudio.ee\/?post_type=product&#038;p=42388"},"modified":"2026-02-14T11:14:55","modified_gmt":"2026-02-14T11:14:55","slug":"micro-soft-cleanser","status":"publish","type":"product","link":"https:\/\/skinstudio.ee\/lv\/catalog\/noon-aesthetics\/micro-soft-cleanser\/","title":{"rendered":"Micro-Soft Cleanser"},"content":{"rendered":"<p data-start=\"171\" data-end=\"406\"><strong data-start=\"171\" data-end=\"194\">Micro-Soft Cleanser<\/strong> ir \u012bpa\u0161i maigs att\u012bro\u0161s l\u012bdzeklis, kas izstr\u0101d\u0101ts sausas \u0101das aizsardz\u012bbai. Tas nesatur SLS un visp\u0101r neveido putas. Produkts ir rad\u012bts, lai saglab\u0101tu \u0101das dab\u012bgos lip\u012bdus, vienlaikus efekt\u012bvi no\u0146emot net\u012brumus.<\/p>\n<p data-start=\"408\" data-end=\"723\">T\u012br\u012b\u0161anas l\u012bdzek\u013ca pamat\u0101 ir unik\u0101la, krist\u0101ldzidra mikroemulsija, kur\u0101 \u016bdens un e\u013c\u013ca apvienoti vien\u0101 f\u0101z\u0113. T\u0101 viegli noskalojas, neatst\u0101jot taukainus atlikumus, un nodro\u0161ina \u012bpa\u0161i maigu saj\u016btu uz \u0101das. Pateicoties savai progres\u012bvajai formulai, lieliski no\u0146em ar\u012b notur\u012bgo kosm\u0113tiku un ir dro\u0161s lieto\u0161anai acu zon\u0101.<\/p>\n<p data-start=\"725\" data-end=\"748\"><strong data-start=\"725\" data-end=\"737\">Tilpums:<\/strong> 15 ml \/ 150 ml<\/p>\n<p data-start=\"750\" data-end=\"807\" data-is-last-node=\"\" data-is-only-node=\"\">\n","protected":false},"excerpt":{"rendered":"<p data-start=\"1123\" data-end=\"1167\">\u012apa\u0161i maigs att\u012bro\u0161s l\u012bdzeklis bez put\u0101m<\/p>\n<h2 data-start=\"1169\" data-end=\"1450\"><strong data-start=\"1169\" data-end=\"1217\">\u012bpa\u0161\u012bbas <\/strong><strong data-start=\"1169\" data-end=\"1217\">NOON Aesthetics &#8211; Micro-Soft Cleanser<\/strong><\/h2>\n<p data-start=\"1169\" data-end=\"1450\">\u2714\ufe0f Saudz\u012bgi att\u012bra \u0101du, nesaboj\u0101jot lip\u012bdu barjeru<br data-start=\"1270\" data-end=\"1273\" \/>\u2714\ufe0f Nesatur SLS un neveido putas<br data-start=\"1304\" data-end=\"1307\" \/>\u2714\ufe0f Efekt\u012bvi no\u0146em notur\u012bgu kosm\u0113tiku<br data-start=\"1343\" data-end=\"1346\" \/>\u2714\ufe0f Neatst\u0101j taukainu pl\u0113v\u012bti un nerada savilkuma saj\u016btu<br data-start=\"1401\" data-end=\"1404\" \/>\u2714\ufe0f Piem\u0113rots sausai, jut\u012bgai \u0101dai un acu zonai<\/p>\n","protected":false},"featured_media":66566,"template":"","meta":[],"pwb-brand":[790],"product_brand":[],"product_cat":[715,745,1149,739,753],"product_tag":[],"giftcard-category":[],"class_list":{"0":"post-42388","1":"product","2":"type-product","3":"status-publish","4":"has-post-thumbnail","6":"pwb-brand-noon-aesthetics","7":"product_cat-attirisana","8":"product_cat-jutigai-adai","9":"product_cat-noon-aesthetics-lv","10":"product_cat-sausai-adai","11":"product_cat-travel-size-lv","12":"pa_suurus-15-ml-lv","13":"pa_suurus-150-ml-lv","15":"first","16":"instock","17":"taxable","18":"shipping-taxable","19":"purchasable","20":"product-type-variable"},"acf":[],"brands":[{"id":790,"name":"NOON Aesthetics","slug":"noon-aesthetics"}],"_links":{"self":[{"href":"https:\/\/skinstudio.ee\/lv\/wp-json\/wp\/v2\/product\/42388","targetHints":{"allow":["GET"]}}],"collection":[{"href":"https:\/\/skinstudio.ee\/lv\/wp-json\/wp\/v2\/product"}],"about":[{"href":"https:\/\/skinstudio.ee\/lv\/wp-json\/wp\/v2\/types\/product"}],"version-history":[{"count":1,"href":"https:\/\/skinstudio.ee\/lv\/wp-json\/wp\/v2\/product\/42388\/revisions"}],"predecessor-version":[{"id":80742,"href":"https:\/\/skinstudio.ee\/lv\/wp-json\/wp\/v2\/product\/42388\/revisions\/80742"}],"wp:featuredmedia":[{"embeddable":true,"href":"https:\/\/skinstudio.ee\/lv\/wp-json\/wp\/v2\/media\/66566"}],"wp:attachment":[{"href":"https:\/\/skinstudio.ee\/lv\/wp-json\/wp\/v2\/media?parent=42388"}],"wp:term":[{"taxonomy":"pwb-brand","embeddable":true,"href":"https:\/\/skinstudio.ee\/lv\/wp-json\/wp\/v2\/pwb-brand?post=42388"},{"taxonomy":"product_brand","embeddable":true,"href":"https:\/\/skinstudio.ee\/lv\/wp-json\/wp\/v2\/product_brand?post=42388"},{"taxonomy":"product_cat","embeddable":true,"href":"https:\/\/skinstudio.ee\/lv\/wp-json\/wp\/v2\/product_cat?post=42388"},{"taxonomy":"product_tag","embeddable":true,"href":"https:\/\/skinstudio.ee\/lv\/wp-json\/wp\/v2\/product_tag?post=42388"},{"taxonomy":"giftcard-category","embeddable":true,"href":"https:\/\/skinstudio.ee\/lv\/wp-json\/wp\/v2\/giftcard-category?post=42388"}],"curies":[{"name":"wp","href":"https:\/\/api.w.org\/{rel}","templated":true}]}}