{"id":42399,"date":"2025-08-07T13:57:38","date_gmt":"2025-08-07T13:57:38","guid":{"rendered":"https:\/\/skinstudio.ee\/?post_type=product&#038;p=42399"},"modified":"2025-12-30T17:05:08","modified_gmt":"2025-12-30T17:05:08","slug":"cosmoclear-purifying-cleanser","status":"publish","type":"product","link":"https:\/\/skinstudio.ee\/lv\/catalog\/noon-aesthetics\/cosmoclear-purifying-cleanser\/","title":{"rendered":"CosmoClear Purifying Cleanser"},"content":{"rendered":"<p data-start=\"181\" data-end=\"517\"><strong data-start=\"181\" data-end=\"195\">CosmoClear<\/strong> ir att\u012bro\u0161s gels ar AHA un BHA sk\u0101b\u0113m, kas paredz\u0113ts dzi\u013cai att\u012br\u012b\u0161anai un detoksik\u0101cijai taukainai un problem\u0101tiskai \u0101dai. Formula ar pH l\u012bmeni 4.0 pastiprina sk\u0101bju iedarb\u012bbu, nodro\u0161inot intens\u012bvu att\u012br\u012b\u0161anas efektu. Gelam ir lieliskas attauko\u0161anas \u012bpa\u0161\u012bbas, tas efekt\u012bvi likvid\u0113 net\u012brumus un atst\u0101j \u0101du dzi\u013ci att\u012br\u012btu.<\/p>\n<p data-start=\"519\" data-end=\"734\">Taj\u0101 pa\u0161\u0101 laik\u0101 mitrino\u0161o komponentu komplekss nov\u0113r\u0161 sausumu un pal\u012bdz uztur\u0113t optim\u0101lu mitruma l\u012bmeni. Patent\u0113tais <strong data-start=\"636\" data-end=\"651\">DermShield\u2122<\/strong> komplekss \u013cauj izmantot augstu sk\u0101bju koncentr\u0101ciju bez tipisk\u0101 kairin\u0101juma riska.<\/p>\n<p data-start=\"736\" data-end=\"759\"><strong data-start=\"736\" data-end=\"748\">Tilpums:<\/strong> <strong data-start=\"749\" data-end=\"759\">150 ml<\/strong><\/p>\n","protected":false},"excerpt":{"rendered":"<p data-start=\"952\" data-end=\"979\">Att\u012bro\u0161s gels ar sk\u0101b\u0113m<\/p>\n<h2 data-start=\"981\" data-end=\"1266\"><strong data-start=\"981\" data-end=\"1039\">NOON Aesthetics CosmoClear Purifying Cleanser \u012bpa\u0161\u012bbas<\/strong><\/h2>\n<p data-start=\"981\" data-end=\"1266\">\u2714\ufe0f Normaliz\u0113 sebuma izdal\u012b\u0161anos<br data-start=\"1073\" data-end=\"1076\" \/>\u2714\ufe0f Uzlabo \u0101das tekst\u016bru un toni<br data-start=\"1107\" data-end=\"1110\" \/>\u2714\ufe0f Att\u012bra poras un pal\u012bdz t\u0101s sa\u0161aurin\u0101t<br data-start=\"1150\" data-end=\"1153\" \/>\u2714\ufe0f Uztur \u0101das t\u012br\u012bbu, neizraisot sausumu<br data-start=\"1193\" data-end=\"1196\" \/>\u2714\ufe0f Piem\u0113rots ikdienas kop\u0161anai taukainai un iekaisumiem pak\u013cautai \u0101dai<\/p>\n","protected":false},"featured_media":66561,"template":"","meta":[],"pwb-brand":[790],"product_brand":[],"product_cat":[715,741,745,1149,747],"product_tag":[],"giftcard-category":[],"class_list":{"0":"post-42399","1":"product","2":"type-product","3":"status-publish","4":"has-post-thumbnail","6":"pwb-brand-noon-aesthetics","7":"product_cat-attirisana","8":"product_cat-izsitumi","9":"product_cat-jutigai-adai","10":"product_cat-noon-aesthetics-lv","11":"product_cat-taukainai-adai","13":"first","14":"instock","15":"taxable","16":"shipping-taxable","17":"purchasable","18":"product-type-simple"},"acf":[],"brands":[{"id":790,"name":"NOON Aesthetics","slug":"noon-aesthetics"}],"_links":{"self":[{"href":"https:\/\/skinstudio.ee\/lv\/wp-json\/wp\/v2\/product\/42399","targetHints":{"allow":["GET"]}}],"collection":[{"href":"https:\/\/skinstudio.ee\/lv\/wp-json\/wp\/v2\/product"}],"about":[{"href":"https:\/\/skinstudio.ee\/lv\/wp-json\/wp\/v2\/types\/product"}],"version-history":[{"count":0,"href":"https:\/\/skinstudio.ee\/lv\/wp-json\/wp\/v2\/product\/42399\/revisions"}],"wp:featuredmedia":[{"embeddable":true,"href":"https:\/\/skinstudio.ee\/lv\/wp-json\/wp\/v2\/media\/66561"}],"wp:attachment":[{"href":"https:\/\/skinstudio.ee\/lv\/wp-json\/wp\/v2\/media?parent=42399"}],"wp:term":[{"taxonomy":"pwb-brand","embeddable":true,"href":"https:\/\/skinstudio.ee\/lv\/wp-json\/wp\/v2\/pwb-brand?post=42399"},{"taxonomy":"product_brand","embeddable":true,"href":"https:\/\/skinstudio.ee\/lv\/wp-json\/wp\/v2\/product_brand?post=42399"},{"taxonomy":"product_cat","embeddable":true,"href":"https:\/\/skinstudio.ee\/lv\/wp-json\/wp\/v2\/product_cat?post=42399"},{"taxonomy":"product_tag","embeddable":true,"href":"https:\/\/skinstudio.ee\/lv\/wp-json\/wp\/v2\/product_tag?post=42399"},{"taxonomy":"giftcard-category","embeddable":true,"href":"https:\/\/skinstudio.ee\/lv\/wp-json\/wp\/v2\/giftcard-category?post=42399"}],"curies":[{"name":"wp","href":"https:\/\/api.w.org\/{rel}","templated":true}]}}