{"id":42421,"date":"2025-08-07T14:07:22","date_gmt":"2025-08-07T14:07:22","guid":{"rendered":"https:\/\/skinstudio.ee\/?post_type=product&#038;p=42421"},"modified":"2026-02-19T10:16:30","modified_gmt":"2026-02-19T10:16:30","slug":"igloo-moist-24-7","status":"publish","type":"product","link":"https:\/\/skinstudio.ee\/lv\/catalog\/noon-aesthetics\/igloo-moist-24-7\/","title":{"rendered":"Igloo Moist 24\/7"},"content":{"rendered":"<p data-start=\"168\" data-end=\"435\">M\u012bkstino\u0161s un atv\u0113sino\u0161s mitrino\u0161s l\u012bdzeklis, kas satur dab\u012bgu mitrin\u0101t\u0101ju un hialuronsk\u0101bi. Pateicoties arnikas ekstraktam, produkts nomierina \u0101du, aizkav\u0113 noveco\u0161an\u0101s paz\u012bmju ra\u0161anos, uzlabo elast\u012bbu un bl\u012bvumu, k\u0101 ar\u012b nom\u0101c mikroiekaisumu Tetrapept\u012bda-7 iedarb\u012bb\u0101.<\/p>\n<p data-start=\"437\" data-end=\"607\">Satur visu neaizst\u0101jamo aminosk\u0101bju komplektu, daudz vitam\u012bnu un miner\u0101lvielu no spirul\u012bnas, k\u0101 ar\u012b antioksidantus no greipfr\u016bta ekstrakta. Piem\u0113rots vis\u0101m vecuma grup\u0101m.<\/p>\n<p data-start=\"609\" data-end=\"844\"><strong data-start=\"609\" data-end=\"629\">Igloo Moist 24\/7<\/strong> ir lieliski piem\u0113rots regul\u0101rai lieto\u0161anai k\u0101 mitrino\u0161s un barojo\u0161s kr\u0113ms. Efekt\u012bvi samazina jut\u012bgumu p\u0113c intens\u012bv\u0101m kosm\u0113tiskaj\u0101m proced\u016br\u0101m un atbalsta \u0101du infekciju laik\u0101, piem\u0113ram, aknes vai seborejas gad\u012bjum\u0101.<\/p>\n<p data-start=\"846\" data-end=\"867\"><strong data-start=\"846\" data-end=\"858\">Tilpums:<\/strong> 15 ml \/ 50 g<\/p>\n","protected":false},"excerpt":{"rendered":"<p data-start=\"986\" data-end=\"1036\">Intens\u012bvs mitrino\u0161s kr\u0113ms ar atv\u0113sino\u0161u efektu<\/p>\n<h2 data-start=\"1038\" data-end=\"1338\"><strong data-start=\"1038\" data-end=\"1083\">\u012bpa\u0161\u012bbas <\/strong><strong data-start=\"1038\" data-end=\"1083\">NOON Aesthetics &#8211; Igloo Moist 24\/7<\/strong><\/h2>\n<p data-start=\"1038\" data-end=\"1338\">\u2714\ufe0f Nodro\u0161ina ilgsto\u0161u mitrin\u0101\u0161anu l\u012bdz 24 stund\u0101m<br data-start=\"1135\" data-end=\"1138\" \/>\u2714\ufe0f Sp\u0113c\u012bgi atv\u0113sina un nomierina \u0101du<br data-start=\"1174\" data-end=\"1177\" \/>\u2714\ufe0f Uzlabo \u0101das elast\u012bbu un samazina jut\u012bgumu<br data-start=\"1221\" data-end=\"1224\" \/>\u2714\ufe0f Nostiprina \u0101das aizsargbarjeru un nov\u0113r\u0161 mitruma zudumu<br data-start=\"1282\" data-end=\"1285\" \/>\u2714\ufe0f Piem\u0113rots visiem \u0101das tipiem, tostarp jut\u012bgai \u0101dai<\/p>\n","protected":false},"featured_media":66556,"template":"","meta":[],"pwb-brand":[790],"product_brand":[],"product_cat":[741,745,737,1149,749,753],"product_tag":[],"giftcard-category":[],"class_list":{"0":"post-42421","1":"product","2":"type-product","3":"status-publish","4":"has-post-thumbnail","6":"pwb-brand-noon-aesthetics","7":"product_cat-izsitumi","8":"product_cat-jutigai-adai","9":"product_cat-mitrinasana","10":"product_cat-noon-aesthetics-lv","11":"product_cat-novecojosa-ada","12":"product_cat-travel-size-lv","13":"pa_suurus-15-ml-lv","14":"pa_suurus-50-g-lv","16":"first","17":"instock","18":"taxable","19":"shipping-taxable","20":"purchasable","21":"product-type-variable"},"acf":[],"brands":[{"id":790,"name":"NOON Aesthetics","slug":"noon-aesthetics"}],"_links":{"self":[{"href":"https:\/\/skinstudio.ee\/lv\/wp-json\/wp\/v2\/product\/42421","targetHints":{"allow":["GET"]}}],"collection":[{"href":"https:\/\/skinstudio.ee\/lv\/wp-json\/wp\/v2\/product"}],"about":[{"href":"https:\/\/skinstudio.ee\/lv\/wp-json\/wp\/v2\/types\/product"}],"version-history":[{"count":1,"href":"https:\/\/skinstudio.ee\/lv\/wp-json\/wp\/v2\/product\/42421\/revisions"}],"predecessor-version":[{"id":80765,"href":"https:\/\/skinstudio.ee\/lv\/wp-json\/wp\/v2\/product\/42421\/revisions\/80765"}],"wp:featuredmedia":[{"embeddable":true,"href":"https:\/\/skinstudio.ee\/lv\/wp-json\/wp\/v2\/media\/66556"}],"wp:attachment":[{"href":"https:\/\/skinstudio.ee\/lv\/wp-json\/wp\/v2\/media?parent=42421"}],"wp:term":[{"taxonomy":"pwb-brand","embeddable":true,"href":"https:\/\/skinstudio.ee\/lv\/wp-json\/wp\/v2\/pwb-brand?post=42421"},{"taxonomy":"product_brand","embeddable":true,"href":"https:\/\/skinstudio.ee\/lv\/wp-json\/wp\/v2\/product_brand?post=42421"},{"taxonomy":"product_cat","embeddable":true,"href":"https:\/\/skinstudio.ee\/lv\/wp-json\/wp\/v2\/product_cat?post=42421"},{"taxonomy":"product_tag","embeddable":true,"href":"https:\/\/skinstudio.ee\/lv\/wp-json\/wp\/v2\/product_tag?post=42421"},{"taxonomy":"giftcard-category","embeddable":true,"href":"https:\/\/skinstudio.ee\/lv\/wp-json\/wp\/v2\/giftcard-category?post=42421"}],"curies":[{"name":"wp","href":"https:\/\/api.w.org\/{rel}","templated":true}]}}