{"id":42446,"date":"2025-08-07T14:44:39","date_gmt":"2025-08-07T14:44:39","guid":{"rendered":"https:\/\/skinstudio.ee\/?post_type=product&#038;p=42446"},"modified":"2025-12-30T17:05:08","modified_gmt":"2025-12-30T17:05:08","slug":"brush-go-spf-50","status":"publish","type":"product","link":"https:\/\/skinstudio.ee\/lv\/catalog\/noon-aesthetics\/brush-go-spf-50\/","title":{"rendered":"Brush &#038; Go &#8211; SPF 50"},"content":{"rendered":"<p data-start=\"111\" data-end=\"486\"><strong data-start=\"111\" data-end=\"174\">Vai mekl\u0113jat \u0101tru, \u0113rtu un efekt\u012bvu aizsardz\u012bbu pret sauli?<\/strong><br data-start=\"174\" data-end=\"177\" \/>Iepaz\u012bstieties ar <strong data-start=\"195\" data-end=\"217\">Brush &amp; Go &#8211; SPF 50<\/strong> \u2013 ide\u0101ls risin\u0101jums fotonoveco\u0161an\u0101s profilaksei. \u0112rtais birstes form\u0101ts \u013cauj atjaunot aizsardz\u012bbu jebkur\u0101 laik\u0101 un viet\u0101 \u2013 \u012bpa\u0161i svar\u012bgi \u0101dai ar noslieci uz hiperpigment\u0101ciju un vecuma izmai\u0146\u0101m.<br data-start=\"412\" data-end=\"415\" \/>Uzkl\u0101t SPF v\u0113l nekad nav bijis tik vienk\u0101r\u0161i\u2026 vienk\u0101r\u0161i <strong data-start=\"471\" data-end=\"486\">Brush &amp; Go!<\/strong><\/p>\n<p data-start=\"488\" data-end=\"509\"><strong data-start=\"488\" data-end=\"509\">Tilpums: 2 x 5 ml<\/strong><\/p>\n","protected":false},"excerpt":{"rendered":"<p data-start=\"766\" data-end=\"796\">Miner\u0101lu p\u016bderis ar SPF 50<\/p>\n<h2 data-start=\"798\" data-end=\"1177\"><strong data-start=\"798\" data-end=\"848\">NOON Aesthetics Brush &amp; Go &#8211; SPF 50<\/strong><strong data-start=\"798\" data-end=\"848\">\u00a0\u012bpa\u0161\u012bbas <\/strong><\/h2>\n<p data-start=\"798\" data-end=\"1177\">\u2714\ufe0f Piem\u0113rots pat jut\u012bgai \u0101dai \u2013 satur hipoaler\u0123iskas sast\u0101vda\u013cas<br data-start=\"915\" data-end=\"918\" \/>\u2714\ufe0f Blo\u0137\u0113 un atstaro UV starus ar \u201cmikrospogu\u013ciem\u201d<br data-start=\"967\" data-end=\"970\" \/>\u2714\ufe0f Nodro\u0161ina lielisku sader\u012bbu ar \u0101du, pateicoties kapsul\u0113tajiem filtriem<br data-start=\"1043\" data-end=\"1046\" \/>\u2714\ufe0f Satur antibakteri\u0101las sast\u0101vda\u013cas \u2013 ide\u0101li taukainai un problem\u0101tiskai \u0101dai<br data-start=\"1124\" data-end=\"1127\" \/>\u2714\ufe0f Divi univers\u0101li to\u0146i, kas piel\u0101gojas \u0101das tonim<\/p>\n","protected":false},"featured_media":72974,"template":"","meta":[],"pwb-brand":[790],"product_brand":[],"product_cat":[745,1149,749,751,731,747],"product_tag":[],"giftcard-category":[],"class_list":{"0":"post-42446","1":"product","2":"type-product","3":"status-publish","4":"has-post-thumbnail","6":"pwb-brand-noon-aesthetics","7":"product_cat-jutigai-adai","8":"product_cat-noon-aesthetics-lv","9":"product_cat-novecojosa-ada","10":"product_cat-pigmentacija-lv","11":"product_cat-spf-aizsardziba","12":"product_cat-taukainai-adai","13":"pa_suurus-hele-01-lv","14":"pa_suurus-tume-02-lv","16":"first","17":"instock","18":"taxable","19":"shipping-taxable","20":"purchasable","21":"product-type-variable"},"acf":[],"brands":[{"id":790,"name":"NOON Aesthetics","slug":"noon-aesthetics"}],"_links":{"self":[{"href":"https:\/\/skinstudio.ee\/lv\/wp-json\/wp\/v2\/product\/42446","targetHints":{"allow":["GET"]}}],"collection":[{"href":"https:\/\/skinstudio.ee\/lv\/wp-json\/wp\/v2\/product"}],"about":[{"href":"https:\/\/skinstudio.ee\/lv\/wp-json\/wp\/v2\/types\/product"}],"version-history":[{"count":0,"href":"https:\/\/skinstudio.ee\/lv\/wp-json\/wp\/v2\/product\/42446\/revisions"}],"wp:featuredmedia":[{"embeddable":true,"href":"https:\/\/skinstudio.ee\/lv\/wp-json\/wp\/v2\/media\/72974"}],"wp:attachment":[{"href":"https:\/\/skinstudio.ee\/lv\/wp-json\/wp\/v2\/media?parent=42446"}],"wp:term":[{"taxonomy":"pwb-brand","embeddable":true,"href":"https:\/\/skinstudio.ee\/lv\/wp-json\/wp\/v2\/pwb-brand?post=42446"},{"taxonomy":"product_brand","embeddable":true,"href":"https:\/\/skinstudio.ee\/lv\/wp-json\/wp\/v2\/product_brand?post=42446"},{"taxonomy":"product_cat","embeddable":true,"href":"https:\/\/skinstudio.ee\/lv\/wp-json\/wp\/v2\/product_cat?post=42446"},{"taxonomy":"product_tag","embeddable":true,"href":"https:\/\/skinstudio.ee\/lv\/wp-json\/wp\/v2\/product_tag?post=42446"},{"taxonomy":"giftcard-category","embeddable":true,"href":"https:\/\/skinstudio.ee\/lv\/wp-json\/wp\/v2\/giftcard-category?post=42446"}],"curies":[{"name":"wp","href":"https:\/\/api.w.org\/{rel}","templated":true}]}}