{"id":42476,"date":"2025-08-07T14:57:16","date_gmt":"2025-08-07T14:57:16","guid":{"rendered":"https:\/\/skinstudio.ee\/?post_type=product&#038;p=42476"},"modified":"2025-12-30T17:05:08","modified_gmt":"2025-12-30T17:05:08","slug":"refill-pack-for-brush-go","status":"publish","type":"product","link":"https:\/\/skinstudio.ee\/lv\/catalog\/noon-aesthetics\/refill-pack-for-brush-go\/","title":{"rendered":"Refill Pack For Brush &#038; Go"},"content":{"rendered":"<p data-start=\"147\" data-end=\"825\">Komplekts ietver p\u016bderi, kas piem\u0113rots visiem \u0101das tipiem. Neatkar\u012bgi no t\u0101, vai j\u016bsu \u0101da ir sausa, taukaina, kombin\u0113ta vai jut\u012bga \u2014 \u0161is p\u016bderis ir izstr\u0101d\u0101ts k\u0101 univers\u0101ls risin\u0101jums da\u017e\u0101d\u0101m \u0101das vajadz\u012bb\u0101m. Papildin\u0101\u0161anas komplekts \u013cauj \u0113rti nomain\u012bt tuk\u0161u k\u0101rtrid\u017eu j\u016bsu eso\u0161aj\u0101 Noon Aesthetics Brush &amp; Go SPF 50 ier\u012bc\u0113. Tas ir \u0113rts veids, k\u0101 turpin\u0101t produkta lieto\u0161anu, nep\u0113rkot jaunu iepakojumu. Pudel\u012btes ir kompakti iepakotas, t\u0101p\u0113c t\u0101s ir viegli uzglab\u0101t un pa\u0146emt l\u012bdzi. Komplekt\u0101 ir 3 pudel\u012btes bez oti\u0146as, jo jums t\u0101 jau ir. Ekonomisks un \u013coti \u0113rts risin\u0101jums. Lieliski piem\u0113rots tiem, kas vienm\u0113r ir kust\u012bb\u0101 un v\u0113las saglab\u0101t \u0101das kop\u0161anu un aizsardz\u012bbu pret sauli.<\/p>\n<p data-start=\"827\" data-end=\"848\"><strong data-start=\"827\" data-end=\"839\">Tilpums:<\/strong> 3 x 5 ml<\/p>\n","protected":false},"excerpt":{"rendered":"<p>Miner\u0101l\u0101 p\u016bdera papildin\u0101\u0161anas komplekts SPF 50<\/p>\n<h2><strong data-start=\"1026\" data-end=\"1081\">NOON Aesthetics Refill Pack For Brush &amp; Go \u012bpa\u0161\u012bbas<\/strong><\/h2>\n<p>\u2714\ufe0f Piem\u0113rots visiem \u0101das tipiem<br data-start=\"1115\" data-end=\"1118\" \/>\u2714\ufe0f \u0112rta nomai\u0146a bez jauna aplikatora ieg\u0101des<br data-start=\"1162\" data-end=\"1165\" \/>\u2714\ufe0f Ekonomisks risin\u0101jums \u2014 3 pudel\u012btes bez oti\u0146as<br data-start=\"1214\" data-end=\"1217\" \/>\u2714\ufe0f Kompakts iepakojums \u2014 viegli n\u0113s\u0101t l\u012bdzi<br data-start=\"1260\" data-end=\"1263\" \/>\u2714\ufe0f Nodro\u0161ina ikdienas aizsardz\u012bbu pret sauli un \u0101das kop\u0161anu<\/p>\n","protected":false},"featured_media":66550,"template":"","meta":[],"pwb-brand":[790],"product_brand":[],"product_cat":[741,745,1149,749,751,731,747],"product_tag":[],"giftcard-category":[],"class_list":{"0":"post-42476","1":"product","2":"type-product","3":"status-publish","4":"has-post-thumbnail","6":"pwb-brand-noon-aesthetics","7":"product_cat-izsitumi","8":"product_cat-jutigai-adai","9":"product_cat-noon-aesthetics-lv","10":"product_cat-novecojosa-ada","11":"product_cat-pigmentacija-lv","12":"product_cat-spf-aizsardziba","13":"product_cat-taukainai-adai","14":"pa_suurus-hele-01-lv","15":"pa_suurus-tume-02-lv","17":"first","18":"instock","19":"taxable","20":"shipping-taxable","21":"purchasable","22":"product-type-variable"},"acf":[],"brands":[{"id":790,"name":"NOON Aesthetics","slug":"noon-aesthetics"}],"_links":{"self":[{"href":"https:\/\/skinstudio.ee\/lv\/wp-json\/wp\/v2\/product\/42476","targetHints":{"allow":["GET"]}}],"collection":[{"href":"https:\/\/skinstudio.ee\/lv\/wp-json\/wp\/v2\/product"}],"about":[{"href":"https:\/\/skinstudio.ee\/lv\/wp-json\/wp\/v2\/types\/product"}],"version-history":[{"count":0,"href":"https:\/\/skinstudio.ee\/lv\/wp-json\/wp\/v2\/product\/42476\/revisions"}],"wp:featuredmedia":[{"embeddable":true,"href":"https:\/\/skinstudio.ee\/lv\/wp-json\/wp\/v2\/media\/66550"}],"wp:attachment":[{"href":"https:\/\/skinstudio.ee\/lv\/wp-json\/wp\/v2\/media?parent=42476"}],"wp:term":[{"taxonomy":"pwb-brand","embeddable":true,"href":"https:\/\/skinstudio.ee\/lv\/wp-json\/wp\/v2\/pwb-brand?post=42476"},{"taxonomy":"product_brand","embeddable":true,"href":"https:\/\/skinstudio.ee\/lv\/wp-json\/wp\/v2\/product_brand?post=42476"},{"taxonomy":"product_cat","embeddable":true,"href":"https:\/\/skinstudio.ee\/lv\/wp-json\/wp\/v2\/product_cat?post=42476"},{"taxonomy":"product_tag","embeddable":true,"href":"https:\/\/skinstudio.ee\/lv\/wp-json\/wp\/v2\/product_tag?post=42476"},{"taxonomy":"giftcard-category","embeddable":true,"href":"https:\/\/skinstudio.ee\/lv\/wp-json\/wp\/v2\/giftcard-category?post=42476"}],"curies":[{"name":"wp","href":"https:\/\/api.w.org\/{rel}","templated":true}]}}