{"id":42496,"date":"2025-08-10T10:15:34","date_gmt":"2025-08-10T10:15:34","guid":{"rendered":"https:\/\/skinstudio.ee\/?post_type=product&#038;p=42496"},"modified":"2026-02-19T10:18:02","modified_gmt":"2026-02-19T10:18:02","slug":"multivit-sun-protector","status":"publish","type":"product","link":"https:\/\/skinstudio.ee\/lv\/catalog\/noon-aesthetics\/multivit-sun-protector\/","title":{"rendered":"MultiVit Sun Protector"},"content":{"rendered":"<p data-start=\"74\" data-end=\"247\"><strong data-start=\"74\" data-end=\"100\">MultiVit Sun Protector<\/strong> ir jaunas paaudzes pret-noveco\u0161an\u0101s sau\u013co\u0161an\u0101s l\u012bdzeklis. Tas apvieno nano fizisko filtru ar kapsul\u0113tu UV filtru, ekto\u012bnu un vitam\u012bniem B, C un E.<\/p>\n<p data-start=\"249\" data-end=\"286\"><span class=\"relative -mx-px my-[-0.2rem] rounded px-px py-[0.2rem] transition-colors duration-100 ease-in-out\">MultiVit ir unik\u0101ls sau\u013co\u0161an\u0101s losjons ar divk\u0101r\u0161u iedarb\u012bbu:<\/span><\/p>\n<ul data-start=\"288\" data-end=\"369\">\n<li data-start=\"288\" data-end=\"329\">\n<p data-start=\"290\" data-end=\"329\"><span class=\"relative -mx-px my-[-0.2rem] rounded px-px py-[0.2rem] transition-colors duration-100 ease-in-out\">akt\u012bvi aizsarg\u0101 \u0101du no kait\u012bgiem vides faktoriem<\/span><\/p>\n<\/li>\n<li data-start=\"330\" data-end=\"369\">\n<p data-start=\"332\" data-end=\"369\"><span class=\"relative -mx-px my-[-0.2rem] rounded px-px py-[0.2rem] transition-colors duration-100 ease-in-out\">veido antioksidantu barjeru, kas pal\u012bdz nov\u0113rst priek\u0161laic\u012bgus \u0161\u016bnu boj\u0101jumus un \u0101das noveco\u0161anos<\/span><\/p>\n<\/li>\n<\/ul>\n<p data-start=\"371\" data-end=\"408\"><span class=\"relative -mx-px my-[-0.2rem] rounded px-px py-[0.2rem] transition-colors duration-100 ease-in-out\">Formulas b\u0101ze ir akt\u012bvais aizsardz\u012bbas komplekss ar tit\u0101n-dioks\u012bdu, kapsul\u0113t\u0101m filtr\u0113\u0161anas mikrolodi\u0146\u0101m, vitam\u012bniem C un E, niacinam\u012bdu (B3), ekto\u012bnu, \u0161\u012b sviestu un citiem barojo\u0161iem komponentiem, kas uzlabo \u0101das kvalit\u0101ti un funkcionalit\u0101ti. Losjona tekst\u016bra ir viegla, \u0101tri uzs\u016bcas, neizraisa p\u016bt\u012btes un neatst\u0101j atst\u0101jumus.<\/span><\/p>\n<p data-start=\"410\" data-end=\"431\"><strong data-start=\"410\" data-end=\"422\">Tilpums:<\/strong> 15 ml \/ 50 g<\/p>\n","protected":false},"excerpt":{"rendered":"<p data-start=\"199\" data-end=\"238\">Pretnoveco\u0161an\u0101s saules aizsargkr\u0113ms<\/p>\n<h2 data-start=\"240\" data-end=\"291\"><strong data-start=\"240\" data-end=\"291\">\u012apa\u0161\u012bbas NOON Aesthetics &#8211; MultiVit Sun Protector<\/strong><\/h2>\n<p data-start=\"293\" data-end=\"579\">\u2714\ufe0f Nodro\u0161ina sp\u0113c\u012bgu UVA\/UVB aizsardz\u012bbu<br data-start=\"333\" data-end=\"336\" \/>\u2714\ufe0f Satur B, C un E vitam\u012bnus antioksidantu aizsardz\u012bbai<br data-start=\"391\" data-end=\"394\" \/>\u2714\ufe0f Pal\u012bdz nov\u0113rst priek\u0161laic\u012bgu \u0101das noveco\u0161anos<br data-start=\"442\" data-end=\"445\" \/>\u2714\ufe0f Nostiprina \u0101das aizsargbarjeru un uzlabo t\u0101s funkcijas<br data-start=\"502\" data-end=\"505\" \/>\u2714\ufe0f Viegl\u0101 tekst\u016bra \u0101tri ies\u016bcas, neatst\u0101jot p\u0113das un neizraisa izsitumus<\/p>\n","protected":false},"featured_media":66375,"template":"","meta":[],"pwb-brand":[790],"product_brand":[],"product_cat":[1149,731,753],"product_tag":[],"giftcard-category":[],"class_list":{"0":"post-42496","1":"product","2":"type-product","3":"status-publish","4":"has-post-thumbnail","6":"pwb-brand-noon-aesthetics","7":"product_cat-noon-aesthetics-lv","8":"product_cat-spf-aizsardziba","9":"product_cat-travel-size-lv","10":"pa_suurus-15ml-lv","11":"pa_suurus-50g-lv","13":"first","14":"instock","15":"taxable","16":"shipping-taxable","17":"purchasable","18":"product-type-variable"},"acf":[],"brands":[{"id":790,"name":"NOON Aesthetics","slug":"noon-aesthetics"}],"_links":{"self":[{"href":"https:\/\/skinstudio.ee\/lv\/wp-json\/wp\/v2\/product\/42496","targetHints":{"allow":["GET"]}}],"collection":[{"href":"https:\/\/skinstudio.ee\/lv\/wp-json\/wp\/v2\/product"}],"about":[{"href":"https:\/\/skinstudio.ee\/lv\/wp-json\/wp\/v2\/types\/product"}],"version-history":[{"count":1,"href":"https:\/\/skinstudio.ee\/lv\/wp-json\/wp\/v2\/product\/42496\/revisions"}],"predecessor-version":[{"id":80992,"href":"https:\/\/skinstudio.ee\/lv\/wp-json\/wp\/v2\/product\/42496\/revisions\/80992"}],"wp:featuredmedia":[{"embeddable":true,"href":"https:\/\/skinstudio.ee\/lv\/wp-json\/wp\/v2\/media\/66375"}],"wp:attachment":[{"href":"https:\/\/skinstudio.ee\/lv\/wp-json\/wp\/v2\/media?parent=42496"}],"wp:term":[{"taxonomy":"pwb-brand","embeddable":true,"href":"https:\/\/skinstudio.ee\/lv\/wp-json\/wp\/v2\/pwb-brand?post=42496"},{"taxonomy":"product_brand","embeddable":true,"href":"https:\/\/skinstudio.ee\/lv\/wp-json\/wp\/v2\/product_brand?post=42496"},{"taxonomy":"product_cat","embeddable":true,"href":"https:\/\/skinstudio.ee\/lv\/wp-json\/wp\/v2\/product_cat?post=42496"},{"taxonomy":"product_tag","embeddable":true,"href":"https:\/\/skinstudio.ee\/lv\/wp-json\/wp\/v2\/product_tag?post=42496"},{"taxonomy":"giftcard-category","embeddable":true,"href":"https:\/\/skinstudio.ee\/lv\/wp-json\/wp\/v2\/giftcard-category?post=42496"}],"curies":[{"name":"wp","href":"https:\/\/api.w.org\/{rel}","templated":true}]}}