{"id":42513,"date":"2025-08-07T15:26:06","date_gmt":"2025-08-07T15:26:06","guid":{"rendered":"https:\/\/skinstudio.ee\/?post_type=product&#038;p=42513"},"modified":"2025-12-30T17:05:08","modified_gmt":"2025-12-30T17:05:08","slug":"igloo-mask","status":"publish","type":"product","link":"https:\/\/skinstudio.ee\/lv\/catalog\/noon-aesthetics\/igloo-mask\/","title":{"rendered":"Igloo Mask"},"content":{"rendered":"<p data-start=\"453\" data-end=\"1029\">NOON Aesthetics Igloo Mask ir intens\u012bva nomierino\u0161a maska ar dzes\u0113jo\u0161u efektu, kas izstr\u0101d\u0101ta \u012bpa\u0161i jut\u012bgas, kairin\u0101tas un p\u0101rkarsu\u0161as \u0101das kop\u0161anai. T\u0101 efekt\u012bvi samazina iekaisumus, aps\u0101rtumu un dedzino\u0161o saj\u016btu, acumirkl\u012b sniedzot svaiguma un komforta saj\u016btu. Maska ir ide\u0101li piem\u0113rota p\u0113c agres\u012bv\u0101m kosm\u0113tisk\u0101m proced\u016br\u0101m, saules iedarb\u012bbas vai iekaisuma procesiem, piem\u0113ram, aknes vai roz\u0101cijas gad\u012bjum\u0101. Formul\u0101 iek\u013cautas nomierino\u0161as un atjaunojo\u0161as sast\u0101vda\u013cas, kas stiprina \u0101das barjeru, mitrina un uzlabo \u0101das notur\u012bbu pret \u0101r\u0113j\u0101s vides kairin\u0101jumiem.<\/p>\n<p data-start=\"1031\" data-end=\"1052\"><strong data-start=\"1031\" data-end=\"1043\">Tilpums:<\/strong> <strong data-start=\"1044\" data-end=\"1052\">70 g<\/strong><\/p>\n","protected":false},"excerpt":{"rendered":"<p data-start=\"169\" data-end=\"206\">Nomierino\u0161a dzes\u0113jo\u0161a sejas maska<\/p>\n<h2 data-start=\"208\" data-end=\"451\"><strong data-start=\"208\" data-end=\"231\">NOON Aesthetics Igloo Mask \u012bpa\u0161\u012bbas<\/strong><\/h2>\n<p data-start=\"208\" data-end=\"451\">\u2714\ufe0f Uzreiz atdzes\u0113 un nomierina \u0101du<br data-start=\"268\" data-end=\"271\" \/>\u2714\ufe0f Mazina iekaisumu un aps\u0101rtumu<br data-start=\"303\" data-end=\"306\" \/>\u2714\ufe0f Samazina dedzino\u0161u saj\u016btu un diskomfortu p\u0113c proced\u016br\u0101m<br data-start=\"364\" data-end=\"367\" data-is-only-node=\"\" \/>\u2714\ufe0f Mitrina un stiprina \u0101das aizsargbarjeru<br data-start=\"409\" data-end=\"412\" \/>\u2714\ufe0f Piem\u0113rota jut\u012bgai un rea\u0123\u0113jo\u0161ai \u0101dai<\/p>\n","protected":false},"featured_media":42505,"template":"","meta":[],"pwb-brand":[790],"product_brand":[],"product_cat":[745,725,737,1149],"product_tag":[],"giftcard-category":[],"class_list":{"0":"post-42513","1":"product","2":"type-product","3":"status-publish","4":"has-post-thumbnail","6":"pwb-brand-noon-aesthetics","7":"product_cat-jutiga-ada","8":"product_cat-maskas","9":"product_cat-mitrinasana","10":"product_cat-noon-aesthetics","12":"first","13":"instock","14":"taxable","15":"shipping-taxable","16":"purchasable","17":"product-type-simple"},"acf":[],"brands":[{"id":790,"name":"NOON Aesthetics","slug":"noon-aesthetics"}],"_links":{"self":[{"href":"https:\/\/skinstudio.ee\/lv\/wp-json\/wp\/v2\/product\/42513","targetHints":{"allow":["GET"]}}],"collection":[{"href":"https:\/\/skinstudio.ee\/lv\/wp-json\/wp\/v2\/product"}],"about":[{"href":"https:\/\/skinstudio.ee\/lv\/wp-json\/wp\/v2\/types\/product"}],"version-history":[{"count":0,"href":"https:\/\/skinstudio.ee\/lv\/wp-json\/wp\/v2\/product\/42513\/revisions"}],"wp:featuredmedia":[{"embeddable":true,"href":"https:\/\/skinstudio.ee\/lv\/wp-json\/wp\/v2\/media\/42505"}],"wp:attachment":[{"href":"https:\/\/skinstudio.ee\/lv\/wp-json\/wp\/v2\/media?parent=42513"}],"wp:term":[{"taxonomy":"pwb-brand","embeddable":true,"href":"https:\/\/skinstudio.ee\/lv\/wp-json\/wp\/v2\/pwb-brand?post=42513"},{"taxonomy":"product_brand","embeddable":true,"href":"https:\/\/skinstudio.ee\/lv\/wp-json\/wp\/v2\/product_brand?post=42513"},{"taxonomy":"product_cat","embeddable":true,"href":"https:\/\/skinstudio.ee\/lv\/wp-json\/wp\/v2\/product_cat?post=42513"},{"taxonomy":"product_tag","embeddable":true,"href":"https:\/\/skinstudio.ee\/lv\/wp-json\/wp\/v2\/product_tag?post=42513"},{"taxonomy":"giftcard-category","embeddable":true,"href":"https:\/\/skinstudio.ee\/lv\/wp-json\/wp\/v2\/giftcard-category?post=42513"}],"curies":[{"name":"wp","href":"https:\/\/api.w.org\/{rel}","templated":true}]}}