{"id":42529,"date":"2025-08-07T15:37:14","date_gmt":"2025-08-07T15:37:14","guid":{"rendered":"https:\/\/skinstudio.ee\/?post_type=product&#038;p=42529"},"modified":"2025-12-30T17:05:08","modified_gmt":"2025-12-30T17:05:08","slug":"mediclay-mask","status":"publish","type":"product","link":"https:\/\/skinstudio.ee\/lv\/catalog\/noon-aesthetics\/mediclay-mask\/","title":{"rendered":"MediClay Mask"},"content":{"rendered":"<p data-start=\"244\" data-end=\"563\"><strong data-start=\"244\" data-end=\"277\">NOON Aesthetics MediClay Mask<\/strong> \u2014 sp\u0113c\u012bga att\u012bro\u0161a maska ar dab\u012bgu m\u0101lu, \u012bpa\u0161i izstr\u0101d\u0101ta taukainai, kombin\u0113tai un iekaisuma pak\u013cautai \u0101dai. Pateicoties sabalans\u0113tajai formulai, maska pal\u012bdz regul\u0113t sebuma izdal\u012b\u0161anos, att\u012bra poras no net\u012brumiem un toks\u012bniem, k\u0101 ar\u012b veicina \u0101das nepiln\u012bbu un iekaisumu samazin\u0101\u0161anos.<\/p>\n<p data-start=\"565\" data-end=\"874\">Produkts nodro\u0161ina vieglu \u017e\u0101v\u0113jo\u0161u un mat\u0113jo\u0161u efektu, samazinot taukainu sp\u012bdumu un izl\u012bdzinot \u0101das tekst\u016bru. Sast\u0101v\u0101 ir dab\u012bgas sast\u0101vda\u013cas ar pretiekaisuma un seboregul\u0113jo\u0161u iedarb\u012bbu, kas nekairina un nesausina \u0101du. Maska padara \u0101du t\u012br\u0101ku, vienm\u0113r\u012bg\u0101ku un svaig\u0101ku, pie\u0161\u0137irot kop\u0161anas saj\u016btu un komfortu.<\/p>\n<p data-start=\"876\" data-end=\"893\"><strong data-start=\"876\" data-end=\"888\">Tilpums:<\/strong> 70 g<\/p>\n","protected":false},"excerpt":{"rendered":"<p data-start=\"265\" data-end=\"317\">Att\u012bro\u0161a m\u0101la maska<\/p>\n<h2 data-start=\"265\" data-end=\"317\"><strong data-start=\"1227\" data-end=\"1269\">\u012apa\u0161\u012bbas NOON Aesthetics MediClay Mask<\/strong><\/h2>\n<p data-start=\"265\" data-end=\"317\">\u2714\ufe0f Dzi\u013ci att\u012bra poras un izvada net\u012brumus<br data-start=\"1313\" data-end=\"1316\" \/>\u2714\ufe0f Regul\u0113 sebuma izdal\u012b\u0161anos<br data-start=\"1344\" data-end=\"1347\" \/>\u2714\ufe0f \u017d\u0101v\u0113 iekaisumus un mazina aps\u0101rtumu<br data-start=\"1385\" data-end=\"1388\" \/>\u2714\ufe0f Samazina sp\u012bdumu un pie\u0161\u0137ir mat\u0113tu efektu<br data-start=\"1432\" data-end=\"1435\" \/>\u2714\ufe0f Uzlabo \u0101das gludumu un svaigumu<\/p>\n","protected":false},"featured_media":66545,"template":"","meta":[],"pwb-brand":[790],"product_brand":[],"product_cat":[741,745,725,1149,747],"product_tag":[],"giftcard-category":[],"class_list":{"0":"post-42529","1":"product","2":"type-product","3":"status-publish","4":"has-post-thumbnail","6":"pwb-brand-noon-aesthetics","7":"product_cat-izsitumi","8":"product_cat-jutigai-adai","9":"product_cat-maskas","10":"product_cat-noon-aesthetics-lv","11":"product_cat-taukainai-adai","13":"first","14":"instock","15":"taxable","16":"shipping-taxable","17":"purchasable","18":"product-type-simple"},"acf":[],"brands":[{"id":790,"name":"NOON Aesthetics","slug":"noon-aesthetics"}],"_links":{"self":[{"href":"https:\/\/skinstudio.ee\/lv\/wp-json\/wp\/v2\/product\/42529","targetHints":{"allow":["GET"]}}],"collection":[{"href":"https:\/\/skinstudio.ee\/lv\/wp-json\/wp\/v2\/product"}],"about":[{"href":"https:\/\/skinstudio.ee\/lv\/wp-json\/wp\/v2\/types\/product"}],"version-history":[{"count":0,"href":"https:\/\/skinstudio.ee\/lv\/wp-json\/wp\/v2\/product\/42529\/revisions"}],"wp:featuredmedia":[{"embeddable":true,"href":"https:\/\/skinstudio.ee\/lv\/wp-json\/wp\/v2\/media\/66545"}],"wp:attachment":[{"href":"https:\/\/skinstudio.ee\/lv\/wp-json\/wp\/v2\/media?parent=42529"}],"wp:term":[{"taxonomy":"pwb-brand","embeddable":true,"href":"https:\/\/skinstudio.ee\/lv\/wp-json\/wp\/v2\/pwb-brand?post=42529"},{"taxonomy":"product_brand","embeddable":true,"href":"https:\/\/skinstudio.ee\/lv\/wp-json\/wp\/v2\/product_brand?post=42529"},{"taxonomy":"product_cat","embeddable":true,"href":"https:\/\/skinstudio.ee\/lv\/wp-json\/wp\/v2\/product_cat?post=42529"},{"taxonomy":"product_tag","embeddable":true,"href":"https:\/\/skinstudio.ee\/lv\/wp-json\/wp\/v2\/product_tag?post=42529"},{"taxonomy":"giftcard-category","embeddable":true,"href":"https:\/\/skinstudio.ee\/lv\/wp-json\/wp\/v2\/giftcard-category?post=42529"}],"curies":[{"name":"wp","href":"https:\/\/api.w.org\/{rel}","templated":true}]}}