{"id":42552,"date":"2025-08-08T08:52:21","date_gmt":"2025-08-08T08:52:21","guid":{"rendered":"https:\/\/skinstudio.ee\/?post_type=product&#038;p=42552"},"modified":"2025-12-30T17:05:08","modified_gmt":"2025-12-30T17:05:08","slug":"triolift-mask","status":"publish","type":"product","link":"https:\/\/skinstudio.ee\/lv\/catalog\/noon-aesthetics\/triolift-mask\/","title":{"rendered":"TrioLift Mask"},"content":{"rendered":"<p data-start=\"494\" data-end=\"727\"><strong data-start=\"510\" data-end=\"543\">NOON Aesthetics TrioLift Mask<\/strong> ir novatoriska anti\u2011noveco\u0161an\u0101s maska, kas jau p\u0113c pirm\u0101s reizes sniedz redzamu liftinga efektu, nostiepjot \u0101du. Formula darbojas \u0101tri \u2014 samazina grumbu izskatu un uzlabo \u0101das tonusu.<\/p>\n<p data-start=\"729\" data-end=\"986\">Maska ne tikai izl\u012bdzina \u0101du, bet ar\u012b intens\u012bvi mitrina, m\u012bkstina un nomierina to, atst\u0101jot p\u0113c sejas kop\u0161anas saj\u016btu glud\u0101ku un mirdzo\u0161\u0101ku. <strong data-start=\"870\" data-end=\"887\">TrioLift Mask<\/strong> ir piem\u0113rota visiem \u0101das tipiem un fototipiem visu gadu un \u012bpa\u0161i efekt\u012bva anti\u2011noveco\u0161an\u0101s rut\u012bn\u0101.<\/p>\n<p data-start=\"988\" data-end=\"1009\"><strong data-start=\"988\" data-end=\"1000\">Tilpums:<\/strong> <strong data-start=\"1001\" data-end=\"1009\">70\u202fg<\/strong><\/p>\n<p data-start=\"1158\" data-end=\"1399\">\n","protected":false},"excerpt":{"rendered":"<p data-start=\"175\" data-end=\"210\">Anti\u2011noveco\u0161an\u0101s liftinga maska<\/p>\n<h2 data-start=\"212\" data-end=\"492\"><strong data-start=\"212\" data-end=\"254\">\u012apa\u0161\u012bbas NOON Aesthetics TrioLift Mask<\/strong><\/h2>\n<p data-start=\"212\" data-end=\"492\">\u2714\ufe0f Uzreiz liftinga efekts un \u0101das nostiep\u0161ana<br data-start=\"302\" data-end=\"305\" \/>\u2714\ufe0f Samazina grumbu izskatu, izl\u012bdzina \u0101das tekst\u016bru<br data-start=\"356\" data-end=\"359\" \/>\u2714\ufe0f Intens\u012bvi mitrina un m\u012bkstina \u0101du<br data-start=\"395\" data-end=\"398\" \/>\u2714\ufe0f Nomierina jut\u012bgo, mitrin\u0101to \u0101du<br data-start=\"432\" data-end=\"435\" \/>\u2714\ufe0f Piem\u0113rota visiem \u0101das tipiem un fototipiem visu gadu<\/p>\n","protected":false},"featured_media":66540,"template":"","meta":[],"pwb-brand":[790],"product_brand":[],"product_cat":[725,1149],"product_tag":[],"giftcard-category":[],"class_list":{"0":"post-42552","1":"product","2":"type-product","3":"status-publish","4":"has-post-thumbnail","6":"pwb-brand-noon-aesthetics","7":"product_cat-maskas","8":"product_cat-noon-aesthetics-lv","10":"first","11":"instock","12":"taxable","13":"shipping-taxable","14":"purchasable","15":"product-type-simple"},"acf":[],"brands":[{"id":790,"name":"NOON Aesthetics","slug":"noon-aesthetics"}],"_links":{"self":[{"href":"https:\/\/skinstudio.ee\/lv\/wp-json\/wp\/v2\/product\/42552","targetHints":{"allow":["GET"]}}],"collection":[{"href":"https:\/\/skinstudio.ee\/lv\/wp-json\/wp\/v2\/product"}],"about":[{"href":"https:\/\/skinstudio.ee\/lv\/wp-json\/wp\/v2\/types\/product"}],"version-history":[{"count":0,"href":"https:\/\/skinstudio.ee\/lv\/wp-json\/wp\/v2\/product\/42552\/revisions"}],"wp:featuredmedia":[{"embeddable":true,"href":"https:\/\/skinstudio.ee\/lv\/wp-json\/wp\/v2\/media\/66540"}],"wp:attachment":[{"href":"https:\/\/skinstudio.ee\/lv\/wp-json\/wp\/v2\/media?parent=42552"}],"wp:term":[{"taxonomy":"pwb-brand","embeddable":true,"href":"https:\/\/skinstudio.ee\/lv\/wp-json\/wp\/v2\/pwb-brand?post=42552"},{"taxonomy":"product_brand","embeddable":true,"href":"https:\/\/skinstudio.ee\/lv\/wp-json\/wp\/v2\/product_brand?post=42552"},{"taxonomy":"product_cat","embeddable":true,"href":"https:\/\/skinstudio.ee\/lv\/wp-json\/wp\/v2\/product_cat?post=42552"},{"taxonomy":"product_tag","embeddable":true,"href":"https:\/\/skinstudio.ee\/lv\/wp-json\/wp\/v2\/product_tag?post=42552"},{"taxonomy":"giftcard-category","embeddable":true,"href":"https:\/\/skinstudio.ee\/lv\/wp-json\/wp\/v2\/giftcard-category?post=42552"}],"curies":[{"name":"wp","href":"https:\/\/api.w.org\/{rel}","templated":true}]}}