{"id":42567,"date":"2025-08-08T09:10:18","date_gmt":"2025-08-08T09:10:18","guid":{"rendered":"https:\/\/skinstudio.ee\/?post_type=product&#038;p=42567"},"modified":"2026-02-14T11:24:20","modified_gmt":"2026-02-14T11:24:20","slug":"lacto-10","status":"publish","type":"product","link":"https:\/\/skinstudio.ee\/lv\/catalog\/noon-aesthetics\/lacto-10\/","title":{"rendered":"Lacto-10"},"content":{"rendered":"<p data-start=\"595\" data-end=\"986\">NOON Aesthetics &#8211; Lacto-10 ir unik\u0101ls ikdienas kr\u0113ms, kas akt\u012bvi stimul\u0113 \u0101das atjauno\u0161anos, uzlabo t\u0101s tekst\u016bru, izl\u012bdzina toni un uztur mitruma l\u012bmeni. Formula ar 10% piensk\u0101bi (pH 3.5) ir bag\u0101tin\u0101ta ar aizsarg\u0101jo\u0161u kompleksu DermShield\u2122, kas \u013cauj ikdien\u0101 un visu gadu izmantot augstas koncentr\u0101cijas AHA sk\u0101bes bez kairin\u0101juma, kas parasti ir rakstur\u012bgs \u0161\u0101da veida produktiem.<\/p>\n<p data-start=\"988\" data-end=\"1109\">Kr\u0113ms nesatur e\u013c\u013cas, \u0101tri uzs\u016bcas un ir ide\u0101li piem\u0113rots jebkura tipa \u0101dai. Produkts ir dro\u0161s lieto\u0161anai ar\u012b ap acu zonu.<\/p>\n<p data-start=\"1114\" data-end=\"1135\"><strong data-start=\"1114\" data-end=\"1126\">Tilpums:<\/strong> 15 ml \/ 50 g<\/p>\n","protected":false},"excerpt":{"rendered":"<p data-start=\"1417\" data-end=\"1461\">Lengvas AHA kremas kasdieniam naudojimui<\/p>\n<h2 data-start=\"718\" data-end=\"980\"><strong data-start=\"718\" data-end=\"747\">\u012bpa\u0161\u012bbas\u00a0<\/strong><strong data-start=\"1466\" data-end=\"1502\"> NOON Aesthetics Lacto-10<\/strong><\/h2>\n<p data-start=\"1466\" data-end=\"1735\">\u2714\ufe0f Kasdien atnaujina ir atjaunina od\u0105<br data-start=\"1542\" data-end=\"1545\" \/>\u2714\ufe0f Pagerina odos tekst\u016br\u0105 ir suvienodina atspalv\u012f<br data-start=\"1594\" data-end=\"1597\" \/>\u2714\ufe0f Dr\u0117kina ir palaiko dr\u0117gm\u0117s balans\u0105<br data-start=\"1634\" data-end=\"1637\" \/>\u2714\ufe0f Nesukelia sudirginimo d\u0117l DermShield\u2122 komplekso<br data-start=\"1687\" data-end=\"1690\" \/>\u2714\ufe0f Tinka vis\u0173 tip\u0173 odai, \u012fskaitant aki\u0173 srit\u012f<\/p>\n","protected":false},"featured_media":66535,"template":"","meta":[],"pwb-brand":[790],"product_brand":[],"product_cat":[737,1149,749,751,753],"product_tag":[],"giftcard-category":[],"class_list":{"0":"post-42567","1":"product","2":"type-product","3":"status-publish","4":"has-post-thumbnail","6":"pwb-brand-noon-aesthetics","7":"product_cat-mitrinasana","8":"product_cat-noon-aesthetics-lv","9":"product_cat-novecojosa-ada","10":"product_cat-pigmentacija-lv","11":"product_cat-travel-size-lv","12":"pa_suurus-15-ml-lv","13":"pa_suurus-50-g-lv","15":"first","16":"instock","17":"taxable","18":"shipping-taxable","19":"purchasable","20":"product-type-variable"},"acf":[],"brands":[{"id":790,"name":"NOON Aesthetics","slug":"noon-aesthetics"}],"_links":{"self":[{"href":"https:\/\/skinstudio.ee\/lv\/wp-json\/wp\/v2\/product\/42567","targetHints":{"allow":["GET"]}}],"collection":[{"href":"https:\/\/skinstudio.ee\/lv\/wp-json\/wp\/v2\/product"}],"about":[{"href":"https:\/\/skinstudio.ee\/lv\/wp-json\/wp\/v2\/types\/product"}],"version-history":[{"count":2,"href":"https:\/\/skinstudio.ee\/lv\/wp-json\/wp\/v2\/product\/42567\/revisions"}],"predecessor-version":[{"id":80788,"href":"https:\/\/skinstudio.ee\/lv\/wp-json\/wp\/v2\/product\/42567\/revisions\/80788"}],"wp:featuredmedia":[{"embeddable":true,"href":"https:\/\/skinstudio.ee\/lv\/wp-json\/wp\/v2\/media\/66535"}],"wp:attachment":[{"href":"https:\/\/skinstudio.ee\/lv\/wp-json\/wp\/v2\/media?parent=42567"}],"wp:term":[{"taxonomy":"pwb-brand","embeddable":true,"href":"https:\/\/skinstudio.ee\/lv\/wp-json\/wp\/v2\/pwb-brand?post=42567"},{"taxonomy":"product_brand","embeddable":true,"href":"https:\/\/skinstudio.ee\/lv\/wp-json\/wp\/v2\/product_brand?post=42567"},{"taxonomy":"product_cat","embeddable":true,"href":"https:\/\/skinstudio.ee\/lv\/wp-json\/wp\/v2\/product_cat?post=42567"},{"taxonomy":"product_tag","embeddable":true,"href":"https:\/\/skinstudio.ee\/lv\/wp-json\/wp\/v2\/product_tag?post=42567"},{"taxonomy":"giftcard-category","embeddable":true,"href":"https:\/\/skinstudio.ee\/lv\/wp-json\/wp\/v2\/giftcard-category?post=42567"}],"curies":[{"name":"wp","href":"https:\/\/api.w.org\/{rel}","templated":true}]}}