{"id":42584,"date":"2025-08-08T09:21:26","date_gmt":"2025-08-08T09:21:26","guid":{"rendered":"https:\/\/skinstudio.ee\/?post_type=product&#038;p=42584"},"modified":"2026-02-14T11:31:53","modified_gmt":"2026-02-14T11:31:53","slug":"lactoceramide-15","status":"publish","type":"product","link":"https:\/\/skinstudio.ee\/lv\/catalog\/noon-aesthetics\/lactoceramide-15\/","title":{"rendered":"Lacto-C 15"},"content":{"rendered":"<p data-start=\"124\" data-end=\"435\">Lacto-C 15 ir intens\u012bva pretnoveco\u0161an\u0101s kop\u0161anas l\u012bdzeklis, kura pamat\u0101 ir sp\u0113c\u012bga 15% piensk\u0101bes un keram\u012bdu (2., 3. un 6. tips) kombin\u0101cija. Efekt\u012bvais AHA un aizsarg\u0101jo\u0161\u0101 DermShield\u2122 kompleksa tand\u0113ms padara \u0161o kr\u0113mu piem\u0113rotu visiem \u0101das tipiem visa gada garum\u0101 bez kairin\u0101juma un sausuma saj\u016btas.<\/p>\n<p data-start=\"437\" data-end=\"458\"><strong data-start=\"437\" data-end=\"449\">Tilpums:<\/strong> 15 ml \/ 50 g<\/p>\n","protected":false},"excerpt":{"rendered":"<p data-start=\"664\" data-end=\"716\">Pretnoveco\u0161an\u0101s kr\u0113ms ar piensk\u0101bi un keram\u012bdiem<\/p>\n<h2 data-start=\"718\" data-end=\"980\"><strong data-start=\"718\" data-end=\"747\">\u012bpa\u0161\u012bbas <\/strong><strong data-start=\"718\" data-end=\"747\">NOON Aesthetics &#8211; Lacto-C 15<\/strong><\/h2>\n<p data-start=\"718\" data-end=\"980\">\u2714\ufe0f Uzlabo \u0101das elast\u012bbu un tvirtumu<br data-start=\"785\" data-end=\"788\" \/>\u2714\ufe0f Pa\u0101trina \u0161\u016bnu atjauno\u0161anos un izl\u012bdzina tekst\u016bru<br data-start=\"839\" data-end=\"842\" \/>\u2714\ufe0f Stiprina lip\u012bdu barjeru un nov\u0113r\u0161 dehidrat\u0101ciju<br data-start=\"892\" data-end=\"895\" \/>\u2714\ufe0f Padara \u0101du gludu, starojo\u0161u un koptu<br data-start=\"934\" data-end=\"937\" \/>\u2714\ufe0f Piem\u0113rots regul\u0101rai lieto\u0161anai visu gadu<\/p>\n","protected":false},"featured_media":80792,"template":"","meta":[],"pwb-brand":[790],"product_brand":[],"product_cat":[737,1149,749,751,753],"product_tag":[],"giftcard-category":[],"class_list":{"0":"post-42584","1":"product","2":"type-product","3":"status-publish","4":"has-post-thumbnail","6":"pwb-brand-noon-aesthetics","7":"product_cat-mitrinasana","8":"product_cat-noon-aesthetics-lv","9":"product_cat-novecojosa-ada","10":"product_cat-pigmentacija-lv","11":"product_cat-travel-size-lv","12":"pa_suurus-15-ml-2-lv","13":"pa_suurus-50-g-2-lv","15":"first","16":"instock","17":"taxable","18":"shipping-taxable","19":"purchasable","20":"product-type-variable"},"acf":[],"brands":[{"id":790,"name":"NOON Aesthetics","slug":"noon-aesthetics"}],"_links":{"self":[{"href":"https:\/\/skinstudio.ee\/lv\/wp-json\/wp\/v2\/product\/42584","targetHints":{"allow":["GET"]}}],"collection":[{"href":"https:\/\/skinstudio.ee\/lv\/wp-json\/wp\/v2\/product"}],"about":[{"href":"https:\/\/skinstudio.ee\/lv\/wp-json\/wp\/v2\/types\/product"}],"version-history":[{"count":2,"href":"https:\/\/skinstudio.ee\/lv\/wp-json\/wp\/v2\/product\/42584\/revisions"}],"predecessor-version":[{"id":80817,"href":"https:\/\/skinstudio.ee\/lv\/wp-json\/wp\/v2\/product\/42584\/revisions\/80817"}],"wp:featuredmedia":[{"embeddable":true,"href":"https:\/\/skinstudio.ee\/lv\/wp-json\/wp\/v2\/media\/80792"}],"wp:attachment":[{"href":"https:\/\/skinstudio.ee\/lv\/wp-json\/wp\/v2\/media?parent=42584"}],"wp:term":[{"taxonomy":"pwb-brand","embeddable":true,"href":"https:\/\/skinstudio.ee\/lv\/wp-json\/wp\/v2\/pwb-brand?post=42584"},{"taxonomy":"product_brand","embeddable":true,"href":"https:\/\/skinstudio.ee\/lv\/wp-json\/wp\/v2\/product_brand?post=42584"},{"taxonomy":"product_cat","embeddable":true,"href":"https:\/\/skinstudio.ee\/lv\/wp-json\/wp\/v2\/product_cat?post=42584"},{"taxonomy":"product_tag","embeddable":true,"href":"https:\/\/skinstudio.ee\/lv\/wp-json\/wp\/v2\/product_tag?post=42584"},{"taxonomy":"giftcard-category","embeddable":true,"href":"https:\/\/skinstudio.ee\/lv\/wp-json\/wp\/v2\/giftcard-category?post=42584"}],"curies":[{"name":"wp","href":"https:\/\/api.w.org\/{rel}","templated":true}]}}