{"id":42602,"date":"2025-08-08T09:36:55","date_gmt":"2025-08-08T09:36:55","guid":{"rendered":"https:\/\/skinstudio.ee\/?post_type=product&#038;p=42602"},"modified":"2025-12-30T17:05:08","modified_gmt":"2025-12-30T17:05:08","slug":"intensive-hydrogel","status":"publish","type":"product","link":"https:\/\/skinstudio.ee\/lv\/catalog\/noon-aesthetics\/intensive-hydrogel\/","title":{"rendered":"Intensive Hydrogel"},"content":{"rendered":"<p data-start=\"106\" data-end=\"238\"><strong data-start=\"106\" data-end=\"144\">NOON Aesthetics Intensive Hydrogel<\/strong> ir sabalans\u0113ta emulsija, kas satur 10% piensk\u0101bes, 2% salicilsk\u0101bes un DermShield\u2122 kompleksu.<\/p>\n<p data-start=\"240\" data-end=\"451\">DermShield\u2122 \u013cauj izmantot augstas koncentr\u0101cijas sk\u0101bes un zemu pH l\u012bmeni bez kairin\u0101juma (aps\u0101rtuma, niezes, lob\u012b\u0161an\u0101s vai diskomforta), vienlaikus nodro\u0161inot efekt\u012bvus \u0101das atjauno\u0161anas un kop\u0161anas rezult\u0101tus.<\/p>\n<p data-start=\"453\" data-end=\"591\">Intens\u012bvais hidro\u0123\u0113ls uzlabo taukainas un kombin\u0113tas \u0101das st\u0101vokli un nodro\u0161ina efekt\u012bvu kop\u0161anu bez kairin\u0101juma, pateicoties DermShield\u2122.<\/p>\n<p data-start=\"593\" data-end=\"647\">Izmantota 100% dab\u012bga un videi draudz\u012bga salicilsk\u0101be!<\/p>\n<p data-start=\"649\" data-end=\"897\">Hidro\u0123\u0113lam piem\u012bt sp\u0113c\u012bgas pretmikrobu un pretiekaisuma \u012bpa\u0161\u012bbas, padarot to ide\u0101li piem\u0113rotu taukainas \u0101das att\u012br\u012b\u0161anai un iekaisuma mazin\u0101\u0161anai. Salicilsk\u0101bes eksfoli\u0113jo\u0161\u0101s \u012bpa\u0161\u012bbas veicina atmiru\u0161o \u0101das \u0161\u016bnu nolob\u012b\u0161anu un epidermas atjauno\u0161anos.<\/p>\n<p data-start=\"899\" data-end=\"916\"><strong data-start=\"899\" data-end=\"911\">Tilpums:<\/strong> 50 g<\/p>\n","protected":false},"excerpt":{"rendered":"<p data-start=\"1122\" data-end=\"1170\">Ikdienas lieto\u0161anai piem\u0113rots mitrino\u0161s gels<\/p>\n<h2 data-start=\"1172\" data-end=\"1460\"><strong data-start=\"1172\" data-end=\"1219\">NOON Aesthetics Intensive Hydrogel \u012bpa\u0161\u012bbas<\/strong><\/h2>\n<p data-start=\"1172\" data-end=\"1460\">\u2714\ufe0f Atjauno, izgaismo un izl\u012bdzina \u0101du<br data-start=\"1259\" data-end=\"1262\" \/>\u2714\ufe0f Nov\u0113r\u0161 sp\u012bdumu un nodro\u0161ina dzi\u013cu mitrin\u0101\u0161anu<br data-start=\"1310\" data-end=\"1313\" \/>\u2714\ufe0f Att\u012bra \u0101du un pal\u012bdz nov\u0113rst nepiln\u012bbas<br data-start=\"1355\" data-end=\"1358\" \/>\u2714\ufe0f Padara \u0101du gludu un starojo\u0161u<br data-start=\"1390\" data-end=\"1393\" \/>\u2714\ufe0f Sader\u012bgs ar citiem kosm\u0113tikas l\u012bdzek\u013ciem un \u0101rstniecisk\u0101m zied\u0113m<\/p>\n","protected":false},"featured_media":66525,"template":"","meta":[],"pwb-brand":[790],"product_brand":[],"product_cat":[741,745,737,1149,749,747],"product_tag":[],"giftcard-category":[],"class_list":{"0":"post-42602","1":"product","2":"type-product","3":"status-publish","4":"has-post-thumbnail","6":"pwb-brand-noon-aesthetics","7":"product_cat-izsitumi","8":"product_cat-jutigai-adai","9":"product_cat-mitrinasana","10":"product_cat-noon-aesthetics-lv","11":"product_cat-novecojosa-ada","12":"product_cat-taukainai-adai","14":"first","15":"instock","16":"taxable","17":"shipping-taxable","18":"purchasable","19":"product-type-simple"},"acf":[],"brands":[{"id":790,"name":"NOON Aesthetics","slug":"noon-aesthetics"}],"_links":{"self":[{"href":"https:\/\/skinstudio.ee\/lv\/wp-json\/wp\/v2\/product\/42602","targetHints":{"allow":["GET"]}}],"collection":[{"href":"https:\/\/skinstudio.ee\/lv\/wp-json\/wp\/v2\/product"}],"about":[{"href":"https:\/\/skinstudio.ee\/lv\/wp-json\/wp\/v2\/types\/product"}],"version-history":[{"count":0,"href":"https:\/\/skinstudio.ee\/lv\/wp-json\/wp\/v2\/product\/42602\/revisions"}],"wp:featuredmedia":[{"embeddable":true,"href":"https:\/\/skinstudio.ee\/lv\/wp-json\/wp\/v2\/media\/66525"}],"wp:attachment":[{"href":"https:\/\/skinstudio.ee\/lv\/wp-json\/wp\/v2\/media?parent=42602"}],"wp:term":[{"taxonomy":"pwb-brand","embeddable":true,"href":"https:\/\/skinstudio.ee\/lv\/wp-json\/wp\/v2\/pwb-brand?post=42602"},{"taxonomy":"product_brand","embeddable":true,"href":"https:\/\/skinstudio.ee\/lv\/wp-json\/wp\/v2\/product_brand?post=42602"},{"taxonomy":"product_cat","embeddable":true,"href":"https:\/\/skinstudio.ee\/lv\/wp-json\/wp\/v2\/product_cat?post=42602"},{"taxonomy":"product_tag","embeddable":true,"href":"https:\/\/skinstudio.ee\/lv\/wp-json\/wp\/v2\/product_tag?post=42602"},{"taxonomy":"giftcard-category","embeddable":true,"href":"https:\/\/skinstudio.ee\/lv\/wp-json\/wp\/v2\/giftcard-category?post=42602"}],"curies":[{"name":"wp","href":"https:\/\/api.w.org\/{rel}","templated":true}]}}