{"id":42619,"date":"2025-08-08T09:48:05","date_gmt":"2025-08-08T09:48:05","guid":{"rendered":"https:\/\/skinstudio.ee\/?post_type=product&#038;p=42619"},"modified":"2026-02-14T11:36:29","modified_gmt":"2026-02-14T11:36:29","slug":"vit-c-serum-11s","status":"publish","type":"product","link":"https:\/\/skinstudio.ee\/lv\/catalog\/noon-aesthetics\/vit-c-serum-11s\/","title":{"rendered":"Vit C Serum 11S"},"content":{"rendered":"<div class=\"product-short__title _mb-lg\">\n<p data-start=\"147\" data-end=\"694\"><strong data-start=\"147\" data-end=\"182\">NOON Aesthetics Vit C Serum 11S<\/strong> ir izgaismojo\u0161s sejas serums ar augstu C vitam\u012bna koncentr\u0101ciju. Tas satur sp\u0113c\u012bgu antioksidantu, kas pal\u012bdz izl\u012bdzin\u0101t \u0101das toni, samazin\u0101t pigment\u0101cijas plankumus un uzlabot tekst\u016bru. Formula stimul\u0113 kolag\u0113na sint\u0113zi, uzlabojot \u0101das elast\u012bbu un tvirtumu. Produkts pal\u012bdz mazin\u0101t pigment\u0101ciju, vasaras raibumus un tum\u0161os plankumus, padarot sejas toni gai\u0161\u0101ku un vienm\u0113r\u012bg\u0101ku. C vitam\u012bns darbojas k\u0101 sp\u0113c\u012bgs antioksidants, pasarg\u0101jot \u0101du no br\u012bvo radik\u0101\u013cu ietekmes un pal\u012bdzot nov\u0113rst priek\u0161laic\u012bgu noveco\u0161anos.<\/p>\n<p data-start=\"696\" data-end=\"713\"><strong data-start=\"696\" data-end=\"708\">Tilpums:<\/strong> 10 ml \/ 30 g<\/p>\n<\/div>\n","protected":false},"excerpt":{"rendered":"<p data-start=\"789\" data-end=\"837\">C vitam\u012bna serums ar antioksidantu iedarb\u012bbu<\/p>\n<h2 data-start=\"839\" data-end=\"1083\"><strong data-start=\"839\" data-end=\"883\">\u012bpa\u0161\u012bbas <\/strong><strong data-start=\"839\" data-end=\"883\">NOON Aesthetics &#8211; Vit C Serum 11S<\/strong><\/h2>\n<p data-start=\"839\" data-end=\"1083\">\u2714\ufe0f Nodro\u0161ina sp\u0113c\u012bgu antioksidantu aizsardz\u012bbu<br data-start=\"932\" data-end=\"935\" \/>\u2714\ufe0f Izgaismo \u0101du un izl\u012bdzina toni<br data-start=\"968\" data-end=\"971\" \/>\u2714\ufe0f Veicina kolag\u0113na sint\u0113zi<br data-start=\"998\" data-end=\"1001\" \/>\u2714\ufe0f Uzlabo \u0101das tvirtumu un elast\u012bbu<br data-start=\"1036\" data-end=\"1039\" \/>\u2714\ufe0f Pie\u0161\u0137ir \u0101dai mirdzumu un vesel\u012bgu izskatu<\/p>\n","protected":false},"featured_media":66520,"template":"","meta":[],"pwb-brand":[790],"product_brand":[],"product_cat":[729,745,1149,749,751,723,753],"product_tag":[],"giftcard-category":[],"class_list":{"0":"post-42619","1":"product","2":"type-product","3":"status-publish","4":"has-post-thumbnail","6":"pwb-brand-noon-aesthetics","7":"product_cat-c-vitamins","8":"product_cat-jutigai-adai","9":"product_cat-noon-aesthetics-lv","10":"product_cat-novecojosa-ada","11":"product_cat-pigmentacija-lv","12":"product_cat-serumi","13":"product_cat-travel-size-lv","14":"pa_suurus-10ml-lv","15":"pa_suurus-30g-lv","17":"first","18":"instock","19":"taxable","20":"shipping-taxable","21":"purchasable","22":"product-type-variable"},"acf":[],"brands":[{"id":790,"name":"NOON Aesthetics","slug":"noon-aesthetics"}],"_links":{"self":[{"href":"https:\/\/skinstudio.ee\/lv\/wp-json\/wp\/v2\/product\/42619","targetHints":{"allow":["GET"]}}],"collection":[{"href":"https:\/\/skinstudio.ee\/lv\/wp-json\/wp\/v2\/product"}],"about":[{"href":"https:\/\/skinstudio.ee\/lv\/wp-json\/wp\/v2\/types\/product"}],"version-history":[{"count":1,"href":"https:\/\/skinstudio.ee\/lv\/wp-json\/wp\/v2\/product\/42619\/revisions"}],"predecessor-version":[{"id":80840,"href":"https:\/\/skinstudio.ee\/lv\/wp-json\/wp\/v2\/product\/42619\/revisions\/80840"}],"wp:featuredmedia":[{"embeddable":true,"href":"https:\/\/skinstudio.ee\/lv\/wp-json\/wp\/v2\/media\/66520"}],"wp:attachment":[{"href":"https:\/\/skinstudio.ee\/lv\/wp-json\/wp\/v2\/media?parent=42619"}],"wp:term":[{"taxonomy":"pwb-brand","embeddable":true,"href":"https:\/\/skinstudio.ee\/lv\/wp-json\/wp\/v2\/pwb-brand?post=42619"},{"taxonomy":"product_brand","embeddable":true,"href":"https:\/\/skinstudio.ee\/lv\/wp-json\/wp\/v2\/product_brand?post=42619"},{"taxonomy":"product_cat","embeddable":true,"href":"https:\/\/skinstudio.ee\/lv\/wp-json\/wp\/v2\/product_cat?post=42619"},{"taxonomy":"product_tag","embeddable":true,"href":"https:\/\/skinstudio.ee\/lv\/wp-json\/wp\/v2\/product_tag?post=42619"},{"taxonomy":"giftcard-category","embeddable":true,"href":"https:\/\/skinstudio.ee\/lv\/wp-json\/wp\/v2\/giftcard-category?post=42619"}],"curies":[{"name":"wp","href":"https:\/\/api.w.org\/{rel}","templated":true}]}}