{"id":42635,"date":"2025-08-08T09:57:26","date_gmt":"2025-08-08T09:57:26","guid":{"rendered":"https:\/\/skinstudio.ee\/?post_type=product&#038;p=42635"},"modified":"2026-02-14T11:56:08","modified_gmt":"2026-02-14T11:56:08","slug":"retinol-charisma-delicate","status":"publish","type":"product","link":"https:\/\/skinstudio.ee\/lv\/catalog\/noon-aesthetics\/retinol-charisma-delicate\/","title":{"rendered":"Retinol Charisma Delicate"},"content":{"rendered":"<p data-start=\"563\" data-end=\"777\"><strong data-start=\"563\" data-end=\"608\">NOON Aesthetics Retinol Charisma Delicate<\/strong> ir ide\u0101ls retinola serums jut\u012bgai \u0101dai vai tiem, kas tikai s\u0101k izmantot retinolu. Tas apvieno maigu 0,3% retinola koncentr\u0101ciju ar nomierino\u0161\u0101m un kopjo\u0161\u0101m sast\u0101vda\u013c\u0101m.<\/p>\n<p data-start=\"779\" data-end=\"1127\">Regul\u0101ri lietojot, serums pal\u012bdz samazin\u0101t s\u012bkas krunci\u0146as, izl\u012bdzina \u0101das tekst\u016bru, vienm\u0113rina toni un stimul\u0113 \u0101das atjauno\u0161an\u0101s un atjauno\u0161an\u0101s procesus.<br data-start=\"934\" data-end=\"937\" \/>E vitam\u012bns nomierina \u0101du, bet niacinam\u012bds atbalsta t\u0101s dabisk\u0101s aizsargsp\u0113jas.<br data-start=\"1015\" data-end=\"1018\" \/>Serums ir piem\u0113rots ar\u012b tiem, kas nekad agr\u0101k nav lietoju\u0161i retinolu vai mekl\u0113 maig\u0101ku, bet efekt\u012bvu kop\u0161anu.<\/p>\n<p data-start=\"1129\" data-end=\"1146\"><strong data-start=\"1129\" data-end=\"1141\">Tilpums:<\/strong> 15 ml \/ 35 g<\/p>\n","protected":false},"excerpt":{"rendered":"<p data-start=\"220\" data-end=\"245\">Maiga retinola serums<\/p>\n<h2 data-start=\"250\" data-end=\"560\"><strong data-start=\"250\" data-end=\"304\">\u012apa\u0161\u012bbas NOON Aesthetics &#8211; Retinol Charisma Delicate<\/strong><\/h2>\n<p data-start=\"250\" data-end=\"560\">\u2714\ufe0f Stimul\u0113 \u0101das atjauno\u0161anos un samazina grumbi\u0146as<br data-start=\"357\" data-end=\"360\" \/>\u2714\ufe0f Uzlabo \u0101das toni un tekst\u016bru<br data-start=\"391\" data-end=\"394\" \/>\u2714\ufe0f Piem\u0113rots jut\u012bgai \u0101dai un tiem, kas tikai s\u0101k lietot retinolu<br data-start=\"458\" data-end=\"461\" \/>\u2714\ufe0f Satur nomierino\u0161as sast\u0101vda\u013cas (E vitam\u012bns, niacinam\u012bds)<br data-start=\"520\" data-end=\"523\" \/>\u2714\ufe0f Nostiprina \u0101das aizsargfunkcijas<\/p>\n","protected":false},"featured_media":66515,"template":"","meta":[],"pwb-brand":[790],"product_brand":[],"product_cat":[727,745,1149,749,751,723,753],"product_tag":[],"giftcard-category":[],"class_list":{"0":"post-42635","1":"product","2":"type-product","3":"status-publish","4":"has-post-thumbnail","6":"pwb-brand-noon-aesthetics","7":"product_cat-a-vitamins-retinols","8":"product_cat-jutigai-adai","9":"product_cat-noon-aesthetics-lv","10":"product_cat-novecojosa-ada","11":"product_cat-pigmentacija-lv","12":"product_cat-serumi","13":"product_cat-travel-size-lv","14":"pa_suurus-15ml-lv","15":"pa_suurus-35-g-lv","17":"first","18":"instock","19":"taxable","20":"shipping-taxable","21":"purchasable","22":"product-type-variable"},"acf":[],"brands":[{"id":790,"name":"NOON Aesthetics","slug":"noon-aesthetics"}],"_links":{"self":[{"href":"https:\/\/skinstudio.ee\/lv\/wp-json\/wp\/v2\/product\/42635","targetHints":{"allow":["GET"]}}],"collection":[{"href":"https:\/\/skinstudio.ee\/lv\/wp-json\/wp\/v2\/product"}],"about":[{"href":"https:\/\/skinstudio.ee\/lv\/wp-json\/wp\/v2\/types\/product"}],"version-history":[{"count":1,"href":"https:\/\/skinstudio.ee\/lv\/wp-json\/wp\/v2\/product\/42635\/revisions"}],"predecessor-version":[{"id":80889,"href":"https:\/\/skinstudio.ee\/lv\/wp-json\/wp\/v2\/product\/42635\/revisions\/80889"}],"wp:featuredmedia":[{"embeddable":true,"href":"https:\/\/skinstudio.ee\/lv\/wp-json\/wp\/v2\/media\/66515"}],"wp:attachment":[{"href":"https:\/\/skinstudio.ee\/lv\/wp-json\/wp\/v2\/media?parent=42635"}],"wp:term":[{"taxonomy":"pwb-brand","embeddable":true,"href":"https:\/\/skinstudio.ee\/lv\/wp-json\/wp\/v2\/pwb-brand?post=42635"},{"taxonomy":"product_brand","embeddable":true,"href":"https:\/\/skinstudio.ee\/lv\/wp-json\/wp\/v2\/product_brand?post=42635"},{"taxonomy":"product_cat","embeddable":true,"href":"https:\/\/skinstudio.ee\/lv\/wp-json\/wp\/v2\/product_cat?post=42635"},{"taxonomy":"product_tag","embeddable":true,"href":"https:\/\/skinstudio.ee\/lv\/wp-json\/wp\/v2\/product_tag?post=42635"},{"taxonomy":"giftcard-category","embeddable":true,"href":"https:\/\/skinstudio.ee\/lv\/wp-json\/wp\/v2\/giftcard-category?post=42635"}],"curies":[{"name":"wp","href":"https:\/\/api.w.org\/{rel}","templated":true}]}}