{"id":42652,"date":"2025-08-08T10:17:46","date_gmt":"2025-08-08T10:17:46","guid":{"rendered":"https:\/\/skinstudio.ee\/?post_type=product&#038;p=42652"},"modified":"2026-02-14T11:41:55","modified_gmt":"2026-02-14T11:41:55","slug":"retinol-charisma-intense","status":"publish","type":"product","link":"https:\/\/skinstudio.ee\/lv\/catalog\/noon-aesthetics\/retinol-charisma-intense\/","title":{"rendered":"Retinol Charisma Intense"},"content":{"rendered":"<p data-start=\"116\" data-end=\"707\"><strong data-start=\"116\" data-end=\"160\">Retinol Charisma Intense<\/strong> ir atjaunojo\u0161s, nostiprino\u0161s un izgaismojo\u0161s serums, kas samazina smalko l\u012bniju redzam\u012bbu un uzlabo \u0101das tekst\u016bru un toni. Piem\u0113rots visiem \u0101das tipiem, ar\u012b gr\u016btniec\u012bbas un z\u012bd\u012b\u0161anas laik\u0101. 1% retinola koncentr\u0101cija padara \u0161o produktu intens\u012bv\u0101ku sal\u012bdzin\u0101jum\u0101 ar zem\u0101kas koncentr\u0101cijas l\u012bdzek\u013ciem. Retinols, kas paz\u012bstams ar sav\u0101m pretnoveco\u0161an\u0101s \u012bpa\u0161\u012bb\u0101m, pal\u012bdz samazin\u0101t grumbas, uzlabot tekst\u016bru un stimul\u0113 kolag\u0113na ra\u017eo\u0161anu. Tas pa\u0101trina \u0101das \u0161\u016bnu atjauno\u0161anos, veicinot veco \u0161\u016bnu no\u0146em\u0161anu un jaunu aug\u0161anu, padarot \u0101du glud\u0101ku un gai\u0161\u0101ku.<\/p>\n<p data-start=\"709\" data-end=\"730\"><strong data-start=\"709\" data-end=\"721\">Tilpums:<\/strong> 15 ml \/ 35 g<\/p>\n","protected":false},"excerpt":{"rendered":"<p data-start=\"859\" data-end=\"888\">Intens\u012bvs retinola serums<\/p>\n<h2 data-start=\"890\" data-end=\"1180\"><strong data-start=\"890\" data-end=\"943\">\u012bpa\u0161\u012bbas <\/strong><strong data-start=\"890\" data-end=\"943\">NOON Aesthetics &#8211; Retinol Charisma Intense<\/strong><\/h2>\n<p data-start=\"890\" data-end=\"1180\">\u2714\ufe0f Atjauno un atdz\u012bvina \u0101du<br data-start=\"973\" data-end=\"976\" \/>\u2714\ufe0f Uzlabo tekst\u016bru un izl\u012bdzina toni<br data-start=\"1012\" data-end=\"1015\" \/>\u2714\ufe0f Samazina grumbu redzam\u012bbu<br data-start=\"1043\" data-end=\"1046\" \/>\u2714\ufe0f Piem\u0113rots visiem \u0101das tipiem, tostarp gr\u016btniec\u0113m un sieviet\u0113m z\u012bd\u012b\u0161anas period\u0101<br data-start=\"1128\" data-end=\"1131\" \/>\u2714\ufe0f Veicina kolag\u0113na ra\u017eo\u0161anu un \u0161\u016bnu atjauno\u0161anos<\/p>\n","protected":false},"featured_media":66510,"template":"","meta":[],"pwb-brand":[790],"product_brand":[],"product_cat":[727,737,1149,749,751,723,753],"product_tag":[],"giftcard-category":[],"class_list":{"0":"post-42652","1":"product","2":"type-product","3":"status-publish","4":"has-post-thumbnail","6":"pwb-brand-noon-aesthetics","7":"product_cat-a-vitamins-retinols","8":"product_cat-mitrinasana","9":"product_cat-noon-aesthetics-lv","10":"product_cat-novecojosa-ada","11":"product_cat-pigmentacija-lv","12":"product_cat-serumi","13":"product_cat-travel-size-lv","14":"pa_suurus-15-ml-lv","15":"pa_suurus-35-g-lv","17":"first","18":"instock","19":"taxable","20":"shipping-taxable","21":"purchasable","22":"product-type-variable"},"acf":[],"brands":[{"id":790,"name":"NOON Aesthetics","slug":"noon-aesthetics"}],"_links":{"self":[{"href":"https:\/\/skinstudio.ee\/lv\/wp-json\/wp\/v2\/product\/42652","targetHints":{"allow":["GET"]}}],"collection":[{"href":"https:\/\/skinstudio.ee\/lv\/wp-json\/wp\/v2\/product"}],"about":[{"href":"https:\/\/skinstudio.ee\/lv\/wp-json\/wp\/v2\/types\/product"}],"version-history":[{"count":1,"href":"https:\/\/skinstudio.ee\/lv\/wp-json\/wp\/v2\/product\/42652\/revisions"}],"predecessor-version":[{"id":80865,"href":"https:\/\/skinstudio.ee\/lv\/wp-json\/wp\/v2\/product\/42652\/revisions\/80865"}],"wp:featuredmedia":[{"embeddable":true,"href":"https:\/\/skinstudio.ee\/lv\/wp-json\/wp\/v2\/media\/66510"}],"wp:attachment":[{"href":"https:\/\/skinstudio.ee\/lv\/wp-json\/wp\/v2\/media?parent=42652"}],"wp:term":[{"taxonomy":"pwb-brand","embeddable":true,"href":"https:\/\/skinstudio.ee\/lv\/wp-json\/wp\/v2\/pwb-brand?post=42652"},{"taxonomy":"product_brand","embeddable":true,"href":"https:\/\/skinstudio.ee\/lv\/wp-json\/wp\/v2\/product_brand?post=42652"},{"taxonomy":"product_cat","embeddable":true,"href":"https:\/\/skinstudio.ee\/lv\/wp-json\/wp\/v2\/product_cat?post=42652"},{"taxonomy":"product_tag","embeddable":true,"href":"https:\/\/skinstudio.ee\/lv\/wp-json\/wp\/v2\/product_tag?post=42652"},{"taxonomy":"giftcard-category","embeddable":true,"href":"https:\/\/skinstudio.ee\/lv\/wp-json\/wp\/v2\/giftcard-category?post=42652"}],"curies":[{"name":"wp","href":"https:\/\/api.w.org\/{rel}","templated":true}]}}