{"id":42667,"date":"2025-08-08T10:37:19","date_gmt":"2025-08-08T10:37:19","guid":{"rendered":"https:\/\/skinstudio.ee\/?post_type=product&#038;p=42667"},"modified":"2025-12-30T17:05:08","modified_gmt":"2025-12-30T17:05:08","slug":"retinol-charisma-plus","status":"publish","type":"product","link":"https:\/\/skinstudio.ee\/lv\/catalog\/noon-aesthetics\/retinol-charisma-plus\/","title":{"rendered":"Retinol Charisma Plus"},"content":{"rendered":"<p data-start=\"129\" data-end=\"399\"><strong data-start=\"129\" data-end=\"170\">NOON Aesthetics Retinol Charisma Plus<\/strong> ir sp\u0113c\u012bg\u0101kais retinola serums no z\u012bmola NOON, kas satur 1,6% t\u012bra retinola. Tas ir izstr\u0101d\u0101ts pieredz\u0113ju\u0161iem lietot\u0101jiem, kuru \u0101da jau ir pieradusi pie retinola, un kuri v\u0113las maksim\u0101lu efektu \u0101das atjauno\u0161an\u0101 un izl\u012bdzin\u0101\u0161an\u0101.<\/p>\n<p data-start=\"401\" data-end=\"709\">Serums samazina gan smalk\u0101s, gan dzi\u013c\u0101k\u0101s krunci\u0146as, izl\u012bdzina \u0101das toni, stimul\u0113 kolag\u0113na veido\u0161anos un pal\u012bdz atjaunot jaunekl\u012bgu, tvirtu un starojo\u0161u izskatu. Produkts paredz\u0113ts tikai pieredz\u0113ju\u0161iem lietot\u0101jiem un prasa apzin\u0101tu lieto\u0161anu kop\u0101 ar saules aizsardz\u012bbu un, ja nepiecie\u0161ams, nomierino\u0161u kr\u0113mu.<\/p>\n<p data-start=\"711\" data-end=\"728\"><strong data-start=\"711\" data-end=\"723\">Tilpums:<\/strong> 35 g<\/p>\n","protected":false},"excerpt":{"rendered":"<p data-start=\"940\" data-end=\"988\">Intens\u012bvs pretnoveco\u0161an\u0101s serums ar retinolu<\/p>\n<h2 data-start=\"990\" data-end=\"1220\"><strong data-start=\"990\" data-end=\"1040\">NOON Aesthetics Retinol Charisma Plus \u012bpa\u0161\u012bbas<\/strong><\/h2>\n<p data-start=\"990\" data-end=\"1220\">\u2714\ufe0f Samazina krunci\u0146as un smalk\u0101s l\u012bnijas<br data-start=\"1083\" data-end=\"1086\" \/>\u2714\ufe0f Izl\u012bdzina un atjauno \u0101du<br data-start=\"1113\" data-end=\"1116\" \/>\u2714\ufe0f Stimul\u0113 kolag\u0113na sint\u0113zi<br data-start=\"1143\" data-end=\"1146\" \/>\u2714\ufe0f Palielina \u0101das elast\u012bbu un bl\u012bvumu<br data-start=\"1183\" data-end=\"1186\" \/>\u2714\ufe0f Izgaismo un izl\u012bdzina \u0101das toni<\/p>\n","protected":false},"featured_media":66505,"template":"","meta":[],"pwb-brand":[790],"product_brand":[],"product_cat":[727,737,1149,749,751,723],"product_tag":[],"giftcard-category":[],"class_list":{"0":"post-42667","1":"product","2":"type-product","3":"status-publish","4":"has-post-thumbnail","6":"pwb-brand-noon-aesthetics","7":"product_cat-a-vitamins-retinols","8":"product_cat-mitrinasana","9":"product_cat-noon-aesthetics-lv","10":"product_cat-novecojosa-ada","11":"product_cat-pigmentacija-lv","12":"product_cat-serumi","14":"first","15":"instock","16":"taxable","17":"shipping-taxable","18":"purchasable","19":"product-type-simple"},"acf":[],"brands":[{"id":790,"name":"NOON Aesthetics","slug":"noon-aesthetics"}],"_links":{"self":[{"href":"https:\/\/skinstudio.ee\/lv\/wp-json\/wp\/v2\/product\/42667","targetHints":{"allow":["GET"]}}],"collection":[{"href":"https:\/\/skinstudio.ee\/lv\/wp-json\/wp\/v2\/product"}],"about":[{"href":"https:\/\/skinstudio.ee\/lv\/wp-json\/wp\/v2\/types\/product"}],"version-history":[{"count":0,"href":"https:\/\/skinstudio.ee\/lv\/wp-json\/wp\/v2\/product\/42667\/revisions"}],"wp:featuredmedia":[{"embeddable":true,"href":"https:\/\/skinstudio.ee\/lv\/wp-json\/wp\/v2\/media\/66505"}],"wp:attachment":[{"href":"https:\/\/skinstudio.ee\/lv\/wp-json\/wp\/v2\/media?parent=42667"}],"wp:term":[{"taxonomy":"pwb-brand","embeddable":true,"href":"https:\/\/skinstudio.ee\/lv\/wp-json\/wp\/v2\/pwb-brand?post=42667"},{"taxonomy":"product_brand","embeddable":true,"href":"https:\/\/skinstudio.ee\/lv\/wp-json\/wp\/v2\/product_brand?post=42667"},{"taxonomy":"product_cat","embeddable":true,"href":"https:\/\/skinstudio.ee\/lv\/wp-json\/wp\/v2\/product_cat?post=42667"},{"taxonomy":"product_tag","embeddable":true,"href":"https:\/\/skinstudio.ee\/lv\/wp-json\/wp\/v2\/product_tag?post=42667"},{"taxonomy":"giftcard-category","embeddable":true,"href":"https:\/\/skinstudio.ee\/lv\/wp-json\/wp\/v2\/giftcard-category?post=42667"}],"curies":[{"name":"wp","href":"https:\/\/api.w.org\/{rel}","templated":true}]}}