{"id":42683,"date":"2025-08-08T10:49:43","date_gmt":"2025-08-08T10:49:43","guid":{"rendered":"https:\/\/skinstudio.ee\/?post_type=product&#038;p=42683"},"modified":"2025-12-30T17:05:08","modified_gmt":"2025-12-30T17:05:08","slug":"reform-eye-cream","status":"publish","type":"product","link":"https:\/\/skinstudio.ee\/lv\/catalog\/noon-aesthetics\/reform-eye-cream\/","title":{"rendered":"Reform Eye Cream"},"content":{"rendered":"<p data-start=\"109\" data-end=\"670\"><strong data-start=\"109\" data-end=\"145\">NOON Aesthetics Reform Eye Cream<\/strong> ir 5 vien\u0101 formula piln\u012bgai periorbit\u0101l\u0101s zonas atjauno\u0161anai. Kr\u0113ms satur da\u017e\u0101du akt\u012bvo sast\u0101vda\u013cu kombin\u0101ciju, kas pal\u012bdz samazin\u0101t piet\u016bkumu un tum\u0161os lokus zem ac\u012bm. Tas c\u012bn\u0101s ar\u012b ar br\u012bvajiem radik\u0101\u013ciem acu zon\u0101 un nov\u0113r\u0161 \u0101das pl\u0101nin\u0101\u0161anos. Turkl\u0101t kr\u0113ms samazina grumbu izskatu un dzi\u013cumu ap ac\u012bm, k\u0101 ar\u012b mazina musku\u013cu kontrakcijas, m\u012bkstinot m\u012bmikas l\u012bnijas. Pievienotais <strong data-start=\"525\" data-end=\"540\">DermShield\u2122<\/strong> komplekss aizsarg\u0101 jut\u012bgo \u0101du no kairin\u0101juma un \u013cauj izmantot produktu ikdien\u0101, neskatoties uz augstu akt\u012bvo vielu koncentr\u0101ciju.<\/p>\n<p data-start=\"675\" data-end=\"693\"><strong data-start=\"675\" data-end=\"687\">Tilpums:<\/strong> 15 ml<\/p>\n","protected":false},"excerpt":{"rendered":"<p data-start=\"816\" data-end=\"836\">Pretgrumbu acu kr\u0113ms<\/p>\n<h2 data-start=\"838\" data-end=\"1160\"><strong data-start=\"838\" data-end=\"883\">NOON Aesthetics Reform Eye Cream \u012bpa\u0161\u012bbas<\/strong><\/h2>\n<p data-start=\"838\" data-end=\"1160\">\u2714\ufe0f Samazina piet\u016bkumu un tum\u0161os lokus<br data-start=\"923\" data-end=\"926\" \/>\u2714\ufe0f C\u012bn\u0101s ar br\u012bvajiem radik\u0101\u013ciem un nov\u0113r\u0161 \u0101das pl\u0101nin\u0101\u0161anos<br data-start=\"986\" data-end=\"989\" \/>\u2714\ufe0f Izl\u012bdzina grumbas un samazina &#8220;v\u0101rnu k\u0101ji\u0146as&#8221;<br data-start=\"1037\" data-end=\"1040\" \/>\u2714\ufe0f M\u012bkstina m\u012bmiku un mazina musku\u013cu kontrakcijas<br data-start=\"1089\" data-end=\"1092\" \/>\u2714\ufe0f Piem\u0113rots ikdienas lieto\u0161anai, pateicoties DermShield\u2122 kompleksam<\/p>\n","protected":false},"featured_media":42675,"template":"","meta":[],"pwb-brand":[790],"product_brand":[],"product_cat":[733,737,1149,749],"product_tag":[],"giftcard-category":[],"class_list":{"0":"post-42683","1":"product","2":"type-product","3":"status-publish","4":"has-post-thumbnail","6":"pwb-brand-noon-aesthetics","7":"product_cat-ada-ap-acim","8":"product_cat-mitrinasana","9":"product_cat-noon-aesthetics-lv","10":"product_cat-novecojosa-ada","12":"first","13":"instock","14":"taxable","15":"shipping-taxable","16":"purchasable","17":"product-type-simple"},"acf":[],"brands":[{"id":790,"name":"NOON Aesthetics","slug":"noon-aesthetics"}],"_links":{"self":[{"href":"https:\/\/skinstudio.ee\/lv\/wp-json\/wp\/v2\/product\/42683","targetHints":{"allow":["GET"]}}],"collection":[{"href":"https:\/\/skinstudio.ee\/lv\/wp-json\/wp\/v2\/product"}],"about":[{"href":"https:\/\/skinstudio.ee\/lv\/wp-json\/wp\/v2\/types\/product"}],"version-history":[{"count":0,"href":"https:\/\/skinstudio.ee\/lv\/wp-json\/wp\/v2\/product\/42683\/revisions"}],"wp:featuredmedia":[{"embeddable":true,"href":"https:\/\/skinstudio.ee\/lv\/wp-json\/wp\/v2\/media\/42675"}],"wp:attachment":[{"href":"https:\/\/skinstudio.ee\/lv\/wp-json\/wp\/v2\/media?parent=42683"}],"wp:term":[{"taxonomy":"pwb-brand","embeddable":true,"href":"https:\/\/skinstudio.ee\/lv\/wp-json\/wp\/v2\/pwb-brand?post=42683"},{"taxonomy":"product_brand","embeddable":true,"href":"https:\/\/skinstudio.ee\/lv\/wp-json\/wp\/v2\/product_brand?post=42683"},{"taxonomy":"product_cat","embeddable":true,"href":"https:\/\/skinstudio.ee\/lv\/wp-json\/wp\/v2\/product_cat?post=42683"},{"taxonomy":"product_tag","embeddable":true,"href":"https:\/\/skinstudio.ee\/lv\/wp-json\/wp\/v2\/product_tag?post=42683"},{"taxonomy":"giftcard-category","embeddable":true,"href":"https:\/\/skinstudio.ee\/lv\/wp-json\/wp\/v2\/giftcard-category?post=42683"}],"curies":[{"name":"wp","href":"https:\/\/api.w.org\/{rel}","templated":true}]}}