{"id":42698,"date":"2025-08-08T11:52:08","date_gmt":"2025-08-08T11:52:08","guid":{"rendered":"https:\/\/skinstudio.ee\/?post_type=product&#038;p=42698"},"modified":"2026-02-19T10:13:50","modified_gmt":"2026-02-19T10:13:50","slug":"acno-solution","status":"publish","type":"product","link":"https:\/\/skinstudio.ee\/lv\/catalog\/noon-aesthetics\/acno-solution\/","title":{"rendered":"AcNo Solution"},"content":{"rendered":"<p data-start=\"101\" data-end=\"481\"><strong data-start=\"101\" data-end=\"134\">NOON Aesthetics AcNo Solution<\/strong> ir veidots uz akt\u012bvo sast\u0101vda\u013cu kombin\u0101cijas, kas pal\u012bdz samazin\u0101t patog\u0113no bakt\u0113riju slodzi, regul\u0113t \u0101das taukain\u012bbu un mazin\u0101t iekaisumu, kas izraisa aps\u0101rtumu un kairin\u0101jumu. Formula satur 30% perfluorog\u013c\u016bde\u0146ra\u017eu emulsiju, kas atbr\u012bvo sk\u0101bekli por\u0101s, radot ar sk\u0101bekli bag\u0101tu vidi, kas kav\u0113 anaerobo bakt\u0113riju, piem\u0113ram, <em data-start=\"459\" data-end=\"469\">P. acnes<\/em>, att\u012bst\u012bbu.<\/p>\n<p data-start=\"483\" data-end=\"504\"><strong data-start=\"483\" data-end=\"495\">Tilpums:<\/strong> 10 g \/ 30 g<\/p>\n","protected":false},"excerpt":{"rendered":"<p data-start=\"630\" data-end=\"687\">L\u012bdzeklis iekaisu\u0161as un ar akni pak\u013cautas \u0101das kop\u0161anai<\/p>\n<h2 data-start=\"689\" data-end=\"731\"><strong data-start=\"689\" data-end=\"731\">\u012bpa\u0161\u012bbas <\/strong><strong data-start=\"689\" data-end=\"731\">NOON Aesthetics &#8211; AcNo Solution<\/strong><\/h2>\n<p data-start=\"733\" data-end=\"969\">\u2714\ufe0f Samazina bakt\u0113riju slodzi uz \u0101das<br data-start=\"769\" data-end=\"772\" \/>\u2714\ufe0f Kontrol\u0113 sebuma izdal\u012b\u0161anos<br data-start=\"802\" data-end=\"805\" \/>\u2714\ufe0f Samazina iekaisumu, aps\u0101rtumu un kairin\u0101jumu<br data-start=\"852\" data-end=\"855\" \/>\u2714\ufe0f Bag\u0101tina poras ar sk\u0101bekli, pateicoties perfluorog\u013c\u016bde\u0146ra\u017eu emulsijai<br data-start=\"927\" data-end=\"930\" \/>\u2714\ufe0f Efekt\u012bvs pret anaerobaj\u0101m bakt\u0113rij\u0101m<\/p>\n","protected":false},"featured_media":66499,"template":"","meta":[],"pwb-brand":[790],"product_brand":[],"product_cat":[741,745,1149,749,723,753],"product_tag":[],"giftcard-category":[],"class_list":{"0":"post-42698","1":"product","2":"type-product","3":"status-publish","4":"has-post-thumbnail","6":"pwb-brand-noon-aesthetics","7":"product_cat-izsitumi","8":"product_cat-jutigai-adai","9":"product_cat-noon-aesthetics-lv","10":"product_cat-novecojosa-ada","11":"product_cat-serumi","12":"product_cat-travel-size-lv","13":"pa_suurus-10-g-lv","14":"pa_suurus-30-g-lv","16":"first","17":"instock","18":"taxable","19":"shipping-taxable","20":"purchasable","21":"product-type-variable"},"acf":[],"brands":[{"id":790,"name":"NOON Aesthetics","slug":"noon-aesthetics"}],"_links":{"self":[{"href":"https:\/\/skinstudio.ee\/lv\/wp-json\/wp\/v2\/product\/42698","targetHints":{"allow":["GET"]}}],"collection":[{"href":"https:\/\/skinstudio.ee\/lv\/wp-json\/wp\/v2\/product"}],"about":[{"href":"https:\/\/skinstudio.ee\/lv\/wp-json\/wp\/v2\/types\/product"}],"version-history":[{"count":1,"href":"https:\/\/skinstudio.ee\/lv\/wp-json\/wp\/v2\/product\/42698\/revisions"}],"predecessor-version":[{"id":80634,"href":"https:\/\/skinstudio.ee\/lv\/wp-json\/wp\/v2\/product\/42698\/revisions\/80634"}],"wp:featuredmedia":[{"embeddable":true,"href":"https:\/\/skinstudio.ee\/lv\/wp-json\/wp\/v2\/media\/66499"}],"wp:attachment":[{"href":"https:\/\/skinstudio.ee\/lv\/wp-json\/wp\/v2\/media?parent=42698"}],"wp:term":[{"taxonomy":"pwb-brand","embeddable":true,"href":"https:\/\/skinstudio.ee\/lv\/wp-json\/wp\/v2\/pwb-brand?post=42698"},{"taxonomy":"product_brand","embeddable":true,"href":"https:\/\/skinstudio.ee\/lv\/wp-json\/wp\/v2\/product_brand?post=42698"},{"taxonomy":"product_cat","embeddable":true,"href":"https:\/\/skinstudio.ee\/lv\/wp-json\/wp\/v2\/product_cat?post=42698"},{"taxonomy":"product_tag","embeddable":true,"href":"https:\/\/skinstudio.ee\/lv\/wp-json\/wp\/v2\/product_tag?post=42698"},{"taxonomy":"giftcard-category","embeddable":true,"href":"https:\/\/skinstudio.ee\/lv\/wp-json\/wp\/v2\/giftcard-category?post=42698"}],"curies":[{"name":"wp","href":"https:\/\/api.w.org\/{rel}","templated":true}]}}