{"id":42778,"date":"2025-08-08T13:13:38","date_gmt":"2025-08-08T13:13:38","guid":{"rendered":"https:\/\/skinstudio.ee\/?post_type=product&#038;p=42778"},"modified":"2025-12-30T17:05:08","modified_gmt":"2025-12-30T17:05:08","slug":"in-depth-filler-serum","status":"publish","type":"product","link":"https:\/\/skinstudio.ee\/lv\/catalog\/noon-aesthetics\/in-depth-filler-serum\/","title":{"rendered":"In-Depth Filler Serum"},"content":{"rendered":"<p data-start=\"391\" data-end=\"740\">In-Depth Filler Serum ir sp\u0113c\u012bgs grumbas aizpildo\u0161s kop\u0161anas l\u012bdzeklis, kas izstr\u0101d\u0101ts, apvienojot vair\u0101kas pretnoveco\u0161an\u0101s sast\u0101vda\u013cas. Produkts efekt\u012bvi samazina grumbu un citu noveco\u0161an\u0101s paz\u012bmju izpausmi, uzlabo \u0101das tekst\u016bru un toni, veicina dzi\u013cu mitrin\u0101\u0161anu un elast\u012bbu. Tas ar\u012b pal\u012bdz samazin\u0101t vecuma plankumus un pal\u0113nina \u0101das noveco\u0161anos.<\/p>\n<p data-start=\"742\" data-end=\"759\"><strong data-start=\"742\" data-end=\"754\">Tilpums:<\/strong> 30 g<\/p>\n","protected":false},"excerpt":{"rendered":"<p data-start=\"96\" data-end=\"122\">Pretnoveco\u0161an\u0101s serums<\/p>\n<h2 data-start=\"124\" data-end=\"389\"><strong data-start=\"124\" data-end=\"174\">NOON Aesthetics In-Depth Filler Serum \u012bpa\u0161\u012bbas<\/strong><\/h2>\n<p data-start=\"124\" data-end=\"389\">\u2714\ufe0f Aizpilda un izl\u012bdzina grumbas<br data-start=\"209\" data-end=\"212\" \/>\u2714\ufe0f Uzlabo \u0101das tekst\u016bru un toni<br data-start=\"243\" data-end=\"246\" \/>\u2714\ufe0f Paaugstina mitrin\u0101\u0161anas l\u012bmeni un elast\u012bbu<br data-start=\"291\" data-end=\"294\" data-is-only-node=\"\" \/>\u2714\ufe0f Samazina ar vecumu saist\u012btu pigment\u0101cijas izpausmi<br data-start=\"347\" data-end=\"350\" \/>\u2714\ufe0f Pal\u0113nina \u0101das noveco\u0161an\u0101s procesus<\/p>\n","protected":false},"featured_media":66489,"template":"","meta":[],"pwb-brand":[790],"product_brand":[],"product_cat":[1149,749,751,723],"product_tag":[],"giftcard-category":[],"class_list":{"0":"post-42778","1":"product","2":"type-product","3":"status-publish","4":"has-post-thumbnail","6":"pwb-brand-noon-aesthetics","7":"product_cat-noon-aesthetics-lv","8":"product_cat-novecojosa-ada","9":"product_cat-pigmentacija-lv","10":"product_cat-serumi","12":"first","13":"instock","14":"taxable","15":"shipping-taxable","16":"purchasable","17":"product-type-simple"},"acf":[],"brands":[{"id":790,"name":"NOON Aesthetics","slug":"noon-aesthetics"}],"_links":{"self":[{"href":"https:\/\/skinstudio.ee\/lv\/wp-json\/wp\/v2\/product\/42778","targetHints":{"allow":["GET"]}}],"collection":[{"href":"https:\/\/skinstudio.ee\/lv\/wp-json\/wp\/v2\/product"}],"about":[{"href":"https:\/\/skinstudio.ee\/lv\/wp-json\/wp\/v2\/types\/product"}],"version-history":[{"count":0,"href":"https:\/\/skinstudio.ee\/lv\/wp-json\/wp\/v2\/product\/42778\/revisions"}],"wp:featuredmedia":[{"embeddable":true,"href":"https:\/\/skinstudio.ee\/lv\/wp-json\/wp\/v2\/media\/66489"}],"wp:attachment":[{"href":"https:\/\/skinstudio.ee\/lv\/wp-json\/wp\/v2\/media?parent=42778"}],"wp:term":[{"taxonomy":"pwb-brand","embeddable":true,"href":"https:\/\/skinstudio.ee\/lv\/wp-json\/wp\/v2\/pwb-brand?post=42778"},{"taxonomy":"product_brand","embeddable":true,"href":"https:\/\/skinstudio.ee\/lv\/wp-json\/wp\/v2\/product_brand?post=42778"},{"taxonomy":"product_cat","embeddable":true,"href":"https:\/\/skinstudio.ee\/lv\/wp-json\/wp\/v2\/product_cat?post=42778"},{"taxonomy":"product_tag","embeddable":true,"href":"https:\/\/skinstudio.ee\/lv\/wp-json\/wp\/v2\/product_tag?post=42778"},{"taxonomy":"giftcard-category","embeddable":true,"href":"https:\/\/skinstudio.ee\/lv\/wp-json\/wp\/v2\/giftcard-category?post=42778"}],"curies":[{"name":"wp","href":"https:\/\/api.w.org\/{rel}","templated":true}]}}