{"id":42796,"date":"2025-08-08T13:33:30","date_gmt":"2025-08-08T13:33:30","guid":{"rendered":"https:\/\/skinstudio.ee\/?post_type=product&#038;p=42796"},"modified":"2026-02-14T12:00:00","modified_gmt":"2026-02-14T12:00:00","slug":"in-depth-filler-cream","status":"publish","type":"product","link":"https:\/\/skinstudio.ee\/lv\/catalog\/noon-aesthetics\/in-depth-filler-cream\/","title":{"rendered":"In-Depth Filler Cream"},"content":{"rendered":"<p data-start=\"181\" data-end=\"425\"><strong data-start=\"181\" data-end=\"206\">In-Depth Filler Cream<\/strong> ir sp\u0113c\u012bgs pretnoveco\u0161an\u0101s kr\u0113ms ar dzi\u013cas grumbi\u0146u aizpild\u012b\u0161anas efektu, kas balst\u012bts uz vair\u0101ku akt\u012bvo sast\u0101vda\u013cu siner\u0123isko darb\u012bbu. Pier\u0101d\u012bts, ka tas iev\u0113rojami samazina grumbu un citu noveco\u0161an\u0101s paz\u012bmju izpausmi.<\/p>\n<p data-start=\"427\" data-end=\"606\">Kr\u0113ms pal\u012bdz izl\u012bdzin\u0101t krunci\u0146as, uzlabot \u0101das tekst\u016bru un tvirtumu, paaugstina mitruma l\u012bmeni un elast\u012bbu, samazina pigment\u0101cijas plankumus un pal\u0113nina \u0101das noveco\u0161an\u0101s procesu.<\/p>\n<p data-start=\"611\" data-end=\"628\"><strong data-start=\"611\" data-end=\"623\">Tilpums:<\/strong> 15 ml \/ 50 g<\/p>\n","protected":false},"excerpt":{"rendered":"<p data-start=\"726\" data-end=\"747\">Pretnoveco\u0161an\u0101s kr\u0113ms<\/p>\n<h2 data-start=\"749\" data-end=\"799\"><strong data-start=\"749\" data-end=\"799\">\u012apa\u0161\u012bbas NOON Aesthetics &#8211; In-Depth Filler Cream<\/strong><\/h2>\n<p data-start=\"801\" data-end=\"1010\">\u2714\ufe0f Aizpilda un izl\u012bdzina grumbas<br data-start=\"833\" data-end=\"836\" \/>\u2714\ufe0f Palielina \u0101das elast\u012bbu un stingr\u012bbu<br data-start=\"875\" data-end=\"878\" \/>\u2714\ufe0f Dzi\u013ci mitrina un m\u012bkstina<br data-start=\"906\" data-end=\"909\" \/>\u2714\ufe0f Vienm\u0113r\u012bg\u0101ka \u0101das tekst\u016bra un tonis<br data-start=\"947\" data-end=\"950\" \/>\u2714\ufe0f Pal\u0113nina noveco\u0161anos un pigment\u0101cijas plankumu veido\u0161anos<\/p>\n","protected":false},"featured_media":72992,"template":"","meta":[],"pwb-brand":[790],"product_brand":[],"product_cat":[737,1149,749,751,753],"product_tag":[],"giftcard-category":[],"class_list":{"0":"post-42796","1":"product","2":"type-product","3":"status-publish","4":"has-post-thumbnail","6":"pwb-brand-noon-aesthetics","7":"product_cat-mitrinasana","8":"product_cat-noon-aesthetics-lv","9":"product_cat-novecojosa-ada","10":"product_cat-pigmentacija-lv","11":"product_cat-travel-size-lv","12":"pa_suurus-15ml-lv","13":"pa_suurus-50g-lv","15":"first","16":"instock","17":"taxable","18":"shipping-taxable","19":"purchasable","20":"product-type-variable"},"acf":[],"brands":[{"id":790,"name":"NOON Aesthetics","slug":"noon-aesthetics"}],"_links":{"self":[{"href":"https:\/\/skinstudio.ee\/lv\/wp-json\/wp\/v2\/product\/42796","targetHints":{"allow":["GET"]}}],"collection":[{"href":"https:\/\/skinstudio.ee\/lv\/wp-json\/wp\/v2\/product"}],"about":[{"href":"https:\/\/skinstudio.ee\/lv\/wp-json\/wp\/v2\/types\/product"}],"version-history":[{"count":1,"href":"https:\/\/skinstudio.ee\/lv\/wp-json\/wp\/v2\/product\/42796\/revisions"}],"predecessor-version":[{"id":80910,"href":"https:\/\/skinstudio.ee\/lv\/wp-json\/wp\/v2\/product\/42796\/revisions\/80910"}],"wp:featuredmedia":[{"embeddable":true,"href":"https:\/\/skinstudio.ee\/lv\/wp-json\/wp\/v2\/media\/72992"}],"wp:attachment":[{"href":"https:\/\/skinstudio.ee\/lv\/wp-json\/wp\/v2\/media?parent=42796"}],"wp:term":[{"taxonomy":"pwb-brand","embeddable":true,"href":"https:\/\/skinstudio.ee\/lv\/wp-json\/wp\/v2\/pwb-brand?post=42796"},{"taxonomy":"product_brand","embeddable":true,"href":"https:\/\/skinstudio.ee\/lv\/wp-json\/wp\/v2\/product_brand?post=42796"},{"taxonomy":"product_cat","embeddable":true,"href":"https:\/\/skinstudio.ee\/lv\/wp-json\/wp\/v2\/product_cat?post=42796"},{"taxonomy":"product_tag","embeddable":true,"href":"https:\/\/skinstudio.ee\/lv\/wp-json\/wp\/v2\/product_tag?post=42796"},{"taxonomy":"giftcard-category","embeddable":true,"href":"https:\/\/skinstudio.ee\/lv\/wp-json\/wp\/v2\/giftcard-category?post=42796"}],"curies":[{"name":"wp","href":"https:\/\/api.w.org\/{rel}","templated":true}]}}