{"id":42859,"date":"2025-08-08T14:43:31","date_gmt":"2025-08-08T14:43:31","guid":{"rendered":"https:\/\/skinstudio.ee\/?post_type=product&#038;p=42859"},"modified":"2026-04-16T08:38:25","modified_gmt":"2026-04-16T08:38:25","slug":"mega-green-tea-extract","status":"publish","type":"product","link":"https:\/\/skinstudio.ee\/lv\/catalog\/life-extension\/mega-green-tea-extract\/","title":{"rendered":"Mega Green Tea Extract"},"content":{"rendered":"<p data-start=\"100\" data-end=\"290\"><strong data-start=\"100\" data-end=\"144\">Mega Green Tea Extract no Life Extension<\/strong> &#8211; uztura bag\u0101tin\u0101t\u0101js ar za\u013c\u0101s t\u0113jas ekstraktu (Camellia sinensis), kas satur polifenolu savienojumus, tostarp epigallokateh\u012bna-3-gall\u0101tu (EGCG).<\/p>\n<p data-start=\"292\" data-end=\"454\">Katra kapsula satur 725 mg za\u013c\u0101s t\u0113jas ekstrakta, standartiz\u0113ta l\u012bdz 98% polifenolu. \u0160\u0101da koncentr\u0101cija padara produktu par \u0113rtu polifenolu avotu ikdienas uztur\u0101.<\/p>\n<p data-start=\"456\" data-end=\"526\">Formula nesatur kofe\u012bnu un ir pieejama kapsulu form\u0101 \u0113rtai lieto\u0161anai.<\/p>\n<p data-start=\"528\" data-end=\"546\"><strong data-start=\"528\" data-end=\"546\">Ra\u017eots Eirop\u0101.<\/strong><\/p>\n<p data-start=\"548\" data-end=\"683\"><strong data-start=\"548\" data-end=\"569\">Der\u012bguma termi\u0146\u0161:<\/strong> skat\u012bt uz iepakojuma<br data-start=\"590\" data-end=\"593\" \/><strong data-start=\"593\" data-end=\"609\">Uzglab\u0101\u0161ana:<\/strong> uzglab\u0101t cie\u0161i nosl\u0113gtu v\u0113s\u0101 un saus\u0101 viet\u0101<br data-start=\"653\" data-end=\"656\" \/><strong data-start=\"656\" data-end=\"668\">Tilpums:<\/strong> 100 kapsulas<\/p>\n","protected":false},"excerpt":{"rendered":"<p data-start=\"690\" data-end=\"736\">Uztura bag\u0101tin\u0101t\u0101js ar za\u013c\u0101s t\u0113jas ekstraktu<\/p>\n<h2 data-section-id=\"wydzi5\" data-start=\"738\" data-end=\"794\"><strong data-start=\"742\" data-end=\"794\">\u012apa\u0161\u012bbas Life Extension &#8211; Mega Green Tea Extract<\/strong><\/h2>\n<p data-start=\"796\" data-end=\"922\">\u2714\ufe0f 725 mg za\u013c\u0101s t\u0113jas ekstrakta kapsul\u0101<br data-start=\"835\" data-end=\"838\" \/>\u2714\ufe0f Standartiz\u0113ts l\u012bdz 98% polifenolu<br data-start=\"874\" data-end=\"877\" \/>\u2714\ufe0f Satur EGCG<br data-start=\"890\" data-end=\"893\" \/>\u2714\ufe0f Bez kofe\u012bna<br data-start=\"907\" data-end=\"910\" \/>\u2714\ufe0f Bez \u0122MO<\/p>\n","protected":false},"featured_media":42851,"template":"","meta":[],"pwb-brand":[774],"product_brand":[],"product_cat":[768],"product_tag":[],"giftcard-category":[],"class_list":{"0":"post-42859","1":"product","2":"type-product","3":"status-publish","4":"has-post-thumbnail","6":"pwb-brand-life-extension","7":"product_cat-vitamini","9":"first","10":"instock","11":"taxable","12":"shipping-taxable","13":"purchasable","14":"product-type-simple"},"acf":[],"brands":[{"id":774,"name":"Life Extension","slug":"life-extension"}],"_links":{"self":[{"href":"https:\/\/skinstudio.ee\/lv\/wp-json\/wp\/v2\/product\/42859","targetHints":{"allow":["GET"]}}],"collection":[{"href":"https:\/\/skinstudio.ee\/lv\/wp-json\/wp\/v2\/product"}],"about":[{"href":"https:\/\/skinstudio.ee\/lv\/wp-json\/wp\/v2\/types\/product"}],"version-history":[{"count":2,"href":"https:\/\/skinstudio.ee\/lv\/wp-json\/wp\/v2\/product\/42859\/revisions"}],"predecessor-version":[{"id":87062,"href":"https:\/\/skinstudio.ee\/lv\/wp-json\/wp\/v2\/product\/42859\/revisions\/87062"}],"wp:featuredmedia":[{"embeddable":true,"href":"https:\/\/skinstudio.ee\/lv\/wp-json\/wp\/v2\/media\/42851"}],"wp:attachment":[{"href":"https:\/\/skinstudio.ee\/lv\/wp-json\/wp\/v2\/media?parent=42859"}],"wp:term":[{"taxonomy":"pwb-brand","embeddable":true,"href":"https:\/\/skinstudio.ee\/lv\/wp-json\/wp\/v2\/pwb-brand?post=42859"},{"taxonomy":"product_brand","embeddable":true,"href":"https:\/\/skinstudio.ee\/lv\/wp-json\/wp\/v2\/product_brand?post=42859"},{"taxonomy":"product_cat","embeddable":true,"href":"https:\/\/skinstudio.ee\/lv\/wp-json\/wp\/v2\/product_cat?post=42859"},{"taxonomy":"product_tag","embeddable":true,"href":"https:\/\/skinstudio.ee\/lv\/wp-json\/wp\/v2\/product_tag?post=42859"},{"taxonomy":"giftcard-category","embeddable":true,"href":"https:\/\/skinstudio.ee\/lv\/wp-json\/wp\/v2\/giftcard-category?post=42859"}],"curies":[{"name":"wp","href":"https:\/\/api.w.org\/{rel}","templated":true}]}}