{"id":42875,"date":"2025-08-08T14:57:12","date_gmt":"2025-08-08T14:57:12","guid":{"rendered":"https:\/\/skinstudio.ee\/?post_type=product&#038;p=42875"},"modified":"2026-04-03T09:47:12","modified_gmt":"2026-04-03T09:47:12","slug":"soothing-cream","status":"publish","type":"product","link":"https:\/\/skinstudio.ee\/lv\/catalog\/zeroid-lv\/soothing-cream\/","title":{"rendered":"Soothing Cream"},"content":{"rendered":"<p data-start=\"2216\" data-end=\"2480\"><strong data-start=\"2216\" data-end=\"2244\">Soothing Cream no ZEROID<\/strong> ir viegls, bet efekt\u012bvs e\u013c\u013cas nesaturo\u0161s mitrino\u0161s kr\u0113ms, kas paredz\u0113ts sausas un jut\u012bgas \u0101das ikdienas kop\u0161anai. Kr\u0113ms nodro\u0161ina ilgsto\u0161u mitrin\u0101\u0161anu un stiprina \u0101das aizsargbarjeru, saglab\u0101jot komfortu un maigumu visas dienas garum\u0101.<\/p>\n<p data-start=\"2482\" data-end=\"2689\">Viegl\u0101 tekst\u016bra vienm\u0113r\u012bgi kl\u0101jas un \u0101tri ies\u016bcas, m\u012bkstina \u0101du un samazina sausuma un diskomforta saj\u016btu, nep\u0101rslogojot \u0101du. Piem\u0113rots regul\u0101rai lieto\u0161anai un viegli iek\u013caujas ikdienas \u0101das kop\u0161anas rut\u012bn\u0101.<\/p>\n<p data-start=\"2691\" data-end=\"2871\"><strong data-start=\"2691\" data-end=\"2724\">Kam piem\u0113rots Soothing Cream:<\/strong> paredz\u0113ts sausai, jut\u012bgai un reakt\u012bvai \u0101dai, tostarp \u0101dai ar boj\u0101tu aizsargbarjeru. Piem\u0113rots lieto\u0161anai jebkur\u0101 vecum\u0101, ar\u012b z\u012bdai\u0146iem un b\u0113rniem.<\/p>\n<p data-start=\"2873\" data-end=\"2891\"><strong data-start=\"2873\" data-end=\"2885\">Tilpums:<\/strong> 80 ml<\/p>\n","protected":false},"excerpt":{"rendered":"<p data-start=\"2942\" data-end=\"2969\">Nomierino\u0161s mitrino\u0161s kr\u0113ms<\/p>\n<h2 data-start=\"2971\" data-end=\"3007\"><strong data-start=\"2971\" data-end=\"3007\">\u012apa\u0161\u012bbas ZEROID &#8211; Soothing Cream<\/strong><\/h2>\n<p data-start=\"3009\" data-end=\"3198\">\u2714\ufe0f Nodro\u0161ina ilgsto\u0161u mitrin\u0101\u0161anu<br data-start=\"3042\" data-end=\"3045\" \/>\u2714\ufe0f Stiprina \u0101das aizsargbarjeru<br data-start=\"3076\" data-end=\"3079\" \/>\u2714\ufe0f M\u012bkstina un nomierina \u0101du<br data-start=\"3107\" data-end=\"3110\" \/>\u2714\ufe0f Samazina sausumu un diskomforta saj\u016btu<br data-start=\"3151\" data-end=\"3154\" \/>\u2714\ufe0f Saglab\u0101 \u0101das komfortu visas dienas garum\u0101<\/p>\n","protected":false},"featured_media":42867,"template":"","meta":[],"pwb-brand":[1255],"product_brand":[],"product_cat":[745,737,739],"product_tag":[],"giftcard-category":[],"class_list":{"0":"post-42875","1":"product","2":"type-product","3":"status-publish","4":"has-post-thumbnail","6":"pwb-brand-zeroid-lv","7":"product_cat-jutigai-adai","8":"product_cat-mitrinasana","9":"product_cat-sausai-adai","11":"first","12":"instock","13":"taxable","14":"shipping-taxable","15":"purchasable","16":"product-type-simple"},"acf":[],"brands":[{"id":1255,"name":"ZEROID","slug":"zeroid-lv"}],"_links":{"self":[{"href":"https:\/\/skinstudio.ee\/lv\/wp-json\/wp\/v2\/product\/42875","targetHints":{"allow":["GET"]}}],"collection":[{"href":"https:\/\/skinstudio.ee\/lv\/wp-json\/wp\/v2\/product"}],"about":[{"href":"https:\/\/skinstudio.ee\/lv\/wp-json\/wp\/v2\/types\/product"}],"version-history":[{"count":1,"href":"https:\/\/skinstudio.ee\/lv\/wp-json\/wp\/v2\/product\/42875\/revisions"}],"predecessor-version":[{"id":79543,"href":"https:\/\/skinstudio.ee\/lv\/wp-json\/wp\/v2\/product\/42875\/revisions\/79543"}],"wp:featuredmedia":[{"embeddable":true,"href":"https:\/\/skinstudio.ee\/lv\/wp-json\/wp\/v2\/media\/42867"}],"wp:attachment":[{"href":"https:\/\/skinstudio.ee\/lv\/wp-json\/wp\/v2\/media?parent=42875"}],"wp:term":[{"taxonomy":"pwb-brand","embeddable":true,"href":"https:\/\/skinstudio.ee\/lv\/wp-json\/wp\/v2\/pwb-brand?post=42875"},{"taxonomy":"product_brand","embeddable":true,"href":"https:\/\/skinstudio.ee\/lv\/wp-json\/wp\/v2\/product_brand?post=42875"},{"taxonomy":"product_cat","embeddable":true,"href":"https:\/\/skinstudio.ee\/lv\/wp-json\/wp\/v2\/product_cat?post=42875"},{"taxonomy":"product_tag","embeddable":true,"href":"https:\/\/skinstudio.ee\/lv\/wp-json\/wp\/v2\/product_tag?post=42875"},{"taxonomy":"giftcard-category","embeddable":true,"href":"https:\/\/skinstudio.ee\/lv\/wp-json\/wp\/v2\/giftcard-category?post=42875"}],"curies":[{"name":"wp","href":"https:\/\/api.w.org\/{rel}","templated":true}]}}