{"id":42893,"date":"2025-08-08T15:24:25","date_gmt":"2025-08-08T15:24:25","guid":{"rendered":"https:\/\/skinstudio.ee\/?post_type=product&#038;p=42893"},"modified":"2026-02-13T15:28:11","modified_gmt":"2026-02-13T15:28:11","slug":"e-y-e-recovery","status":"publish","type":"product","link":"https:\/\/skinstudio.ee\/lv\/catalog\/ph-formula\/e-y-e-recovery\/","title":{"rendered":"E.Y.E. Recovery"},"content":{"rendered":"<p data-start=\"3137\" data-end=\"3414\"><strong data-start=\"3137\" data-end=\"3169\">E.Y.E. Recovery no pHformula<\/strong> ir atjaunojo\u0161s kr\u0113ms acu zonai ar inovat\u012bvu formulu, kas darbojas l\u012bdz\u012bgi retinolam, bet neizraisa kairin\u0101jumu. Tas pal\u012bdz samazin\u0101t smalko l\u012bniju un grumbu redzam\u012bbu, mazina tum\u0161os lokus un piet\u016bkumu, padarot \u0101du glud\u0101ku, tvirt\u0101ku un svaig\u0101ku.<\/p>\n<p data-start=\"3416\" data-end=\"3541\">Kr\u0113ms ir ide\u0101li piem\u0113rots ar\u012b uzkl\u0101\u0161anai uz uzacu kaula zonas, nodro\u0161inot redzamu liftinga efektu un uzlabojot \u0101das tvirtumu.<\/p>\n<p data-start=\"3543\" data-end=\"3575\"><strong data-start=\"3543\" data-end=\"3575\">Galveno sast\u0101vda\u013cu iedarb\u012bba<\/strong><\/p>\n<ul data-start=\"3577\" data-end=\"3906\">\n<li data-start=\"3577\" data-end=\"3710\">\n<p data-start=\"3579\" data-end=\"3710\"><strong data-start=\"3579\" data-end=\"3593\">Bakuchiol:<\/strong> augu izcelsmes alternat\u012bva retinolam, pal\u012bdz mazin\u0101t noveco\u0161an\u0101s paz\u012bmes un uzlabot \u0101das tekst\u016bru bez kairin\u0101juma.<\/p>\n<\/li>\n<li data-start=\"3711\" data-end=\"3802\">\n<p data-start=\"3713\" data-end=\"3802\"><strong data-start=\"3713\" data-end=\"3735\">Pept\u012bdu komplekss:<\/strong> atbalsta \u0101das elast\u012bbu un tvirtumu un pal\u012bdz izl\u012bdzin\u0101t grumbas.<\/p>\n<\/li>\n<li data-start=\"3803\" data-end=\"3906\">\n<p data-start=\"3805\" data-end=\"3906\"><strong data-start=\"3805\" data-end=\"3833\">Chrysinimide + Arginine:<\/strong> pal\u012bdz samazin\u0101t piet\u016bkumu un tum\u0161os lokus, uzlabojot acu zonas izskatu.<\/p>\n<\/li>\n<\/ul>\n<p data-start=\"3908\" data-end=\"4055\">Piem\u0113rots visiem \u0101das tipiem, tostarp jut\u012bgai \u0101dai, \u012bpa\u0161i pie pirmaj\u0101m noveco\u0161an\u0101s paz\u012bm\u0113m, noguru\u0161a izskata un samazin\u0101tas \u0101das tvirtuma acu zon\u0101.<\/p>\n<p data-start=\"4057\" data-end=\"4075\"><strong data-start=\"4057\" data-end=\"4069\">Tilpums:<\/strong> 20 ml<\/p>\n","protected":false},"excerpt":{"rendered":"<p data-start=\"790\" data-end=\"855\"><span style=\"color: #ff0000;\"><strong data-start=\"790\" data-end=\"855\">pHformula produkti tiek pieg\u0101d\u0101ti tikai Igaunijas teritorij\u0101.<\/strong><\/span><\/p>\n<p data-start=\"101\" data-end=\"325\"><span style=\"color: #ff0000;\">NB! \u0160o produktu var ieg\u0101d\u0101ties tikai p\u0113c konsult\u0101cijas ar speci\u0101listu. Zvaniet mums pa t\u0101lruni +372 58 500 171 vai nos\u016btiet savu piepras\u012bjumu uz e-pastu <a class=\"decorated-link cursor-pointer\" style=\"color: #ff0000;\" href=\"mailto:info@skinstudio.ee\" rel=\"noopener\" data-start=\"254\" data-end=\"272\">info@skinstudio.ee<\/a>. M\u016bsu konsultanti pal\u012bdz\u0113s jums ar \u0161\u012b z\u012bmola ieg\u0101di.<\/span><\/p>\n<p data-start=\"4293\" data-end=\"4320\">Atjaunojo\u0161s kr\u0113ms acu zonai<\/p>\n<h2 data-start=\"4322\" data-end=\"4362\"><strong data-start=\"4322\" data-end=\"4362\">\u012apa\u0161\u012bbas pHformula &#8211; E.Y.E. Recovery<\/strong><\/h2>\n<p data-start=\"4364\" data-end=\"4564\">\u2714\ufe0f Samazina piet\u016bkumu un tum\u0161os lokus<br data-start=\"4401\" data-end=\"4404\" \/>\u2714\ufe0f Izl\u012bdzina grumbas un smalk\u0101s l\u012bnijas ap ac\u012bm<br data-start=\"4451\" data-end=\"4454\" \/>\u2714\ufe0f Uzlabo \u0101das elast\u012bbu un tvirtumu<br data-start=\"4489\" data-end=\"4492\" \/>\u2714\ufe0f Padara \u0101du glud\u0101ku un kopt\u0101ku<br data-start=\"4524\" data-end=\"4527\" \/>\u2714\ufe0f Piem\u0113rots jut\u012bgai acu zonas \u0101dai<\/p>\n","protected":false},"featured_media":64685,"template":"","meta":[],"pwb-brand":[778],"product_brand":[],"product_cat":[733,749,653],"product_tag":[],"giftcard-category":[],"class_list":{"0":"post-42893","1":"product","2":"type-product","3":"status-publish","4":"has-post-thumbnail","6":"pwb-brand-ph-formula","7":"product_cat-ada-ap-acim","8":"product_cat-novecojosa-ada","9":"product_cat-ph-formula","11":"first","12":"instock","13":"sale","14":"taxable","15":"shipping-taxable","16":"purchasable","17":"product-type-simple"},"acf":[],"brands":[{"id":778,"name":"pH Formula","slug":"ph-formula"}],"_links":{"self":[{"href":"https:\/\/skinstudio.ee\/lv\/wp-json\/wp\/v2\/product\/42893","targetHints":{"allow":["GET"]}}],"collection":[{"href":"https:\/\/skinstudio.ee\/lv\/wp-json\/wp\/v2\/product"}],"about":[{"href":"https:\/\/skinstudio.ee\/lv\/wp-json\/wp\/v2\/types\/product"}],"version-history":[{"count":2,"href":"https:\/\/skinstudio.ee\/lv\/wp-json\/wp\/v2\/product\/42893\/revisions"}],"predecessor-version":[{"id":77712,"href":"https:\/\/skinstudio.ee\/lv\/wp-json\/wp\/v2\/product\/42893\/revisions\/77712"}],"wp:featuredmedia":[{"embeddable":true,"href":"https:\/\/skinstudio.ee\/lv\/wp-json\/wp\/v2\/media\/64685"}],"wp:attachment":[{"href":"https:\/\/skinstudio.ee\/lv\/wp-json\/wp\/v2\/media?parent=42893"}],"wp:term":[{"taxonomy":"pwb-brand","embeddable":true,"href":"https:\/\/skinstudio.ee\/lv\/wp-json\/wp\/v2\/pwb-brand?post=42893"},{"taxonomy":"product_brand","embeddable":true,"href":"https:\/\/skinstudio.ee\/lv\/wp-json\/wp\/v2\/product_brand?post=42893"},{"taxonomy":"product_cat","embeddable":true,"href":"https:\/\/skinstudio.ee\/lv\/wp-json\/wp\/v2\/product_cat?post=42893"},{"taxonomy":"product_tag","embeddable":true,"href":"https:\/\/skinstudio.ee\/lv\/wp-json\/wp\/v2\/product_tag?post=42893"},{"taxonomy":"giftcard-category","embeddable":true,"href":"https:\/\/skinstudio.ee\/lv\/wp-json\/wp\/v2\/giftcard-category?post=42893"}],"curies":[{"name":"wp","href":"https:\/\/api.w.org\/{rel}","templated":true}]}}