{"id":42909,"date":"2025-08-08T15:38:30","date_gmt":"2025-08-08T15:38:30","guid":{"rendered":"https:\/\/skinstudio.ee\/?post_type=product&#038;p=42909"},"modified":"2026-02-13T15:28:10","modified_gmt":"2026-02-13T15:28:10","slug":"e-y-e-balm-cleanse","status":"publish","type":"product","link":"https:\/\/skinstudio.ee\/lv\/catalog\/ph-formula\/e-y-e-balm-cleanse\/","title":{"rendered":"E.Y.E. Balm Cleanse"},"content":{"rendered":"<p data-start=\"2845\" data-end=\"3081\"><strong data-start=\"2845\" data-end=\"2881\">E.Y.E. Balm Cleanse no pHformula<\/strong> ir maigs att\u012bro\u0161s balzams, kas, saskaroties ar \u0101du, p\u0101rv\u0113r\u0161as z\u012bdain\u0101 e\u013c\u013c\u0101 un efekt\u012bvi no\u0146em kosm\u0113tiku, tostarp notur\u012bgu. Tas att\u012bra \u0101du, nesamazinot komfortu, un atst\u0101j \u0101du maigu, koptu un pabarotu.<\/p>\n<p data-start=\"3083\" data-end=\"3187\">Pateicoties kompaktajam izm\u0113ram, balzamu ir \u0113rti pa\u0146emt l\u012bdzi &#8211; ide\u0101li kosm\u0113tikas maci\u0146am un ce\u013cojumiem.<\/p>\n<p data-start=\"3189\" data-end=\"3221\"><strong data-start=\"3189\" data-end=\"3221\">Galveno sast\u0101vda\u013cu iedarb\u012bba<\/strong><\/p>\n<ul data-start=\"3223\" data-end=\"3493\">\n<li data-start=\"3223\" data-end=\"3308\">\n<p data-start=\"3225\" data-end=\"3308\"><strong data-start=\"3225\" data-end=\"3246\">Murumuru sviests:<\/strong> maigi \u0161\u0137\u012bdina kosm\u0113tiku, baro \u0101du un nov\u0113r\u0161 sausuma saj\u016btu.<\/p>\n<\/li>\n<li data-start=\"3309\" data-end=\"3398\">\n<p data-start=\"3311\" data-end=\"3398\"><strong data-start=\"3311\" data-end=\"3326\">E vitam\u012bns:<\/strong> nodro\u0161ina antioksidantu aizsardz\u012bbu un pal\u012bdz saglab\u0101t \u0101das komfortu.<\/p>\n<\/li>\n<li data-start=\"3399\" data-end=\"3493\">\n<p data-start=\"3401\" data-end=\"3493\"><strong data-start=\"3401\" data-end=\"3433\">M\u012bkstino\u0161o esteru komplekss:<\/strong> pal\u012bdz maigi att\u012br\u012bt \u0101du un saglab\u0101t t\u0101s dabisko l\u012bdzsvaru.<\/p>\n<\/li>\n<\/ul>\n<p data-start=\"3495\" data-end=\"3581\">Piem\u0113rots visiem \u0101das tipiem, tostarp jut\u012bgai \u0101dai, k\u0101 ar\u012b maigajai acu un l\u016bpu zonai.<\/p>\n<p data-start=\"3583\" data-end=\"3601\"><strong data-start=\"3583\" data-end=\"3595\">Tilpums:<\/strong> 10 ml<\/p>\n","protected":false},"excerpt":{"rendered":"<p data-start=\"640\" data-end=\"701\"><span style=\"color: #ff0000;\"><strong>pHformula produkti tiek pieg\u0101d\u0101ti tikai Igaunijas teritorij\u0101.<\/strong><\/span><\/p>\n<p data-start=\"640\" data-end=\"701\"><span style=\"color: #ff0000;\">NB! \u0160o produktu var ieg\u0101d\u0101ties tikai p\u0113c konsult\u0101cijas ar speci\u0101listu. Zvaniet mums pa t\u0101lruni +372 58 500 171 vai nos\u016btiet savu piepras\u012bjumu uz e-pastu <a class=\"decorated-link cursor-pointer\" style=\"color: #ff0000;\" href=\"mailto:info@skinstudio.ee\" rel=\"noopener\" data-start=\"254\" data-end=\"272\">info@skinstudio.ee<\/a>. M\u016bsu konsultanti pal\u012bdz\u0113s jums ar \u0161\u012b z\u012bmola ieg\u0101di.<\/span><\/p>\n<p data-start=\"3815\" data-end=\"3841\">Att\u012bro\u0161s balzams acu zonai<\/p>\n<h2 data-start=\"3843\" data-end=\"3887\"><strong data-start=\"3843\" data-end=\"3887\">\u012apa\u0161\u012bbas pHformula &#8211; E.Y.E. Balm Cleanse<\/strong><\/h2>\n<p data-start=\"3889\" data-end=\"4083\">\u2714\ufe0f Efekt\u012bvi no\u0146em kosm\u0113tiku no ac\u012bm un l\u016bp\u0101m<br data-start=\"3933\" data-end=\"3936\" \/>\u2714\ufe0f Piem\u0113rots jut\u012bgai \u0101dai<br data-start=\"3961\" data-end=\"3964\" \/>\u2714\ufe0f Nerada kairin\u0101jumu vai dedzin\u0101\u0161anu<br data-start=\"4001\" data-end=\"4004\" \/>\u2714\ufe0f M\u012bkstina un nomierina \u0101du<br data-start=\"4032\" data-end=\"4035\" \/>\u2714\ufe0f Att\u012bra \u0101du, neboj\u0101jot t\u0101s dabisko l\u012bdzsvaru<\/p>\n","protected":false},"featured_media":64680,"template":"","meta":[],"pwb-brand":[778],"product_brand":[],"product_cat":[733,715,653],"product_tag":[],"giftcard-category":[],"class_list":{"0":"post-42909","1":"product","2":"type-product","3":"status-publish","4":"has-post-thumbnail","6":"pwb-brand-ph-formula","7":"product_cat-ada-ap-acim","8":"product_cat-attirisana","9":"product_cat-ph-formula","11":"first","12":"instock","13":"sale","14":"taxable","15":"shipping-taxable","16":"purchasable","17":"product-type-simple"},"acf":[],"brands":[{"id":778,"name":"pH Formula","slug":"ph-formula"}],"_links":{"self":[{"href":"https:\/\/skinstudio.ee\/lv\/wp-json\/wp\/v2\/product\/42909","targetHints":{"allow":["GET"]}}],"collection":[{"href":"https:\/\/skinstudio.ee\/lv\/wp-json\/wp\/v2\/product"}],"about":[{"href":"https:\/\/skinstudio.ee\/lv\/wp-json\/wp\/v2\/types\/product"}],"version-history":[{"count":2,"href":"https:\/\/skinstudio.ee\/lv\/wp-json\/wp\/v2\/product\/42909\/revisions"}],"predecessor-version":[{"id":77706,"href":"https:\/\/skinstudio.ee\/lv\/wp-json\/wp\/v2\/product\/42909\/revisions\/77706"}],"wp:featuredmedia":[{"embeddable":true,"href":"https:\/\/skinstudio.ee\/lv\/wp-json\/wp\/v2\/media\/64680"}],"wp:attachment":[{"href":"https:\/\/skinstudio.ee\/lv\/wp-json\/wp\/v2\/media?parent=42909"}],"wp:term":[{"taxonomy":"pwb-brand","embeddable":true,"href":"https:\/\/skinstudio.ee\/lv\/wp-json\/wp\/v2\/pwb-brand?post=42909"},{"taxonomy":"product_brand","embeddable":true,"href":"https:\/\/skinstudio.ee\/lv\/wp-json\/wp\/v2\/product_brand?post=42909"},{"taxonomy":"product_cat","embeddable":true,"href":"https:\/\/skinstudio.ee\/lv\/wp-json\/wp\/v2\/product_cat?post=42909"},{"taxonomy":"product_tag","embeddable":true,"href":"https:\/\/skinstudio.ee\/lv\/wp-json\/wp\/v2\/product_tag?post=42909"},{"taxonomy":"giftcard-category","embeddable":true,"href":"https:\/\/skinstudio.ee\/lv\/wp-json\/wp\/v2\/giftcard-category?post=42909"}],"curies":[{"name":"wp","href":"https:\/\/api.w.org\/{rel}","templated":true}]}}