{"id":42925,"date":"2025-08-09T08:27:20","date_gmt":"2025-08-09T08:27:20","guid":{"rendered":"https:\/\/skinstudio.ee\/?post_type=product&#038;p=42925"},"modified":"2026-02-13T15:28:09","modified_gmt":"2026-02-13T15:28:09","slug":"d-e-r-m-a-b-r-a-s-i-o-n-mild-cream","status":"publish","type":"product","link":"https:\/\/skinstudio.ee\/lv\/catalog\/ph-formula\/d-e-r-m-a-b-r-a-s-i-o-n-mild-cream\/","title":{"rendered":"D.E.R.M.A.B.R.A.S.I.O.N. Mild Cream"},"content":{"rendered":"<p data-start=\"3399\" data-end=\"3714\"><strong data-start=\"3399\" data-end=\"3451\">D.E.R.M.A.B.R.A.S.I.O.N. Mild Cream no pHformula<\/strong> ir efekt\u012bvs eksfoli\u0113jo\u0161s kr\u0113ms \u0101das atjauno\u0161anai m\u0101jas apst\u0101k\u013cos ar maigu, bet iedarb\u012bgu formulu. Tas stimul\u0113 \u0161\u016bnu atjauno\u0161anos, uzlabo \u0101das tekst\u016bru, padara \u0101du glud\u0101ku, vienm\u0113r\u012bg\u0101ku un starojo\u0161\u0101ku, k\u0101 ar\u012b pal\u012bdz samazin\u0101t s\u012bko l\u012bniju un nevienm\u0113r\u012bbu redzam\u012bbu.<\/p>\n<p data-start=\"3716\" data-end=\"3824\">Formula pastiprina \u0101das dabisko eksfoli\u0101cijas procesu un pal\u012bdz ieg\u016bt t\u012br\u0101ku, svaig\u0101ku un kopt\u0101ku sejas \u0101du.<\/p>\n<p data-start=\"3826\" data-end=\"3858\"><strong data-start=\"3826\" data-end=\"3858\">Galveno sast\u0101vda\u013cu iedarb\u012bba<\/strong><\/p>\n<ul data-start=\"3860\" data-end=\"4224\">\n<li data-start=\"3860\" data-end=\"3995\">\n<p data-start=\"3862\" data-end=\"3995\"><strong data-start=\"3862\" data-end=\"3925\">Sk\u0101bju komplekss (piensk\u0101be, salicilsk\u0101be, laktobionsk\u0101be):<\/strong> maigi noloba, izl\u012bdzina \u0101das tekst\u016bru un stimul\u0113 \u0161\u016bnu atjauno\u0161anos.<\/p>\n<\/li>\n<li data-start=\"3996\" data-end=\"4111\">\n<p data-start=\"3998\" data-end=\"4111\"><strong data-start=\"3998\" data-end=\"4011\">Retinols:<\/strong> atbalsta \u0101das atjauno\u0161an\u0101s procesus un pal\u012bdz izl\u012bdzin\u0101t s\u012bk\u0101s l\u012bnijas un uzlabot \u0101das kvalit\u0101ti.<\/p>\n<\/li>\n<li data-start=\"4112\" data-end=\"4224\">\n<p data-start=\"4114\" data-end=\"4224\"><strong data-start=\"4114\" data-end=\"4151\">Ferment\u0113ts atjaunojo\u0161s komplekss:<\/strong> pal\u012bdz saglab\u0101t \u0101das komfortu un veicina atjauno\u0161anos p\u0113c eksfoli\u0101cijas.<\/p>\n<\/li>\n<\/ul>\n<p data-start=\"4226\" data-end=\"4310\">Piem\u0113rots \u0101dai ar nevienm\u0113r\u012bgu tekst\u016bru, bl\u0101vu toni un pirmaj\u0101m noveco\u0161an\u0101s paz\u012bm\u0113m.<\/p>\n<p data-start=\"4312\" data-end=\"4330\"><strong data-start=\"4312\" data-end=\"4324\">Tilpums:<\/strong> 50 ml<\/p>\n","protected":false},"excerpt":{"rendered":"<p data-start=\"280\" data-end=\"357\"><span style=\"color: #ff0000;\"><strong>pHformula produkti tiek pieg\u0101d\u0101ti tikai Igaunijas teritorij\u0101.<\/strong><\/span><\/p>\n<p data-start=\"280\" data-end=\"357\"><span style=\"color: #ff0000;\">NB! \u0160o produktu var ieg\u0101d\u0101ties tikai p\u0113c konsult\u0101cijas ar speci\u0101listu. Zvaniet mums pa t\u0101lruni +372 58 500 171 vai nos\u016btiet savu piepras\u012bjumu uz e-pastu <a class=\"decorated-link cursor-pointer\" style=\"color: #ff0000;\" href=\"mailto:info@skinstudio.ee\" rel=\"noopener\" data-start=\"254\" data-end=\"272\">info@skinstudio.ee<\/a>. M\u016bsu konsultanti pal\u012bdz\u0113s jums ar \u0161\u012b z\u012bmola ieg\u0101di.<\/span><\/p>\n<p data-start=\"4646\" data-end=\"4680\">\u0100du atjaunojo\u0161s eksfoli\u0113jo\u0161s kr\u0113ms<\/p>\n<h2 data-start=\"4682\" data-end=\"4742\"><strong data-start=\"4682\" data-end=\"4742\">\u012apa\u0161\u012bbas pHformula &#8211; D.E.R.M.A.B.R.A.S.I.O.N. Mild Cream<\/strong><\/h2>\n<p data-start=\"4744\" data-end=\"4993\">\u2714\ufe0f Nodro\u0161ina maigu, bet efekt\u012bvu \u0101das atjauno\u0161anu<br data-start=\"4793\" data-end=\"4796\" \/>\u2714\ufe0f Izl\u012bdzina \u0101das tekst\u016bru un uzlabo \u0101das kvalit\u0101ti<br data-start=\"4847\" data-end=\"4850\" \/>\u2714\ufe0f Pal\u012bdz samazin\u0101t s\u012bk\u0101s l\u012bnijas un nevienm\u0113r\u012bbas<br data-start=\"4900\" data-end=\"4903\" \/>\u2714\ufe0f Padara sejas toni gai\u0161\u0101ku un svaig\u0101ku<br data-start=\"4943\" data-end=\"4946\" \/>\u2714\ufe0f Padara \u0101du glud\u0101ku, starojo\u0161\u0101ku un kopt\u0101ku<\/p>\n","protected":false},"featured_media":42918,"template":"","meta":[],"pwb-brand":[778],"product_brand":[],"product_cat":[749,653,719],"product_tag":[],"giftcard-category":[],"class_list":{"0":"post-42925","1":"product","2":"type-product","3":"status-publish","4":"has-post-thumbnail","6":"pwb-brand-ph-formula","7":"product_cat-novecojosa-ada","8":"product_cat-ph-formula-lv","9":"product_cat-skrubji-un-pilingi","11":"first","12":"instock","13":"taxable","14":"shipping-taxable","15":"purchasable","16":"product-type-simple"},"acf":[],"brands":[{"id":778,"name":"pH Formula","slug":"ph-formula"}],"_links":{"self":[{"href":"https:\/\/skinstudio.ee\/lv\/wp-json\/wp\/v2\/product\/42925","targetHints":{"allow":["GET"]}}],"collection":[{"href":"https:\/\/skinstudio.ee\/lv\/wp-json\/wp\/v2\/product"}],"about":[{"href":"https:\/\/skinstudio.ee\/lv\/wp-json\/wp\/v2\/types\/product"}],"version-history":[{"count":3,"href":"https:\/\/skinstudio.ee\/lv\/wp-json\/wp\/v2\/product\/42925\/revisions"}],"predecessor-version":[{"id":77701,"href":"https:\/\/skinstudio.ee\/lv\/wp-json\/wp\/v2\/product\/42925\/revisions\/77701"}],"wp:featuredmedia":[{"embeddable":true,"href":"https:\/\/skinstudio.ee\/lv\/wp-json\/wp\/v2\/media\/42918"}],"wp:attachment":[{"href":"https:\/\/skinstudio.ee\/lv\/wp-json\/wp\/v2\/media?parent=42925"}],"wp:term":[{"taxonomy":"pwb-brand","embeddable":true,"href":"https:\/\/skinstudio.ee\/lv\/wp-json\/wp\/v2\/pwb-brand?post=42925"},{"taxonomy":"product_brand","embeddable":true,"href":"https:\/\/skinstudio.ee\/lv\/wp-json\/wp\/v2\/product_brand?post=42925"},{"taxonomy":"product_cat","embeddable":true,"href":"https:\/\/skinstudio.ee\/lv\/wp-json\/wp\/v2\/product_cat?post=42925"},{"taxonomy":"product_tag","embeddable":true,"href":"https:\/\/skinstudio.ee\/lv\/wp-json\/wp\/v2\/product_tag?post=42925"},{"taxonomy":"giftcard-category","embeddable":true,"href":"https:\/\/skinstudio.ee\/lv\/wp-json\/wp\/v2\/giftcard-category?post=42925"}],"curies":[{"name":"wp","href":"https:\/\/api.w.org\/{rel}","templated":true}]}}