{"id":42943,"date":"2025-08-09T08:41:42","date_gmt":"2025-08-09T08:41:42","guid":{"rendered":"https:\/\/skinstudio.ee\/?post_type=product&#038;p=42943"},"modified":"2025-12-30T17:05:09","modified_gmt":"2025-12-30T17:05:09","slug":"restart-serum","status":"publish","type":"product","link":"https:\/\/skinstudio.ee\/lv\/catalog\/noon-aesthetics\/restart-serum\/","title":{"rendered":"Restart Serum"},"content":{"rendered":"<p data-start=\"16\" data-end=\"194\">Ilgsto\u0161s oksidat\u012bvais stress (UV starojums, gaisa pies\u0101r\u0146ojums, pestic\u012bdi un noveco\u0161an\u0101s) boj\u0101 DNS, izraisa epigen\u0113tiskas izmai\u0146as un noved pie priek\u0161laic\u012bgas \u0101das noveco\u0161an\u0101s.<\/p>\n<p data-start=\"196\" data-end=\"559\">Restart Serum satur tr\u012bsk\u0101r\u0161u siner\u0123isku antioksidantu sast\u0101vu, kas ne tikai dro\u0161i aizsarg\u0101 \u0101du no apk\u0101rt\u0113j\u0101s vides stresa faktoru ietekmes, bet ar\u012b iev\u0113rojami uzlabo t\u0101s visp\u0101r\u0113jo st\u0101vokli. Serums pal\u012bdz mazin\u0101t pigment\u0101cijas uzkr\u0101\u0161anos, c\u012bn\u0101s ar fotobojojumiem un cit\u0101m \u0101das noveco\u0161an\u0101s paz\u012bm\u0113m, vienlaikus pie\u0161\u0137irot \u0101dai redzamu mirdzumu un vesel\u012bgu izskatu.<\/p>\n<p data-start=\"561\" data-end=\"581\"><strong data-start=\"561\" data-end=\"573\">Tilpums:<\/strong> 50 ml<\/p>\n","protected":false},"excerpt":{"rendered":"<p data-start=\"765\" data-end=\"818\">Antioksidantu serums \u0101das aizsardz\u012bbai un mirdzumam<\/p>\n<h2 data-start=\"820\" data-end=\"1105\"><strong data-start=\"820\" data-end=\"862\">NOON Aesthetics Restart Serum \u012bpa\u0161\u012bbas<\/strong><\/h2>\n<p data-start=\"820\" data-end=\"1105\">\u2714\ufe0f Aizsarg\u0101 \u0101du no apk\u0101rt\u0113j\u0101s vides kait\u012bg\u0101s ietekmes<br data-start=\"918\" data-end=\"921\" \/>\u2714\ufe0f Samazina pigment\u0101ciju un fotobojojumus<br data-start=\"962\" data-end=\"965\" \/>\u2714\ufe0f Pal\u0113nina priek\u0161laic\u012bgas noveco\u0161an\u0101s procesus<br data-start=\"1012\" data-end=\"1015\" \/>\u2714\ufe0f Uzlabo \u0101das visp\u0101r\u0113jo st\u0101vokli<br data-start=\"1048\" data-end=\"1051\" \/>\u2714\ufe0f Pie\u0161\u0137ir \u0101dai redzamu mirdzumu un vesel\u012bgu izskatu<\/p>\n","protected":false},"featured_media":42935,"template":"","meta":[],"pwb-brand":[790],"product_brand":[],"product_cat":[1149,749,751,723],"product_tag":[],"giftcard-category":[],"class_list":{"0":"post-42943","1":"product","2":"type-product","3":"status-publish","4":"has-post-thumbnail","6":"pwb-brand-noon-aesthetics","7":"product_cat-noon-aesthetics","8":"product_cat-novecojosa-ada","9":"product_cat-pigmentacija","10":"product_cat-serumi","12":"first","13":"instock","14":"taxable","15":"shipping-taxable","16":"purchasable","17":"product-type-simple"},"acf":[],"brands":[{"id":790,"name":"NOON Aesthetics","slug":"noon-aesthetics"}],"_links":{"self":[{"href":"https:\/\/skinstudio.ee\/lv\/wp-json\/wp\/v2\/product\/42943","targetHints":{"allow":["GET"]}}],"collection":[{"href":"https:\/\/skinstudio.ee\/lv\/wp-json\/wp\/v2\/product"}],"about":[{"href":"https:\/\/skinstudio.ee\/lv\/wp-json\/wp\/v2\/types\/product"}],"version-history":[{"count":0,"href":"https:\/\/skinstudio.ee\/lv\/wp-json\/wp\/v2\/product\/42943\/revisions"}],"wp:featuredmedia":[{"embeddable":true,"href":"https:\/\/skinstudio.ee\/lv\/wp-json\/wp\/v2\/media\/42935"}],"wp:attachment":[{"href":"https:\/\/skinstudio.ee\/lv\/wp-json\/wp\/v2\/media?parent=42943"}],"wp:term":[{"taxonomy":"pwb-brand","embeddable":true,"href":"https:\/\/skinstudio.ee\/lv\/wp-json\/wp\/v2\/pwb-brand?post=42943"},{"taxonomy":"product_brand","embeddable":true,"href":"https:\/\/skinstudio.ee\/lv\/wp-json\/wp\/v2\/product_brand?post=42943"},{"taxonomy":"product_cat","embeddable":true,"href":"https:\/\/skinstudio.ee\/lv\/wp-json\/wp\/v2\/product_cat?post=42943"},{"taxonomy":"product_tag","embeddable":true,"href":"https:\/\/skinstudio.ee\/lv\/wp-json\/wp\/v2\/product_tag?post=42943"},{"taxonomy":"giftcard-category","embeddable":true,"href":"https:\/\/skinstudio.ee\/lv\/wp-json\/wp\/v2\/giftcard-category?post=42943"}],"curies":[{"name":"wp","href":"https:\/\/api.w.org\/{rel}","templated":true}]}}