{"id":42960,"date":"2025-08-09T09:16:41","date_gmt":"2025-08-09T09:16:41","guid":{"rendered":"https:\/\/skinstudio.ee\/?post_type=product&#038;p=42960"},"modified":"2025-12-30T17:05:09","modified_gmt":"2025-12-30T17:05:09","slug":"restart-serum-refill","status":"publish","type":"product","link":"https:\/\/skinstudio.ee\/lv\/catalog\/noon-aesthetics\/restart-serum-refill\/","title":{"rendered":"Restart Serum Refill"},"content":{"rendered":"<p data-start=\"16\" data-end=\"870\">Antioksidantu pretnoveco\u0161an\u0101s sejas serums bez dozatora ir uzpildes iepakojums j\u016bsu NOON Aesthetics Restart Serum, kas paredz\u0113ts c\u012b\u0146ai ar \u0101das noveco\u0161an\u0101s paz\u012bm\u0113m. Tas ir rezerves iepakojums, ko nepiecie\u0161ams lietot kop\u0101 ar ori\u0123in\u0101lo iepakojumu. Serums satur tr\u012bsk\u0101r\u0161u siner\u0123isku antioksidantu kompleksu, kas ne tikai efekt\u012bvi aizsarg\u0101 \u0101du no apk\u0101rt\u0113j\u0101s vides stresa faktoru iedarb\u012bbas, bet ar\u012b iev\u0113rojami uzlabo t\u0101s st\u0101vokli. Fotobojojumi un noveco\u0161an\u0101s paz\u012bmes ir ac\u012bmredzami samazin\u0101tas, un \u0101da ieg\u016bst starojo\u0161u izskatu. Seruma akt\u012bv\u0101s sast\u0101vda\u013cas pal\u012bdz samazin\u0101t krunci\u0146u un smalko l\u012bniju dzi\u013cumu, padarot \u0101du glud\u0101ku un elast\u012bg\u0101ku. Viegl\u0101 tekst\u016bra \u0101tri ies\u016bcas un neatst\u0101j taukainu pl\u0113vi. Piem\u0113rots da\u017e\u0101diem \u0101das tipiem, tostarp jut\u012bgai \u0101dai. Regul\u0101ra seruma lieto\u0161ana pal\u012bdz sasniegt ilgtermi\u0146a rezult\u0101tus, padarot \u0101du jaunekl\u012bg\u0101ku un mirdzo\u0161\u0101ku.<\/p>\n<p data-start=\"872\" data-end=\"892\"><strong data-start=\"872\" data-end=\"884\">Tilpums:<\/strong> 50 ml<\/p>\n","protected":false},"excerpt":{"rendered":"<p data-start=\"1100\" data-end=\"1152\">Antioksidantu pretnoveco\u0161an\u0101s sejas seruma uzpilde<\/p>\n<h2 data-start=\"1154\" data-end=\"1445\"><strong data-start=\"1154\" data-end=\"1203\">NOON Aesthetics Restart Serum Refill \u012bpa\u0161\u012bbas<\/strong><\/h2>\n<p data-start=\"1154\" data-end=\"1445\">\u2714\ufe0f C\u012bn\u0101s ar \u0101das noveco\u0161an\u0101s paz\u012bm\u0113m<br data-start=\"1242\" data-end=\"1245\" \/>\u2714\ufe0f Aizsarg\u0101 pret apk\u0101rt\u0113j\u0101s vides kait\u012bgo ietekmi<br data-start=\"1294\" data-end=\"1297\" \/>\u2714\ufe0f Samazina krunci\u0146u dzi\u013cumu un izl\u012bdzina \u0101das tekst\u016bru<br data-start=\"1352\" data-end=\"1355\" \/>\u2714\ufe0f Uzlabo \u0101das elast\u012bbu un tvirtumu<br data-start=\"1390\" data-end=\"1393\" \/>\u2714\ufe0f Pie\u0161\u0137ir \u0101dai vesel\u012bgu mirdzumu un koptu izskatu<\/p>\n","protected":false},"featured_media":66464,"template":"","meta":[],"pwb-brand":[790],"product_brand":[],"product_cat":[1149,749,751,723],"product_tag":[],"giftcard-category":[],"class_list":{"0":"post-42960","1":"product","2":"type-product","3":"status-publish","4":"has-post-thumbnail","6":"pwb-brand-noon-aesthetics","7":"product_cat-noon-aesthetics-lv","8":"product_cat-novecojosa-ada","9":"product_cat-pigmentacija-lv","10":"product_cat-serumi","12":"first","13":"instock","14":"taxable","15":"shipping-taxable","16":"purchasable","17":"product-type-simple"},"acf":[],"brands":[{"id":790,"name":"NOON Aesthetics","slug":"noon-aesthetics"}],"_links":{"self":[{"href":"https:\/\/skinstudio.ee\/lv\/wp-json\/wp\/v2\/product\/42960","targetHints":{"allow":["GET"]}}],"collection":[{"href":"https:\/\/skinstudio.ee\/lv\/wp-json\/wp\/v2\/product"}],"about":[{"href":"https:\/\/skinstudio.ee\/lv\/wp-json\/wp\/v2\/types\/product"}],"version-history":[{"count":0,"href":"https:\/\/skinstudio.ee\/lv\/wp-json\/wp\/v2\/product\/42960\/revisions"}],"wp:featuredmedia":[{"embeddable":true,"href":"https:\/\/skinstudio.ee\/lv\/wp-json\/wp\/v2\/media\/66464"}],"wp:attachment":[{"href":"https:\/\/skinstudio.ee\/lv\/wp-json\/wp\/v2\/media?parent=42960"}],"wp:term":[{"taxonomy":"pwb-brand","embeddable":true,"href":"https:\/\/skinstudio.ee\/lv\/wp-json\/wp\/v2\/pwb-brand?post=42960"},{"taxonomy":"product_brand","embeddable":true,"href":"https:\/\/skinstudio.ee\/lv\/wp-json\/wp\/v2\/product_brand?post=42960"},{"taxonomy":"product_cat","embeddable":true,"href":"https:\/\/skinstudio.ee\/lv\/wp-json\/wp\/v2\/product_cat?post=42960"},{"taxonomy":"product_tag","embeddable":true,"href":"https:\/\/skinstudio.ee\/lv\/wp-json\/wp\/v2\/product_tag?post=42960"},{"taxonomy":"giftcard-category","embeddable":true,"href":"https:\/\/skinstudio.ee\/lv\/wp-json\/wp\/v2\/giftcard-category?post=42960"}],"curies":[{"name":"wp","href":"https:\/\/api.w.org\/{rel}","templated":true}]}}