{"id":42977,"date":"2025-08-09T09:46:54","date_gmt":"2025-08-09T09:46:54","guid":{"rendered":"https:\/\/skinstudio.ee\/?post_type=product&#038;p=42977"},"modified":"2026-02-14T12:03:11","modified_gmt":"2026-02-14T12:03:11","slug":"halo-ronic-serum","status":"publish","type":"product","link":"https:\/\/skinstudio.ee\/lv\/catalog\/noon-aesthetics\/halo-ronic-serum\/","title":{"rendered":"Halo-Ronic Serum"},"content":{"rendered":"<p data-start=\"16\" data-end=\"323\">Serums sast\u0101v no diviem hialuronsk\u0101bes veidiem un neem koka un kurkumas ekstraktu kombin\u0101cijas. Hialuronsk\u0101be nodro\u0161ina mitrin\u0101\u0161anu, atjauno un pie\u0161\u0137ir \u0101dai mirdzumu, neem ekstrakts ir paz\u012bstams ar sav\u0101m lieliskaj\u0101m mitrino\u0161aj\u0101m \u012bpa\u0161\u012bb\u0101m, bet kurkumas gels ir sp\u0113c\u012bgs pretiekaisuma un mitrino\u0161s l\u012bdzeklis.<\/p>\n<p data-start=\"325\" data-end=\"497\">\u0160is augst\u0101k\u0101s kvalit\u0101tes serums ir izstr\u0101d\u0101ts t\u0101, lai \u0101da paliktu mitrin\u0101ta un starojo\u0161a, vienlaikus nodro\u0161inot \u0101das im\u016bnsist\u0113mai augst\u0101ku nepiecie\u0161am\u0101s ener\u0123ijas l\u012bmeni.<\/p>\n<p data-start=\"499\" data-end=\"519\"><strong data-start=\"499\" data-end=\"511\">Tilpums:<\/strong> 15 ml \/ 50 ml<\/p>\n","protected":false},"excerpt":{"rendered":"<p data-start=\"611\" data-end=\"646\">Mitrino\u0161s serums ar hialuronsk\u0101bi<\/p>\n<h2 data-start=\"648\" data-end=\"925\"><strong data-start=\"648\" data-end=\"693\">\u012bpa\u0161\u012bbas <\/strong><strong data-start=\"648\" data-end=\"693\">NOON Aesthetics &#8211; Halo-Ronic Serum<\/strong><\/h2>\n<p data-start=\"648\" data-end=\"925\">\u2714\ufe0f Intens\u012bvi mitrina un saglab\u0101 mitrumu \u0101d\u0101<br data-start=\"739\" data-end=\"742\" \/>\u2714\ufe0f Atjauno elast\u012bbu un tvirtumu<br data-start=\"773\" data-end=\"776\" \/>\u2714\ufe0f Izl\u012bdzina \u0101das tekst\u016bru un padara to maig\u0101ku<br data-start=\"823\" data-end=\"826\" \/>\u2714\ufe0f Uzlabo \u0101das toni un pie\u0161\u0137ir vesel\u012bgu mirdzumu<br data-start=\"874\" data-end=\"877\" \/>\u2714\ufe0f Aizsarg\u0101 \u0101du no mitruma zuduma dienas laik\u0101<\/p>\n","protected":false},"featured_media":70836,"template":"","meta":[],"pwb-brand":[790],"product_brand":[],"product_cat":[737,1149,749,723,753],"product_tag":[],"giftcard-category":[],"class_list":{"0":"post-42977","1":"product","2":"type-product","3":"status-publish","4":"has-post-thumbnail","6":"pwb-brand-noon-aesthetics","7":"product_cat-mitrinasana","8":"product_cat-noon-aesthetics-lv","9":"product_cat-novecojosa-ada","10":"product_cat-serumi","11":"product_cat-travel-size-lv","12":"pa_suurus-15ml-lv","13":"pa_suurus-50ml-lv","15":"first","16":"instock","17":"taxable","18":"shipping-taxable","19":"purchasable","20":"product-type-variable"},"acf":[],"brands":[{"id":790,"name":"NOON Aesthetics","slug":"noon-aesthetics"}],"_links":{"self":[{"href":"https:\/\/skinstudio.ee\/lv\/wp-json\/wp\/v2\/product\/42977","targetHints":{"allow":["GET"]}}],"collection":[{"href":"https:\/\/skinstudio.ee\/lv\/wp-json\/wp\/v2\/product"}],"about":[{"href":"https:\/\/skinstudio.ee\/lv\/wp-json\/wp\/v2\/types\/product"}],"version-history":[{"count":1,"href":"https:\/\/skinstudio.ee\/lv\/wp-json\/wp\/v2\/product\/42977\/revisions"}],"predecessor-version":[{"id":80930,"href":"https:\/\/skinstudio.ee\/lv\/wp-json\/wp\/v2\/product\/42977\/revisions\/80930"}],"wp:featuredmedia":[{"embeddable":true,"href":"https:\/\/skinstudio.ee\/lv\/wp-json\/wp\/v2\/media\/70836"}],"wp:attachment":[{"href":"https:\/\/skinstudio.ee\/lv\/wp-json\/wp\/v2\/media?parent=42977"}],"wp:term":[{"taxonomy":"pwb-brand","embeddable":true,"href":"https:\/\/skinstudio.ee\/lv\/wp-json\/wp\/v2\/pwb-brand?post=42977"},{"taxonomy":"product_brand","embeddable":true,"href":"https:\/\/skinstudio.ee\/lv\/wp-json\/wp\/v2\/product_brand?post=42977"},{"taxonomy":"product_cat","embeddable":true,"href":"https:\/\/skinstudio.ee\/lv\/wp-json\/wp\/v2\/product_cat?post=42977"},{"taxonomy":"product_tag","embeddable":true,"href":"https:\/\/skinstudio.ee\/lv\/wp-json\/wp\/v2\/product_tag?post=42977"},{"taxonomy":"giftcard-category","embeddable":true,"href":"https:\/\/skinstudio.ee\/lv\/wp-json\/wp\/v2\/giftcard-category?post=42977"}],"curies":[{"name":"wp","href":"https:\/\/api.w.org\/{rel}","templated":true}]}}