{"id":42994,"date":"2025-08-09T10:35:45","date_gmt":"2025-08-09T10:35:45","guid":{"rendered":"https:\/\/skinstudio.ee\/?post_type=product&#038;p=42994"},"modified":"2026-02-19T10:12:44","modified_gmt":"2026-02-19T10:12:44","slug":"omg-cream","status":"publish","type":"product","link":"https:\/\/skinstudio.ee\/lv\/catalog\/noon-aesthetics\/omg-cream\/","title":{"rendered":"OMG Cream"},"content":{"rendered":"<p data-start=\"16\" data-end=\"623\">Unik\u0101ls fiziolo\u0123isk\u0101 lip\u012bdu korekcijas kompleksa sast\u0101vs optim\u0101l\u0101 proporcij\u0101 (3:1:1) iek\u013caujas boj\u0101taj\u0101 \u0101das aizsargbarjer\u0101. Baro \u0101du ar lip\u012bdiem un nodro\u0161ina sp\u0113c\u012bgu antioksidantu aizsardz\u012bbu, padarot \u0101du vesel\u012bg\u0101ku, mitrin\u0101tu, gludu un elast\u012bgu. Kr\u0113ms ir bag\u0101tin\u0101ts ar intens\u012bv\u0101m mitrino\u0161\u0101m sast\u0101vda\u013c\u0101m, kas pal\u012bdz saglab\u0101t mitrumu \u0101das \u0161\u016bn\u0101s, padarot to maig\u0101ku un elast\u012bg\u0101ku. Antioksidantu kl\u0101tb\u016btne pal\u012bdz c\u012bn\u012bties ar br\u012bvo radik\u0101\u013cu iedarb\u012bbu, kas izraisa stresu un priek\u0161laic\u012bgu \u0101das noveco\u0161anos. Regul\u0101ra kr\u0113ma lieto\u0161ana pal\u012bdz uzlabot \u0101das visp\u0101r\u0113jo st\u0101vokli, padarot to starojo\u0161\u0101ku un vesel\u012bg\u0101ku.<\/p>\n<p data-start=\"625\" data-end=\"644\"><strong data-start=\"625\" data-end=\"637\">Tilpums:<\/strong> 15 ml \/ 50 g<\/p>\n","protected":false},"excerpt":{"rendered":"<p data-start=\"810\" data-end=\"849\">Atjaunojo\u0161s kr\u0113ms ar lip\u012bdu kompleksu<\/p>\n<h2 data-start=\"851\" data-end=\"1113\"><strong data-start=\"851\" data-end=\"889\">\u012bpa\u0161\u012bbas <\/strong><strong data-start=\"851\" data-end=\"889\">NOON Aesthetics &#8211; OMG Cream<\/strong><\/h2>\n<p data-start=\"851\" data-end=\"1113\">\u2714\ufe0f Atjauno boj\u0101to \u0101das aizsargbarjeru<br data-start=\"929\" data-end=\"932\" \/>\u2714\ufe0f Baro ar lip\u012bdiem un intens\u012bvi mitrina<br data-start=\"972\" data-end=\"975\" \/>\u2714\ufe0f Uzlabo \u0101das elast\u012bbu un tvirtumu<br data-start=\"1010\" data-end=\"1013\" \/>\u2714\ufe0f Aizsarg\u0101 no br\u012bvo radik\u0101\u013cu kait\u012bg\u0101s ietekmes<br data-start=\"1060\" data-end=\"1063\" \/>\u2714\ufe0f Padara \u0101du glud\u0101ku, starojo\u0161\u0101ku un vesel\u012bg\u0101ku<\/p>\n","protected":false},"featured_media":73028,"template":"","meta":[],"pwb-brand":[790],"product_brand":[],"product_cat":[737,1149,749,753],"product_tag":[],"giftcard-category":[],"class_list":{"0":"post-42994","1":"product","2":"type-product","3":"status-publish","4":"has-post-thumbnail","6":"pwb-brand-noon-aesthetics","7":"product_cat-mitrinasana","8":"product_cat-noon-aesthetics-lv","9":"product_cat-novecojosa-ada","10":"product_cat-travel-size-lv","11":"pa_suurus-15ml-lv","12":"pa_suurus-50g-lv","14":"first","15":"instock","16":"taxable","17":"shipping-taxable","18":"purchasable","19":"product-type-variable"},"acf":[],"brands":[{"id":790,"name":"NOON Aesthetics","slug":"noon-aesthetics"}],"_links":{"self":[{"href":"https:\/\/skinstudio.ee\/lv\/wp-json\/wp\/v2\/product\/42994","targetHints":{"allow":["GET"]}}],"collection":[{"href":"https:\/\/skinstudio.ee\/lv\/wp-json\/wp\/v2\/product"}],"about":[{"href":"https:\/\/skinstudio.ee\/lv\/wp-json\/wp\/v2\/types\/product"}],"version-history":[{"count":1,"href":"https:\/\/skinstudio.ee\/lv\/wp-json\/wp\/v2\/product\/42994\/revisions"}],"predecessor-version":[{"id":80951,"href":"https:\/\/skinstudio.ee\/lv\/wp-json\/wp\/v2\/product\/42994\/revisions\/80951"}],"wp:featuredmedia":[{"embeddable":true,"href":"https:\/\/skinstudio.ee\/lv\/wp-json\/wp\/v2\/media\/73028"}],"wp:attachment":[{"href":"https:\/\/skinstudio.ee\/lv\/wp-json\/wp\/v2\/media?parent=42994"}],"wp:term":[{"taxonomy":"pwb-brand","embeddable":true,"href":"https:\/\/skinstudio.ee\/lv\/wp-json\/wp\/v2\/pwb-brand?post=42994"},{"taxonomy":"product_brand","embeddable":true,"href":"https:\/\/skinstudio.ee\/lv\/wp-json\/wp\/v2\/product_brand?post=42994"},{"taxonomy":"product_cat","embeddable":true,"href":"https:\/\/skinstudio.ee\/lv\/wp-json\/wp\/v2\/product_cat?post=42994"},{"taxonomy":"product_tag","embeddable":true,"href":"https:\/\/skinstudio.ee\/lv\/wp-json\/wp\/v2\/product_tag?post=42994"},{"taxonomy":"giftcard-category","embeddable":true,"href":"https:\/\/skinstudio.ee\/lv\/wp-json\/wp\/v2\/giftcard-category?post=42994"}],"curies":[{"name":"wp","href":"https:\/\/api.w.org\/{rel}","templated":true}]}}