{"id":43010,"date":"2025-08-09T10:47:47","date_gmt":"2025-08-09T10:47:47","guid":{"rendered":"https:\/\/skinstudio.ee\/?post_type=product&#038;p=43010"},"modified":"2026-02-19T10:12:24","modified_gmt":"2026-02-19T10:12:24","slug":"sos-cream","status":"publish","type":"product","link":"https:\/\/skinstudio.ee\/lv\/catalog\/noon-aesthetics\/sos-cream\/","title":{"rendered":"SOS Cream"},"content":{"rendered":"<p data-start=\"16\" data-end=\"304\">SOS Cream ir mitrino\u0161s un atjaunojo\u0161s kr\u0113ms sausai un \u013coti sausai \u0101dai, kas atjauno \u0101das aizsargbarjeras funkciju un nodro\u0161ina \u0101tru un ilgsto\u0161u mitrin\u0101\u0161anu. Tas aizsarg\u0101 \u0101du no da\u017e\u0101du apk\u0101rt\u0113j\u0101s vides faktoru ietekmes, kas var izrais\u012bt mitruma zudumu un trauc\u0113t \u0101das aizsargbarjeras funkciju.<\/p>\n<p data-start=\"306\" data-end=\"325\"><strong data-start=\"306\" data-end=\"318\">Tilpums:<\/strong> 15 ml \/ 50 g<\/p>\n","protected":false},"excerpt":{"rendered":"<p data-start=\"493\" data-end=\"522\">Mitrino\u0161s kr\u0113ms sausai \u0101dai<\/p>\n<h2 data-start=\"524\" data-end=\"784\"><strong data-start=\"524\" data-end=\"562\">\u012bpa\u0161\u012bbas <\/strong><strong data-start=\"524\" data-end=\"562\">NOON Aesthetics &#8211; SOS Cream<\/strong><\/h2>\n<p data-start=\"524\" data-end=\"784\">\u2714\ufe0f Nekav\u0113joties mitrina un baro sausu un \u013coti sausu \u0101du<br data-start=\"620\" data-end=\"623\" \/>\u2714\ufe0f Atjauno aizsargbarjeru<br data-start=\"648\" data-end=\"651\" \/>\u2714\ufe0f Nodro\u0161ina ilgsto\u0161u mitruma saglab\u0101\u0161anu<br data-start=\"692\" data-end=\"695\" \/>\u2714\ufe0f Aizsarg\u0101 pret apk\u0101rt\u0113j\u0101s vides kait\u012bgo ietekmi<br data-start=\"744\" data-end=\"747\" \/>\u2714\ufe0f Uzlabo \u0101das komfortu un elast\u012bbu<\/p>\n","protected":false},"featured_media":43002,"template":"","meta":[],"pwb-brand":[790],"product_brand":[],"product_cat":[737,1149,749,739,753],"product_tag":[],"giftcard-category":[],"class_list":{"0":"post-43010","1":"product","2":"type-product","3":"status-publish","4":"has-post-thumbnail","6":"pwb-brand-noon-aesthetics","7":"product_cat-mitrinasana","8":"product_cat-noon-aesthetics-lv","9":"product_cat-novecojosa-ada","10":"product_cat-sausai-adai","11":"product_cat-travel-size-lv","12":"pa_suurus-15ml-lv","13":"pa_suurus-50g-lv","15":"first","16":"instock","17":"taxable","18":"shipping-taxable","19":"purchasable","20":"product-type-variable"},"acf":[],"brands":[{"id":790,"name":"NOON Aesthetics","slug":"noon-aesthetics"}],"_links":{"self":[{"href":"https:\/\/skinstudio.ee\/lv\/wp-json\/wp\/v2\/product\/43010","targetHints":{"allow":["GET"]}}],"collection":[{"href":"https:\/\/skinstudio.ee\/lv\/wp-json\/wp\/v2\/product"}],"about":[{"href":"https:\/\/skinstudio.ee\/lv\/wp-json\/wp\/v2\/types\/product"}],"version-history":[{"count":1,"href":"https:\/\/skinstudio.ee\/lv\/wp-json\/wp\/v2\/product\/43010\/revisions"}],"predecessor-version":[{"id":80972,"href":"https:\/\/skinstudio.ee\/lv\/wp-json\/wp\/v2\/product\/43010\/revisions\/80972"}],"wp:featuredmedia":[{"embeddable":true,"href":"https:\/\/skinstudio.ee\/lv\/wp-json\/wp\/v2\/media\/43002"}],"wp:attachment":[{"href":"https:\/\/skinstudio.ee\/lv\/wp-json\/wp\/v2\/media?parent=43010"}],"wp:term":[{"taxonomy":"pwb-brand","embeddable":true,"href":"https:\/\/skinstudio.ee\/lv\/wp-json\/wp\/v2\/pwb-brand?post=43010"},{"taxonomy":"product_brand","embeddable":true,"href":"https:\/\/skinstudio.ee\/lv\/wp-json\/wp\/v2\/product_brand?post=43010"},{"taxonomy":"product_cat","embeddable":true,"href":"https:\/\/skinstudio.ee\/lv\/wp-json\/wp\/v2\/product_cat?post=43010"},{"taxonomy":"product_tag","embeddable":true,"href":"https:\/\/skinstudio.ee\/lv\/wp-json\/wp\/v2\/product_tag?post=43010"},{"taxonomy":"giftcard-category","embeddable":true,"href":"https:\/\/skinstudio.ee\/lv\/wp-json\/wp\/v2\/giftcard-category?post=43010"}],"curies":[{"name":"wp","href":"https:\/\/api.w.org\/{rel}","templated":true}]}}