{"id":43025,"date":"2025-08-09T11:08:27","date_gmt":"2025-08-09T11:08:27","guid":{"rendered":"https:\/\/skinstudio.ee\/?post_type=product&#038;p=43025"},"modified":"2025-12-30T17:05:09","modified_gmt":"2025-12-30T17:05:09","slug":"anti-aging-starter-kit","status":"publish","type":"product","link":"https:\/\/skinstudio.ee\/lv\/catalog\/noon-aesthetics\/anti-aging-starter-kit\/","title":{"rendered":"Anti-Aging Starter Kit"},"content":{"rendered":"<p>NOON Aesthetics Anti-Aging Starter Kit ir izstr\u0101d\u0101ts, lai risin\u0101tu galvenos fiziolo\u0123isko izmai\u0146u c\u0113lo\u0146us, kas saist\u012bti ar \u0101das noveco\u0161an\u0101s procesu. \u0160\u012b pretnoveco\u0161an\u0101s proced\u016bra stimul\u0113 \u0101das atjauno\u0161anos, stiprina to un izl\u012bdzina toni. T\u0101 ar\u012b pal\u012bdz nostiprin\u0101t \u0101das aizsargbarjeru, uzlabot t\u0101s elast\u012bbu un palielin\u0101t mitruma l\u012bmeni. Galarezult\u0101t\u0101 \u0161\u012b proced\u016bra ir v\u0113rsta uz eso\u0161o smalko l\u012bniju dzi\u013cuma samazin\u0101\u0161anu, \u0101das tekst\u016bras un tona uzlabo\u0161anu, k\u0101 ar\u012b jaunu noveco\u0161an\u0101s paz\u012bmju par\u0101d\u012b\u0161an\u0101s aizkav\u0113\u0161anu.<\/p>\n","protected":false},"excerpt":{"rendered":"<p data-start=\"636\" data-end=\"677\">Pretnoveco\u0161an\u0101s \u0101das kop\u0161anas komplekts<\/p>\n<h2 data-start=\"679\" data-end=\"912\">NOON Aesthetics Anti-Aging Starter Kit sast\u0101v no<\/h2>\n<p data-start=\"679\" data-end=\"912\">\u2714\ufe0f LactoCeramide-15 (15 ml)<br data-start=\"757\" data-end=\"760\" \/>\u2714\ufe0f Retinol Delicate (10 ml)<br data-start=\"787\" data-end=\"790\" \/>\u2714\ufe0f In-Depth Filler Cream (15 ml)<br data-start=\"822\" data-end=\"825\" \/>\u2714\ufe0f In-Depth Filler Serum (10 ml)<br data-start=\"857\" data-end=\"860\" \/>\u2714\ufe0f Lift &amp; Whitening Peptide Complex Ampoule (5 ml)<\/p>\n","protected":false},"featured_media":66453,"template":"","meta":[],"pwb-brand":[790],"product_brand":[],"product_cat":[755,1149,749],"product_tag":[],"giftcard-category":[],"class_list":{"0":"post-43025","1":"product","2":"type-product","3":"status-publish","4":"has-post-thumbnail","6":"pwb-brand-noon-aesthetics","7":"product_cat-komplekts","8":"product_cat-noon-aesthetics-lv","9":"product_cat-novecojosa-ada","11":"first","12":"instock","13":"taxable","14":"shipping-taxable","15":"purchasable","16":"product-type-simple"},"acf":[],"brands":[{"id":790,"name":"NOON Aesthetics","slug":"noon-aesthetics"}],"_links":{"self":[{"href":"https:\/\/skinstudio.ee\/lv\/wp-json\/wp\/v2\/product\/43025","targetHints":{"allow":["GET"]}}],"collection":[{"href":"https:\/\/skinstudio.ee\/lv\/wp-json\/wp\/v2\/product"}],"about":[{"href":"https:\/\/skinstudio.ee\/lv\/wp-json\/wp\/v2\/types\/product"}],"version-history":[{"count":0,"href":"https:\/\/skinstudio.ee\/lv\/wp-json\/wp\/v2\/product\/43025\/revisions"}],"wp:featuredmedia":[{"embeddable":true,"href":"https:\/\/skinstudio.ee\/lv\/wp-json\/wp\/v2\/media\/66453"}],"wp:attachment":[{"href":"https:\/\/skinstudio.ee\/lv\/wp-json\/wp\/v2\/media?parent=43025"}],"wp:term":[{"taxonomy":"pwb-brand","embeddable":true,"href":"https:\/\/skinstudio.ee\/lv\/wp-json\/wp\/v2\/pwb-brand?post=43025"},{"taxonomy":"product_brand","embeddable":true,"href":"https:\/\/skinstudio.ee\/lv\/wp-json\/wp\/v2\/product_brand?post=43025"},{"taxonomy":"product_cat","embeddable":true,"href":"https:\/\/skinstudio.ee\/lv\/wp-json\/wp\/v2\/product_cat?post=43025"},{"taxonomy":"product_tag","embeddable":true,"href":"https:\/\/skinstudio.ee\/lv\/wp-json\/wp\/v2\/product_tag?post=43025"},{"taxonomy":"giftcard-category","embeddable":true,"href":"https:\/\/skinstudio.ee\/lv\/wp-json\/wp\/v2\/giftcard-category?post=43025"}],"curies":[{"name":"wp","href":"https:\/\/api.w.org\/{rel}","templated":true}]}}