{"id":43041,"date":"2025-08-09T11:20:20","date_gmt":"2025-08-09T11:20:20","guid":{"rendered":"https:\/\/skinstudio.ee\/?post_type=product&#038;p=43041"},"modified":"2025-12-30T17:05:09","modified_gmt":"2025-12-30T17:05:09","slug":"acne-starter-kit","status":"publish","type":"product","link":"https:\/\/skinstudio.ee\/lv\/catalog\/noon-aesthetics\/acne-starter-kit\/","title":{"rendered":"Acne Starter Kit"},"content":{"rendered":"<p data-start=\"16\" data-end=\"497\">NOON\u2122 Acne Starter Kit ir izstr\u0101d\u0101ts, lai risin\u0101tu \u0101das probl\u0113mas, kas saist\u012btas ar taukainu un aknei pak\u013cautu \u0101du. \u0160is \u013coti efekt\u012bvais komplekts pal\u012bdz sagatavot klienta \u0101du profesion\u0101l\u0101m aknes proced\u016br\u0101m kl\u012bnik\u0101 un nodro\u0161ina visaptvero\u0161u risin\u0101jumu m\u0101jas kop\u0161anai. Komplekt\u0101 eso\u0161ie produkti darbojas siner\u0123iski \u2013 l\u012bdzsvaro \u0101du un samazina t\u0101s taukainumu, samazina bakt\u0113riju daudzumu, mazina iekaisuma paz\u012bmes un uzlabo problem\u0101tiskas un aknei pak\u013cautas \u0101das visp\u0101r\u0113jo st\u0101vokli.<\/p>\n","protected":false},"excerpt":{"rendered":"<p data-start=\"603\" data-end=\"656\">Starta komplekts \u0101das att\u012br\u012b\u0161anai un l\u012bdzsvaro\u0161anai<\/p>\n<h2 data-start=\"658\" data-end=\"872\">NOON Aesthetics Acne Starter Kit sast\u0101v no<\/h2>\n<p data-start=\"658\" data-end=\"872\">\u2714\ufe0f AcNo Solution (10 ml)<br data-start=\"727\" data-end=\"730\" \/>\u2714\ufe0f Azelaic 20 (10 ml)<br data-start=\"751\" data-end=\"754\" \/>\u2714\ufe0f Intensive Hydrogel (15 ml)<br data-start=\"783\" data-end=\"786\" \/>\u2714\ufe0f Igloo Moist (15 ml)<br data-start=\"808\" data-end=\"811\" \/>\u2714\ufe0f AcNo Complex Ampoule (5 ml)<br data-start=\"841\" data-end=\"844\" \/>\u2714\ufe0f C-Cleanser Foam (15 ml)<\/p>\n","protected":false},"featured_media":66447,"template":"","meta":[],"pwb-brand":[790],"product_brand":[],"product_cat":[741,755,1149],"product_tag":[],"giftcard-category":[],"class_list":{"0":"post-43041","1":"product","2":"type-product","3":"status-publish","4":"has-post-thumbnail","6":"pwb-brand-noon-aesthetics","7":"product_cat-izsitumi","8":"product_cat-komplekti","9":"product_cat-noon-aesthetics","11":"first","12":"instock","13":"sale","14":"taxable","15":"shipping-taxable","16":"purchasable","17":"product-type-simple"},"acf":[],"brands":[{"id":790,"name":"NOON Aesthetics","slug":"noon-aesthetics"}],"_links":{"self":[{"href":"https:\/\/skinstudio.ee\/lv\/wp-json\/wp\/v2\/product\/43041","targetHints":{"allow":["GET"]}}],"collection":[{"href":"https:\/\/skinstudio.ee\/lv\/wp-json\/wp\/v2\/product"}],"about":[{"href":"https:\/\/skinstudio.ee\/lv\/wp-json\/wp\/v2\/types\/product"}],"version-history":[{"count":0,"href":"https:\/\/skinstudio.ee\/lv\/wp-json\/wp\/v2\/product\/43041\/revisions"}],"wp:featuredmedia":[{"embeddable":true,"href":"https:\/\/skinstudio.ee\/lv\/wp-json\/wp\/v2\/media\/66447"}],"wp:attachment":[{"href":"https:\/\/skinstudio.ee\/lv\/wp-json\/wp\/v2\/media?parent=43041"}],"wp:term":[{"taxonomy":"pwb-brand","embeddable":true,"href":"https:\/\/skinstudio.ee\/lv\/wp-json\/wp\/v2\/pwb-brand?post=43041"},{"taxonomy":"product_brand","embeddable":true,"href":"https:\/\/skinstudio.ee\/lv\/wp-json\/wp\/v2\/product_brand?post=43041"},{"taxonomy":"product_cat","embeddable":true,"href":"https:\/\/skinstudio.ee\/lv\/wp-json\/wp\/v2\/product_cat?post=43041"},{"taxonomy":"product_tag","embeddable":true,"href":"https:\/\/skinstudio.ee\/lv\/wp-json\/wp\/v2\/product_tag?post=43041"},{"taxonomy":"giftcard-category","embeddable":true,"href":"https:\/\/skinstudio.ee\/lv\/wp-json\/wp\/v2\/giftcard-category?post=43041"}],"curies":[{"name":"wp","href":"https:\/\/api.w.org\/{rel}","templated":true}]}}