{"id":43056,"date":"2025-08-09T11:30:34","date_gmt":"2025-08-09T11:30:34","guid":{"rendered":"https:\/\/skinstudio.ee\/?post_type=product&#038;p=43056"},"modified":"2025-12-30T17:05:09","modified_gmt":"2025-12-30T17:05:09","slug":"experience-starter-kit","status":"publish","type":"product","link":"https:\/\/skinstudio.ee\/lv\/catalog\/noon-aesthetics\/experience-starter-kit\/","title":{"rendered":"Experience Starter Kit"},"content":{"rendered":"<p>NOON\u2122 Experience Starter Kit ir izstr\u0101d\u0101ts, lai iepaz\u012bstin\u0101tu jaun\u0101kus pacientus ar NOON\u2122 Aesthetics produktu l\u012bniju, kas paredz\u0113ta norm\u0101lai, netaukainai \u0101dai. Komplekt\u0101 ir iek\u013cauti produkti ar akt\u012bv\u0101m sast\u0101vda\u013c\u0101m, kas pal\u012bdz mitrin\u0101t \u0101du, samazin\u0101t pigment\u0101cijas paz\u012bmes un nov\u0113rst priek\u0161laic\u012bgu \u0101das noveco\u0161anos.<\/p>\n","protected":false},"excerpt":{"rendered":"<p data-start=\"438\" data-end=\"506\">Pamata starta komplekts, lai iepaz\u012btu NOON Aesthetics \u0101das kop\u0161anu<\/p>\n<h2 data-start=\"508\" data-end=\"708\">NOON Aesthetics Experience Starter Kit sast\u0101v no<\/h2>\n<p data-start=\"508\" data-end=\"708\">\u2714\ufe0f Lacto-10 (15 ml)<br data-start=\"578\" data-end=\"581\" \/>\u2714\ufe0f Igloo Moist (15 ml)<br data-start=\"603\" data-end=\"606\" \/>\u2714\ufe0f Vit C Serum (15 ml)<br data-start=\"628\" data-end=\"631\" \/>\u2714\ufe0f C Cleanser Foam (15 ml)<br data-start=\"657\" data-end=\"660\" \/>\u2714\ufe0f Hydrocalming and Vit Complex Ampoule (5 ml)<\/p>\n","protected":false},"featured_media":66442,"template":"","meta":[],"pwb-brand":[790],"product_brand":[],"product_cat":[755,1149,749,751],"product_tag":[],"giftcard-category":[],"class_list":{"0":"post-43056","1":"product","2":"type-product","3":"status-publish","4":"has-post-thumbnail","6":"pwb-brand-noon-aesthetics","7":"product_cat-komplekts","8":"product_cat-noon-aesthetics-lv","9":"product_cat-novecojosa-ada","10":"product_cat-pigmentacija-lv","12":"first","13":"instock","14":"taxable","15":"shipping-taxable","16":"purchasable","17":"product-type-simple"},"acf":[],"brands":[{"id":790,"name":"NOON Aesthetics","slug":"noon-aesthetics"}],"_links":{"self":[{"href":"https:\/\/skinstudio.ee\/lv\/wp-json\/wp\/v2\/product\/43056","targetHints":{"allow":["GET"]}}],"collection":[{"href":"https:\/\/skinstudio.ee\/lv\/wp-json\/wp\/v2\/product"}],"about":[{"href":"https:\/\/skinstudio.ee\/lv\/wp-json\/wp\/v2\/types\/product"}],"version-history":[{"count":0,"href":"https:\/\/skinstudio.ee\/lv\/wp-json\/wp\/v2\/product\/43056\/revisions"}],"wp:featuredmedia":[{"embeddable":true,"href":"https:\/\/skinstudio.ee\/lv\/wp-json\/wp\/v2\/media\/66442"}],"wp:attachment":[{"href":"https:\/\/skinstudio.ee\/lv\/wp-json\/wp\/v2\/media?parent=43056"}],"wp:term":[{"taxonomy":"pwb-brand","embeddable":true,"href":"https:\/\/skinstudio.ee\/lv\/wp-json\/wp\/v2\/pwb-brand?post=43056"},{"taxonomy":"product_brand","embeddable":true,"href":"https:\/\/skinstudio.ee\/lv\/wp-json\/wp\/v2\/product_brand?post=43056"},{"taxonomy":"product_cat","embeddable":true,"href":"https:\/\/skinstudio.ee\/lv\/wp-json\/wp\/v2\/product_cat?post=43056"},{"taxonomy":"product_tag","embeddable":true,"href":"https:\/\/skinstudio.ee\/lv\/wp-json\/wp\/v2\/product_tag?post=43056"},{"taxonomy":"giftcard-category","embeddable":true,"href":"https:\/\/skinstudio.ee\/lv\/wp-json\/wp\/v2\/giftcard-category?post=43056"}],"curies":[{"name":"wp","href":"https:\/\/api.w.org\/{rel}","templated":true}]}}