{"id":43072,"date":"2025-08-09T11:42:38","date_gmt":"2025-08-09T11:42:38","guid":{"rendered":"https:\/\/skinstudio.ee\/?post_type=product&#038;p=43072"},"modified":"2025-12-30T17:05:09","modified_gmt":"2025-12-30T17:05:09","slug":"brightening-starter-kit","status":"publish","type":"product","link":"https:\/\/skinstudio.ee\/lv\/catalog\/noon-aesthetics\/brightening-starter-kit\/","title":{"rendered":"Brightening Starter Kit"},"content":{"rendered":"<p data-start=\"716\" data-end=\"1066\">NOON\u2122 Brightening Starter Kit ir izstr\u0101d\u0101ts, lai risin\u0101tu \u0101das probl\u0113mas, kas saist\u012btas ar hiperpigment\u0101ciju, nevienm\u0113r\u012bgu \u0101das toni un bl\u0101vumu. \u0160is jaud\u012bgais komplekts ir ide\u0101li piem\u0113rots \u0101das sagatavo\u0161anai pirms kl\u012bnik\u0101 veikt\u0101m izgaismojo\u0161\u0101m vai pigmentu kori\u0123\u0113jo\u0161\u0101m proced\u016br\u0101m, k\u0101 ar\u012b nodro\u0161ina visaptvero\u0161u risin\u0101jumu m\u0101jas kop\u0161anai.<\/p>\n","protected":false},"excerpt":{"rendered":"<p data-start=\"466\" data-end=\"526\">S\u0101kuma komplekts \u0101das izgaismo\u0161anai un toni izl\u012bdzin\u0101\u0161anai<\/p>\n<h2 data-start=\"528\" data-end=\"766\">NOON Aesthetics Brightening Starter Kit ietver<\/h2>\n<p data-start=\"528\" data-end=\"766\">\u2714\ufe0f Lacto-10 (15 ml)<br data-start=\"596\" data-end=\"599\" \/>\u2714\ufe0f Azelaic 20 (10 ml)<br data-start=\"620\" data-end=\"623\" \/>\u2714\ufe0f Vit C Serum (10 ml)<br data-start=\"645\" data-end=\"648\" \/>\u2714\ufe0f MultiVit Sun Protector (15 ml)<br data-start=\"681\" data-end=\"684\" \/>\u2714\ufe0f Retinol Charisma (10 ml)<br data-start=\"711\" data-end=\"714\" \/>\u2714\ufe0f Lift &amp; Whitening Peptide Complex Ampoule (5 ml)<\/p>\n","protected":false},"featured_media":66437,"template":"","meta":[],"pwb-brand":[790],"product_brand":[],"product_cat":[755,1149,751],"product_tag":[],"giftcard-category":[],"class_list":{"0":"post-43072","1":"product","2":"type-product","3":"status-publish","4":"has-post-thumbnail","6":"pwb-brand-noon-aesthetics","7":"product_cat-komplekts","8":"product_cat-noon-aesthetics-lv","9":"product_cat-pigmentacija-lv","11":"first","12":"instock","13":"taxable","14":"shipping-taxable","15":"purchasable","16":"product-type-simple"},"acf":[],"brands":[{"id":790,"name":"NOON Aesthetics","slug":"noon-aesthetics"}],"_links":{"self":[{"href":"https:\/\/skinstudio.ee\/lv\/wp-json\/wp\/v2\/product\/43072","targetHints":{"allow":["GET"]}}],"collection":[{"href":"https:\/\/skinstudio.ee\/lv\/wp-json\/wp\/v2\/product"}],"about":[{"href":"https:\/\/skinstudio.ee\/lv\/wp-json\/wp\/v2\/types\/product"}],"version-history":[{"count":0,"href":"https:\/\/skinstudio.ee\/lv\/wp-json\/wp\/v2\/product\/43072\/revisions"}],"wp:featuredmedia":[{"embeddable":true,"href":"https:\/\/skinstudio.ee\/lv\/wp-json\/wp\/v2\/media\/66437"}],"wp:attachment":[{"href":"https:\/\/skinstudio.ee\/lv\/wp-json\/wp\/v2\/media?parent=43072"}],"wp:term":[{"taxonomy":"pwb-brand","embeddable":true,"href":"https:\/\/skinstudio.ee\/lv\/wp-json\/wp\/v2\/pwb-brand?post=43072"},{"taxonomy":"product_brand","embeddable":true,"href":"https:\/\/skinstudio.ee\/lv\/wp-json\/wp\/v2\/product_brand?post=43072"},{"taxonomy":"product_cat","embeddable":true,"href":"https:\/\/skinstudio.ee\/lv\/wp-json\/wp\/v2\/product_cat?post=43072"},{"taxonomy":"product_tag","embeddable":true,"href":"https:\/\/skinstudio.ee\/lv\/wp-json\/wp\/v2\/product_tag?post=43072"},{"taxonomy":"giftcard-category","embeddable":true,"href":"https:\/\/skinstudio.ee\/lv\/wp-json\/wp\/v2\/giftcard-category?post=43072"}],"curies":[{"name":"wp","href":"https:\/\/api.w.org\/{rel}","templated":true}]}}