{"id":43332,"date":"2025-08-10T11:01:24","date_gmt":"2025-08-10T11:01:24","guid":{"rendered":"https:\/\/skinstudio.ee\/?post_type=product&#038;p=43332"},"modified":"2026-01-19T15:12:49","modified_gmt":"2026-01-19T15:12:49","slug":"vitamin-veil-cleanser","status":"publish","type":"product","link":"https:\/\/skinstudio.ee\/lv\/catalog\/circadia\/vitamin-veil-cleanser\/","title":{"rendered":"Vitamin Veil Cleanser"},"content":{"rendered":"<p data-start=\"16\" data-end=\"445\">Vitamin Veil Cleanser ir grezna e\u013c\u013cas b\u0101zes t\u012br\u012b\u0161anas l\u012bdzeklis, kas maigi no\u0146em ikdienas net\u012brumus un kosm\u0113tikas atlikumus, ap\u0146emot \u0101du ar z\u012bdainu antioksidantu pl\u012bvuru. Formula ir izstr\u0101d\u0101ta jut\u012bgai un boj\u0101tai \u0101dai, tostarp \u0101dai p\u0113c p\u012blingiem vai \u0137irur\u0123isk\u0101m proced\u016br\u0101m. T\u012bra dzi\u013ci, bet saudz\u012bgi, saglab\u0101jot \u0101das dabisko aizsargbarjeru. Bag\u0101tin\u0101ts ar barojo\u0161\u0101m augu e\u013c\u013c\u0101m, nomierina un sagatavo \u0101du n\u0101kamajam kop\u0161anas posmam.<\/p>\n<p data-start=\"447\" data-end=\"468\"><strong data-start=\"447\" data-end=\"459\">Tilpums:<\/strong> 236 ml<\/p>\n","protected":false},"excerpt":{"rendered":"<p data-start=\"760\" data-end=\"806\">Barojo\u0161s e\u013c\u013cas b\u0101zes t\u012br\u012b\u0161anas l\u012bdzeklis<\/p>\n<h2 data-start=\"808\" data-end=\"1122\"><strong data-start=\"808\" data-end=\"851\">Circadia Vitamin Veil Cleanser \u012bpa\u0161\u012bbas<\/strong><\/h2>\n<p data-start=\"808\" data-end=\"1122\">\u2714\ufe0f Maigi iz\u0161\u0137\u012bdina kosm\u0113tiku, net\u012brumus un lieko sebumu<br data-start=\"909\" data-end=\"912\" \/>\u2714\ufe0f Saglab\u0101 \u0101das aizsargbarjeras integrit\u0101ti<br data-start=\"955\" data-end=\"958\" \/>\u2714\ufe0f Atst\u0101j uz \u0101das vieglu antioksidantu pl\u012bvuru<br data-start=\"1004\" data-end=\"1007\" \/>\u2714\ufe0f Piem\u0113rots sausai un nobriedu\u0161ai \u0101dai, k\u0101 ar\u012b lieto\u0161anai p\u0113c proced\u016br\u0101m<br data-start=\"1080\" data-end=\"1083\" \/>\u2714\ufe0f Pal\u012bdz saglab\u0101t kerat\u012bna strukt\u016bru<\/p>\n","protected":false},"featured_media":43325,"template":"","meta":[],"pwb-brand":[800],"product_brand":[],"product_cat":[715,749,739],"product_tag":[],"giftcard-category":[],"class_list":{"0":"post-43332","1":"product","2":"type-product","3":"status-publish","4":"has-post-thumbnail","6":"pwb-brand-circadia","7":"product_cat-attirisana","8":"product_cat-novecojosa-ada","9":"product_cat-sausai-adai","11":"first","12":"instock","13":"taxable","14":"shipping-taxable","15":"purchasable","16":"product-type-simple"},"acf":[],"brands":[{"id":800,"name":"Circadia","slug":"circadia"}],"_links":{"self":[{"href":"https:\/\/skinstudio.ee\/lv\/wp-json\/wp\/v2\/product\/43332","targetHints":{"allow":["GET"]}}],"collection":[{"href":"https:\/\/skinstudio.ee\/lv\/wp-json\/wp\/v2\/product"}],"about":[{"href":"https:\/\/skinstudio.ee\/lv\/wp-json\/wp\/v2\/types\/product"}],"version-history":[{"count":0,"href":"https:\/\/skinstudio.ee\/lv\/wp-json\/wp\/v2\/product\/43332\/revisions"}],"wp:featuredmedia":[{"embeddable":true,"href":"https:\/\/skinstudio.ee\/lv\/wp-json\/wp\/v2\/media\/43325"}],"wp:attachment":[{"href":"https:\/\/skinstudio.ee\/lv\/wp-json\/wp\/v2\/media?parent=43332"}],"wp:term":[{"taxonomy":"pwb-brand","embeddable":true,"href":"https:\/\/skinstudio.ee\/lv\/wp-json\/wp\/v2\/pwb-brand?post=43332"},{"taxonomy":"product_brand","embeddable":true,"href":"https:\/\/skinstudio.ee\/lv\/wp-json\/wp\/v2\/product_brand?post=43332"},{"taxonomy":"product_cat","embeddable":true,"href":"https:\/\/skinstudio.ee\/lv\/wp-json\/wp\/v2\/product_cat?post=43332"},{"taxonomy":"product_tag","embeddable":true,"href":"https:\/\/skinstudio.ee\/lv\/wp-json\/wp\/v2\/product_tag?post=43332"},{"taxonomy":"giftcard-category","embeddable":true,"href":"https:\/\/skinstudio.ee\/lv\/wp-json\/wp\/v2\/giftcard-category?post=43332"}],"curies":[{"name":"wp","href":"https:\/\/api.w.org\/{rel}","templated":true}]}}