{"id":43348,"date":"2025-08-10T11:16:06","date_gmt":"2025-08-10T11:16:06","guid":{"rendered":"https:\/\/skinstudio.ee\/?post_type=product&#038;p=43348"},"modified":"2026-01-19T15:12:48","modified_gmt":"2026-01-19T15:12:48","slug":"lipid-replacing-cleansing-gel","status":"publish","type":"product","link":"https:\/\/skinstudio.ee\/lv\/catalog\/circadia\/lipid-replacing-cleansing-gel\/","title":{"rendered":"Lipid Replacing Cleansing Gel"},"content":{"rendered":"<p data-start=\"138\" data-end=\"423\">Lipid Replacing Cleansing Gel ir atjaunojo\u0161s putojo\u0161s gels sejas mazg\u0101\u0161anai, kas efekt\u012bvi no\u0146em net\u012brumus, grimu un lieko sebumu, neboj\u0101jot \u0101das aizsargbarjeru un nedeatur\u0113jot kerat\u012bnu. T\u0101 maig\u0101 formula ar augu ekstraktiem nomierina un mitrina \u0101du, padarot to svaigu, maigu un gludu.<\/p>\n<p data-start=\"425\" data-end=\"446\"><strong data-start=\"425\" data-end=\"437\">Tilpums:<\/strong> 60 ml \/ 200 ml<\/p>\n","protected":false},"excerpt":{"rendered":"<p data-start=\"1056\" data-end=\"1084\">Barojo\u0161s putojo\u0161s gels<\/p>\n<h2 data-start=\"1086\" data-end=\"1356\"><strong data-start=\"1086\" data-end=\"1137\">Circadia Lipid Replacing Cleansing Gel \u012bpa\u0161\u012bbas<\/strong><\/h2>\n<p data-start=\"1086\" data-end=\"1356\">\u2714\ufe0f Maigi no\u0146em net\u012brumus, grimu un lieko sebumu<br data-start=\"1187\" data-end=\"1190\" \/>\u2714\ufe0f Saglab\u0101 \u0101das aizsargbarjeras integrit\u0101ti<br data-start=\"1233\" data-end=\"1236\" \/>\u2714\ufe0f Ar viegli sk\u0101bu pH maigai iedarb\u012bbai<br data-start=\"1275\" data-end=\"1278\" \/>\u2714\ufe0f Piem\u0113rots norm\u0101lai un viegli taukainai \u0101dai<br data-start=\"1324\" data-end=\"1327\" \/>\u2714\ufe0f Nomierina un atjauno \u0101du<\/p>\n","protected":false},"featured_media":43340,"template":"","meta":[],"pwb-brand":[800],"product_brand":[],"product_cat":[715],"product_tag":[],"giftcard-category":[],"class_list":{"0":"post-43348","1":"product","2":"type-product","3":"status-publish","4":"has-post-thumbnail","6":"pwb-brand-circadia","7":"product_cat-attirisana","8":"pa_suurus-200ml-lv","9":"pa_suurus-60ml-lv","11":"first","12":"instock","13":"taxable","14":"shipping-taxable","15":"purchasable","16":"product-type-variable"},"acf":[],"brands":[{"id":800,"name":"Circadia","slug":"circadia"}],"_links":{"self":[{"href":"https:\/\/skinstudio.ee\/lv\/wp-json\/wp\/v2\/product\/43348","targetHints":{"allow":["GET"]}}],"collection":[{"href":"https:\/\/skinstudio.ee\/lv\/wp-json\/wp\/v2\/product"}],"about":[{"href":"https:\/\/skinstudio.ee\/lv\/wp-json\/wp\/v2\/types\/product"}],"version-history":[{"count":0,"href":"https:\/\/skinstudio.ee\/lv\/wp-json\/wp\/v2\/product\/43348\/revisions"}],"wp:featuredmedia":[{"embeddable":true,"href":"https:\/\/skinstudio.ee\/lv\/wp-json\/wp\/v2\/media\/43340"}],"wp:attachment":[{"href":"https:\/\/skinstudio.ee\/lv\/wp-json\/wp\/v2\/media?parent=43348"}],"wp:term":[{"taxonomy":"pwb-brand","embeddable":true,"href":"https:\/\/skinstudio.ee\/lv\/wp-json\/wp\/v2\/pwb-brand?post=43348"},{"taxonomy":"product_brand","embeddable":true,"href":"https:\/\/skinstudio.ee\/lv\/wp-json\/wp\/v2\/product_brand?post=43348"},{"taxonomy":"product_cat","embeddable":true,"href":"https:\/\/skinstudio.ee\/lv\/wp-json\/wp\/v2\/product_cat?post=43348"},{"taxonomy":"product_tag","embeddable":true,"href":"https:\/\/skinstudio.ee\/lv\/wp-json\/wp\/v2\/product_tag?post=43348"},{"taxonomy":"giftcard-category","embeddable":true,"href":"https:\/\/skinstudio.ee\/lv\/wp-json\/wp\/v2\/giftcard-category?post=43348"}],"curies":[{"name":"wp","href":"https:\/\/api.w.org\/{rel}","templated":true}]}}