{"id":43386,"date":"2025-08-10T11:33:33","date_gmt":"2025-08-10T11:33:33","guid":{"rendered":"https:\/\/skinstudio.ee\/?post_type=product&#038;p=43386"},"modified":"2026-01-19T15:12:48","modified_gmt":"2026-01-19T15:12:48","slug":"micro-exfoliating-honey-cleanser","status":"publish","type":"product","link":"https:\/\/skinstudio.ee\/lv\/catalog\/circadia\/micro-exfoliating-honey-cleanser\/","title":{"rendered":"Micro-Exfoliating Honey Cleanser"},"content":{"rendered":"<p data-start=\"16\" data-end=\"371\"><strong data-start=\"16\" data-end=\"52\">Micro-Exfoliating Honey Cleanser<\/strong> ir maigs, bet efekt\u012bvs \u0101das att\u012br\u012b\u0161anas un vieglas eksfoli\u0101cijas l\u012bdzeklis ar dab\u012bgu medu un mikroda\u013ci\u0146\u0101m. Tas saudz\u012bgi no\u0146em net\u012brumus, lieko sebumu un atmiru\u0161\u0101s \u0101das \u0161\u016bnas, izl\u012bdzina \u0101das tekst\u016bru, atsvaidzina un sagatavo \u0101du turpm\u0101kai kop\u0161anai. Formula uztur dabisko mitruma l\u012bmeni un saglab\u0101 \u0101das aizsargbarjeru.<\/p>\n<p data-start=\"373\" data-end=\"402\"><strong data-start=\"373\" data-end=\"385\">Tilpums:<\/strong> 60 ml \/ 200 ml<\/p>\n","protected":false},"excerpt":{"rendered":"<p data-start=\"715\" data-end=\"745\">Maigs medus skrubja gels<\/p>\n<h2 data-start=\"747\" data-end=\"1027\"><strong data-start=\"747\" data-end=\"801\">Circadia Micro-Exfoliating Honey Cleanser \u012bpa\u0161\u012bbas<\/strong><\/h2>\n<p data-start=\"747\" data-end=\"1027\">\u2714\ufe0f Maigi eksfoli\u0113 un no\u0146em atmiru\u0161\u0101s \u0101das \u0161\u016bnas<br data-start=\"851\" data-end=\"854\" \/>\u2714\ufe0f Att\u012bra no net\u012brumiem un liek\u0101 sebuma<br data-start=\"893\" data-end=\"896\" \/>\u2714\ufe0f Izl\u012bdzina \u0101das tekst\u016bru un pie\u0161\u0137ir mirdzumu<br data-start=\"942\" data-end=\"945\" \/>\u2714\ufe0f Piem\u0113rots visiem \u0101das tipiem<br data-start=\"976\" data-end=\"979\" \/>\u2714\ufe0f Satur dab\u012bgu medu un mitrino\u0161as sast\u0101vda\u013cas<\/p>\n","protected":false},"featured_media":43375,"template":"","meta":[],"pwb-brand":[800],"product_brand":[],"product_cat":[715],"product_tag":[],"giftcard-category":[],"class_list":{"0":"post-43386","1":"product","2":"type-product","3":"status-publish","4":"has-post-thumbnail","6":"pwb-brand-circadia","7":"product_cat-attirisana","8":"pa_suurus-200ml-lv","9":"pa_suurus-60ml-lv","11":"first","12":"instock","13":"taxable","14":"shipping-taxable","15":"purchasable","16":"product-type-variable"},"acf":[],"brands":[{"id":800,"name":"Circadia","slug":"circadia"}],"_links":{"self":[{"href":"https:\/\/skinstudio.ee\/lv\/wp-json\/wp\/v2\/product\/43386","targetHints":{"allow":["GET"]}}],"collection":[{"href":"https:\/\/skinstudio.ee\/lv\/wp-json\/wp\/v2\/product"}],"about":[{"href":"https:\/\/skinstudio.ee\/lv\/wp-json\/wp\/v2\/types\/product"}],"version-history":[{"count":0,"href":"https:\/\/skinstudio.ee\/lv\/wp-json\/wp\/v2\/product\/43386\/revisions"}],"wp:featuredmedia":[{"embeddable":true,"href":"https:\/\/skinstudio.ee\/lv\/wp-json\/wp\/v2\/media\/43375"}],"wp:attachment":[{"href":"https:\/\/skinstudio.ee\/lv\/wp-json\/wp\/v2\/media?parent=43386"}],"wp:term":[{"taxonomy":"pwb-brand","embeddable":true,"href":"https:\/\/skinstudio.ee\/lv\/wp-json\/wp\/v2\/pwb-brand?post=43386"},{"taxonomy":"product_brand","embeddable":true,"href":"https:\/\/skinstudio.ee\/lv\/wp-json\/wp\/v2\/product_brand?post=43386"},{"taxonomy":"product_cat","embeddable":true,"href":"https:\/\/skinstudio.ee\/lv\/wp-json\/wp\/v2\/product_cat?post=43386"},{"taxonomy":"product_tag","embeddable":true,"href":"https:\/\/skinstudio.ee\/lv\/wp-json\/wp\/v2\/product_tag?post=43386"},{"taxonomy":"giftcard-category","embeddable":true,"href":"https:\/\/skinstudio.ee\/lv\/wp-json\/wp\/v2\/giftcard-category?post=43386"}],"curies":[{"name":"wp","href":"https:\/\/api.w.org\/{rel}","templated":true}]}}