{"id":43412,"date":"2025-08-10T11:51:28","date_gmt":"2025-08-10T11:51:28","guid":{"rendered":"https:\/\/skinstudio.ee\/?post_type=product&#038;p=43412"},"modified":"2026-01-19T15:12:47","modified_gmt":"2026-01-19T15:12:47","slug":"amandola-milk-cleanser","status":"publish","type":"product","link":"https:\/\/skinstudio.ee\/lv\/catalog\/circadia\/amandola-milk-cleanser\/","title":{"rendered":"Amandola Milk Cleanser"},"content":{"rendered":"<p data-start=\"16\" data-end=\"418\">Amandola Milk Cleanser ir maigs att\u012bro\u0161s piens ar mande\u013cu ekstraktu, kas \u012bpa\u0161i izstr\u0101d\u0101ts sausai, jut\u012bgai un nobriedu\u0161ai \u0101dai. Tas maigi no\u0146em net\u012brumus un dekorat\u012bvo kosm\u0113tiku, vienlaikus barojot un mitrinot \u0101du. Formula ir bag\u0101tin\u0101ta ar piena prote\u012bniem, kas pal\u012bdz m\u012bkstin\u0101t un atjaunot \u0101du, saglab\u0101jot t\u0101s dabisko l\u012bdzsvaru. Nesaboj\u0101 \u0101das aizsargbarjeru un p\u0113c att\u012br\u012b\u0161anas atst\u0101j komforta saj\u016btu.<\/p>\n<p data-start=\"420\" data-end=\"449\"><strong data-start=\"420\" data-end=\"432\">Tilpums:<\/strong> 200 ml<\/p>\n","protected":false},"excerpt":{"rendered":"<p data-start=\"665\" data-end=\"690\">Barojo\u0161s att\u012bro\u0161s piens<\/p>\n<h2 data-start=\"692\" data-end=\"959\"><strong data-start=\"692\" data-end=\"736\">Circadia Amandola Milk Cleanser \u012bpa\u0161\u012bbas<\/strong><\/h2>\n<p data-start=\"692\" data-end=\"959\">\u2714\ufe0f Maigi no\u0146em net\u012brumus un dekorat\u012bvo kosm\u0113tiku<br data-start=\"787\" data-end=\"790\" \/>\u2714\ufe0f Baro un mitrina \u0101du<br data-start=\"812\" data-end=\"815\" \/>\u2714\ufe0f Saglab\u0101 \u0101das aizsargbarjeras integrit\u0101ti<br data-start=\"858\" data-end=\"861\" \/>\u2714\ufe0f Piem\u0113rots sausai, jut\u012bgai un nobriedu\u0161ai \u0101dai<br data-start=\"909\" data-end=\"912\" \/>\u2714\ufe0f Satur piena prote\u012bnus un mande\u013cu ekstraktu<\/p>\n","protected":false},"featured_media":43402,"template":"","meta":[],"pwb-brand":[800],"product_brand":[],"product_cat":[715],"product_tag":[],"giftcard-category":[],"class_list":{"0":"post-43412","1":"product","2":"type-product","3":"status-publish","4":"has-post-thumbnail","6":"pwb-brand-circadia","7":"product_cat-attirisana","8":"pa_suurus-200ml-lv","9":"pa_suurus-60ml-lv","11":"first","12":"instock","13":"taxable","14":"shipping-taxable","15":"purchasable","16":"product-type-simple"},"acf":[],"brands":[{"id":800,"name":"Circadia","slug":"circadia"}],"_links":{"self":[{"href":"https:\/\/skinstudio.ee\/lv\/wp-json\/wp\/v2\/product\/43412","targetHints":{"allow":["GET"]}}],"collection":[{"href":"https:\/\/skinstudio.ee\/lv\/wp-json\/wp\/v2\/product"}],"about":[{"href":"https:\/\/skinstudio.ee\/lv\/wp-json\/wp\/v2\/types\/product"}],"version-history":[{"count":0,"href":"https:\/\/skinstudio.ee\/lv\/wp-json\/wp\/v2\/product\/43412\/revisions"}],"wp:featuredmedia":[{"embeddable":true,"href":"https:\/\/skinstudio.ee\/lv\/wp-json\/wp\/v2\/media\/43402"}],"wp:attachment":[{"href":"https:\/\/skinstudio.ee\/lv\/wp-json\/wp\/v2\/media?parent=43412"}],"wp:term":[{"taxonomy":"pwb-brand","embeddable":true,"href":"https:\/\/skinstudio.ee\/lv\/wp-json\/wp\/v2\/pwb-brand?post=43412"},{"taxonomy":"product_brand","embeddable":true,"href":"https:\/\/skinstudio.ee\/lv\/wp-json\/wp\/v2\/product_brand?post=43412"},{"taxonomy":"product_cat","embeddable":true,"href":"https:\/\/skinstudio.ee\/lv\/wp-json\/wp\/v2\/product_cat?post=43412"},{"taxonomy":"product_tag","embeddable":true,"href":"https:\/\/skinstudio.ee\/lv\/wp-json\/wp\/v2\/product_tag?post=43412"},{"taxonomy":"giftcard-category","embeddable":true,"href":"https:\/\/skinstudio.ee\/lv\/wp-json\/wp\/v2\/giftcard-category?post=43412"}],"curies":[{"name":"wp","href":"https:\/\/api.w.org\/{rel}","templated":true}]}}