{"id":43442,"date":"2025-08-11T09:15:31","date_gmt":"2025-08-11T09:15:31","guid":{"rendered":"https:\/\/skinstudio.ee\/?post_type=product&#038;p=43442"},"modified":"2026-01-19T15:12:47","modified_gmt":"2026-01-19T15:12:47","slug":"cleansing-gel-with-salicylic-acid","status":"publish","type":"product","link":"https:\/\/skinstudio.ee\/lv\/catalog\/circadia\/cleansing-gel-with-salicylic-acid\/","title":{"rendered":"Cleansing Gel with Salicylic Acid"},"content":{"rendered":"<p data-start=\"16\" data-end=\"90\"><strong data-start=\"16\" data-end=\"53\">Cleansing Gel with Salicylic Acid<\/strong> \u2014 att\u012bro\u0161ais gels ar salicilsk\u0101bi.<\/p>\n<p data-start=\"92\" data-end=\"372\">\u0160is gels ar salicilsk\u0101bi veido vieglas akt\u012bvas putas, kas dzi\u013ci att\u012bra, maigi noloba, izl\u012bdzina un m\u012bkstina \u0101du. Pateicoties antiseptiskaj\u0101m un antimikrobi\u0101laj\u0101m \u012bpa\u0161\u012bb\u0101m, tas ir lieliski piem\u0113rots problem\u0101tiskai \u0101dai, kas ir pak\u013cauta pinn\u0113m, iekaisuma elementiem un komedoniem.<\/p>\n<p data-start=\"374\" data-end=\"407\"><strong data-start=\"374\" data-end=\"386\">Tilpums:<\/strong> <strong data-start=\"387\" data-end=\"405\">60 ml \/ 200 ml<\/strong><\/p>\n","protected":false},"excerpt":{"rendered":"<p data-start=\"578\" data-end=\"621\">Maigs att\u012bro\u0161ais gels ar salicilsk\u0101bi<\/p>\n<h2 data-start=\"623\" data-end=\"917\"><strong data-start=\"623\" data-end=\"678\">Circadia Cleansing Gel with Salicylic Acid \u012bpa\u0161\u012bbas<\/strong><\/h2>\n<p data-start=\"623\" data-end=\"917\">\u2714\ufe0f Dzi\u013ci att\u012bra poras un no\u0146em lieko sebumu<br data-start=\"724\" data-end=\"727\" \/>\u2714\ufe0f C\u012bn\u0101s ar izsitumiem un pal\u012bdz nov\u0113rst to atk\u0101rtotu par\u0101d\u012b\u0161anos<br data-start=\"792\" data-end=\"795\" \/>\u2714\ufe0f Maigi noloba atmiru\u0161\u0101s \u0101das \u0161\u016bnas<br data-start=\"831\" data-end=\"834\" \/>\u2714\ufe0f Atsvaidzina un izl\u012bdzina \u0101das toni<br data-start=\"871\" data-end=\"874\" \/>\u2714\ufe0f Piem\u0113rots taukainai un kombin\u0113tai \u0101dai<\/p>\n","protected":false},"featured_media":43430,"template":"","meta":[],"pwb-brand":[800],"product_brand":[],"product_cat":[715,747],"product_tag":[],"giftcard-category":[],"class_list":{"0":"post-43442","1":"product","2":"type-product","3":"status-publish","4":"has-post-thumbnail","6":"pwb-brand-circadia","7":"product_cat-attirisana","8":"product_cat-taukainai-adai","9":"pa_suurus-200ml-lv","10":"pa_suurus-60ml-lv","12":"first","13":"instock","14":"sale","15":"taxable","16":"shipping-taxable","17":"purchasable","18":"product-type-variable"},"acf":[],"brands":[{"id":800,"name":"Circadia","slug":"circadia"}],"_links":{"self":[{"href":"https:\/\/skinstudio.ee\/lv\/wp-json\/wp\/v2\/product\/43442","targetHints":{"allow":["GET"]}}],"collection":[{"href":"https:\/\/skinstudio.ee\/lv\/wp-json\/wp\/v2\/product"}],"about":[{"href":"https:\/\/skinstudio.ee\/lv\/wp-json\/wp\/v2\/types\/product"}],"version-history":[{"count":0,"href":"https:\/\/skinstudio.ee\/lv\/wp-json\/wp\/v2\/product\/43442\/revisions"}],"wp:featuredmedia":[{"embeddable":true,"href":"https:\/\/skinstudio.ee\/lv\/wp-json\/wp\/v2\/media\/43430"}],"wp:attachment":[{"href":"https:\/\/skinstudio.ee\/lv\/wp-json\/wp\/v2\/media?parent=43442"}],"wp:term":[{"taxonomy":"pwb-brand","embeddable":true,"href":"https:\/\/skinstudio.ee\/lv\/wp-json\/wp\/v2\/pwb-brand?post=43442"},{"taxonomy":"product_brand","embeddable":true,"href":"https:\/\/skinstudio.ee\/lv\/wp-json\/wp\/v2\/product_brand?post=43442"},{"taxonomy":"product_cat","embeddable":true,"href":"https:\/\/skinstudio.ee\/lv\/wp-json\/wp\/v2\/product_cat?post=43442"},{"taxonomy":"product_tag","embeddable":true,"href":"https:\/\/skinstudio.ee\/lv\/wp-json\/wp\/v2\/product_tag?post=43442"},{"taxonomy":"giftcard-category","embeddable":true,"href":"https:\/\/skinstudio.ee\/lv\/wp-json\/wp\/v2\/giftcard-category?post=43442"}],"curies":[{"name":"wp","href":"https:\/\/api.w.org\/{rel}","templated":true}]}}