{"id":43464,"date":"2025-08-11T09:40:10","date_gmt":"2025-08-11T09:40:10","guid":{"rendered":"https:\/\/skinstudio.ee\/?post_type=product&#038;p=43464"},"modified":"2026-01-19T15:12:49","modified_gmt":"2026-01-19T15:12:49","slug":"vitamin-c-reversal-serum","status":"publish","type":"product","link":"https:\/\/skinstudio.ee\/lv\/catalog\/circadia\/vitamin-c-reversal-serum\/","title":{"rendered":"Vitamin C Reversal Serum"},"content":{"rendered":"<p data-start=\"0\" data-end=\"776\">Vitamin C Reversal Serum ir univers\u0101ls produkts, kas piem\u0113rots visiem \u0101das tipiem un jebkur\u0101 vecum\u0101. Tas pal\u012bdz padar\u012bt \u0101du stingr\u0101ku, mitrin\u0101t to un neitraliz\u0113t br\u012bvos radik\u0101\u013cus. T\u0101s formula mitrina un stiprina \u0101das aizsargbarjeru, pal\u012bdzot \u0161\u016bn\u0101m saglab\u0101t optim\u0101lu mitruma l\u012bmeni un pal\u0113ninot \u0101das noveco\u0161anos. Pateicoties 10% C vitam\u012bna saturam, serums efekt\u012bvi c\u012bn\u0101s ar nelabv\u0113l\u012bgas vides un UV starojuma rad\u012btajiem boj\u0101jumiem. Antioksidants aizsarg\u0101 \u0101das strukt\u016bras no br\u012bvajiem radik\u0101\u013ciem, stimul\u0113 kolag\u0113na sint\u0113zi, uzlabo audu elast\u012bbu un izl\u012bdzina grumbas. Provitam\u012bns B5 m\u012bkstina un pa\u0101trina boj\u0101tas \u0101das atjauno\u0161anos. Produkts ar\u012b pal\u012bdz izl\u012bdzin\u0101t \u0101das toni, atjauno \u0101du, mazina iekaisumu un kairin\u0101jumu, regul\u0113 pH l\u012bmeni un stiprina \u0161\u016bnu imunit\u0101ti.<\/p>\n<p data-start=\"778\" data-end=\"798\"><strong data-start=\"778\" data-end=\"790\">Tilpums:<\/strong> 15 ml<\/p>\n","protected":false},"excerpt":{"rendered":"<p data-start=\"972\" data-end=\"991\">C vitam\u012bna serums<\/p>\n<h2 data-start=\"993\" data-end=\"1288\"><strong data-start=\"993\" data-end=\"1039\">Circadia Vitamin C Reversal Serum \u012bpa\u0161\u012bbas<\/strong><\/h2>\n<p data-start=\"993\" data-end=\"1288\">\u2714\ufe0f Mitrina un stiprina \u0101das aizsargbarjeru<br data-start=\"1084\" data-end=\"1087\" \/>\u2714\ufe0f Neitraliz\u0113 br\u012bvos radik\u0101\u013cus un aizsarg\u0101 pret fotonoveco\u0161anos<br data-start=\"1150\" data-end=\"1153\" \/>\u2714\ufe0f Izl\u012bdzina grumbas un uzlabo \u0101das tekst\u016bru<br data-start=\"1197\" data-end=\"1200\" \/>\u2714\ufe0f Vienm\u0113r\u012bgs \u0101das tonis un atjaunots mirdzums<br data-start=\"1246\" data-end=\"1249\" \/>\u2714\ufe0f Nomierina iekaisumu un kairin\u0101jumu<\/p>\n","protected":false},"featured_media":66318,"template":"","meta":[],"pwb-brand":[800],"product_brand":[],"product_cat":[729,749,751,723],"product_tag":[],"giftcard-category":[],"class_list":{"0":"post-43464","1":"product","2":"type-product","3":"status-publish","4":"has-post-thumbnail","6":"pwb-brand-circadia","7":"product_cat-c-vitamins","8":"product_cat-novecojosa-ada","9":"product_cat-pigmentacija-lv","10":"product_cat-serumi","12":"first","13":"instock","14":"taxable","15":"shipping-taxable","16":"purchasable","17":"product-type-simple"},"acf":[],"brands":[{"id":800,"name":"Circadia","slug":"circadia"}],"_links":{"self":[{"href":"https:\/\/skinstudio.ee\/lv\/wp-json\/wp\/v2\/product\/43464","targetHints":{"allow":["GET"]}}],"collection":[{"href":"https:\/\/skinstudio.ee\/lv\/wp-json\/wp\/v2\/product"}],"about":[{"href":"https:\/\/skinstudio.ee\/lv\/wp-json\/wp\/v2\/types\/product"}],"version-history":[{"count":0,"href":"https:\/\/skinstudio.ee\/lv\/wp-json\/wp\/v2\/product\/43464\/revisions"}],"wp:featuredmedia":[{"embeddable":true,"href":"https:\/\/skinstudio.ee\/lv\/wp-json\/wp\/v2\/media\/66318"}],"wp:attachment":[{"href":"https:\/\/skinstudio.ee\/lv\/wp-json\/wp\/v2\/media?parent=43464"}],"wp:term":[{"taxonomy":"pwb-brand","embeddable":true,"href":"https:\/\/skinstudio.ee\/lv\/wp-json\/wp\/v2\/pwb-brand?post=43464"},{"taxonomy":"product_brand","embeddable":true,"href":"https:\/\/skinstudio.ee\/lv\/wp-json\/wp\/v2\/product_brand?post=43464"},{"taxonomy":"product_cat","embeddable":true,"href":"https:\/\/skinstudio.ee\/lv\/wp-json\/wp\/v2\/product_cat?post=43464"},{"taxonomy":"product_tag","embeddable":true,"href":"https:\/\/skinstudio.ee\/lv\/wp-json\/wp\/v2\/product_tag?post=43464"},{"taxonomy":"giftcard-category","embeddable":true,"href":"https:\/\/skinstudio.ee\/lv\/wp-json\/wp\/v2\/giftcard-category?post=43464"}],"curies":[{"name":"wp","href":"https:\/\/api.w.org\/{rel}","templated":true}]}}