{"id":43489,"date":"2025-08-11T09:59:17","date_gmt":"2025-08-11T09:59:17","guid":{"rendered":"https:\/\/skinstudio.ee\/?post_type=product&#038;p=43489"},"modified":"2026-01-19T15:12:47","modified_gmt":"2026-01-19T15:12:47","slug":"circa-shield-mineral-sunscreen-spf","status":"publish","type":"product","link":"https:\/\/skinstudio.ee\/lv\/catalog\/circadia\/circa-shield-mineral-sunscreen-spf\/","title":{"rendered":"Circa-Shield &#8211; Mineral Sunscreen SPF"},"content":{"rendered":"<p data-start=\"21\" data-end=\"223\"><strong data-start=\"21\" data-end=\"37\">Circa-Shield<\/strong> ir miner\u0101lu saules aizsargkr\u0113ms, kas satur fiziskos filtrus un sp\u0113c\u012bgas aizsargvielas, veidojot vairogu pret ultravioletajiem stariem, agres\u012bviem vides faktoriem un oksidat\u012bvo stresu.<\/p>\n<p data-start=\"225\" data-end=\"463\">\u0160is unik\u0101lais kr\u0113ms ide\u0101li aizsarg\u0101 \u0101du visas dienas garum\u0101, jo t\u0101 inovat\u012bv\u0101 formula rada aizsardz\u012bbu pret kait\u012bgo vides ietekmi. Produkts nodro\u0161ina sp\u0113c\u012bgu aizsardz\u012bbu pret oksidat\u012bvo stresu un pal\u012bdz nov\u0113rst br\u012bvo radik\u0101\u013cu veido\u0161anos.<\/p>\n<p data-start=\"465\" data-end=\"494\"><strong data-start=\"465\" data-end=\"477\">Tilpums:<\/strong> 59 ml \/ 236 ml<\/p>\n","protected":false},"excerpt":{"rendered":"<p data-start=\"606\" data-end=\"643\">Miner\u0101lu saules aizsargkr\u0113ms ar SPF<\/p>\n<h2 data-start=\"645\" data-end=\"932\"><strong data-start=\"645\" data-end=\"703\">Circadia Circa-Shield &#8211; Mineral Sunscreen SPF \u012bpa\u0161\u012bbas<\/strong><\/h2>\n<p data-start=\"645\" data-end=\"932\">\u2714\ufe0f Nodro\u0161ina pla\u0161a spektra UVA\/UVB aizsardz\u012bbu<br data-start=\"752\" data-end=\"755\" \/>\u2714\ufe0f Nov\u0113r\u0161 foto noveco\u0161anos un \u0101das boj\u0101jumus<br data-start=\"799\" data-end=\"802\" \/>\u2714\ufe0f Satur miner\u0101lu filtrus dro\u0161ai aizsardz\u012bbai<br data-start=\"847\" data-end=\"850\" \/>\u2714\ufe0f Nomierina un mitrina \u0101du<br data-start=\"877\" data-end=\"880\" \/>\u2714\ufe0f Piem\u0113rots ikdienas lieto\u0161anai, ar\u012b jut\u012bgai \u0101dai<\/p>\n","protected":false},"featured_media":66313,"template":"","meta":[],"pwb-brand":[800],"product_brand":[],"product_cat":[737,731],"product_tag":[],"giftcard-category":[],"class_list":{"0":"post-43489","1":"product","2":"type-product","3":"status-publish","4":"has-post-thumbnail","6":"pwb-brand-circadia","7":"product_cat-mitrinasana","8":"product_cat-spf-aizsardziba","9":"pa_suurus-236ml-lv","10":"pa_suurus-59ml-lv","12":"first","13":"instock","14":"sale","15":"taxable","16":"shipping-taxable","17":"purchasable","18":"product-type-variable"},"acf":[],"brands":[{"id":800,"name":"Circadia","slug":"circadia"}],"_links":{"self":[{"href":"https:\/\/skinstudio.ee\/lv\/wp-json\/wp\/v2\/product\/43489","targetHints":{"allow":["GET"]}}],"collection":[{"href":"https:\/\/skinstudio.ee\/lv\/wp-json\/wp\/v2\/product"}],"about":[{"href":"https:\/\/skinstudio.ee\/lv\/wp-json\/wp\/v2\/types\/product"}],"version-history":[{"count":0,"href":"https:\/\/skinstudio.ee\/lv\/wp-json\/wp\/v2\/product\/43489\/revisions"}],"wp:featuredmedia":[{"embeddable":true,"href":"https:\/\/skinstudio.ee\/lv\/wp-json\/wp\/v2\/media\/66313"}],"wp:attachment":[{"href":"https:\/\/skinstudio.ee\/lv\/wp-json\/wp\/v2\/media?parent=43489"}],"wp:term":[{"taxonomy":"pwb-brand","embeddable":true,"href":"https:\/\/skinstudio.ee\/lv\/wp-json\/wp\/v2\/pwb-brand?post=43489"},{"taxonomy":"product_brand","embeddable":true,"href":"https:\/\/skinstudio.ee\/lv\/wp-json\/wp\/v2\/product_brand?post=43489"},{"taxonomy":"product_cat","embeddable":true,"href":"https:\/\/skinstudio.ee\/lv\/wp-json\/wp\/v2\/product_cat?post=43489"},{"taxonomy":"product_tag","embeddable":true,"href":"https:\/\/skinstudio.ee\/lv\/wp-json\/wp\/v2\/product_tag?post=43489"},{"taxonomy":"giftcard-category","embeddable":true,"href":"https:\/\/skinstudio.ee\/lv\/wp-json\/wp\/v2\/giftcard-category?post=43489"}],"curies":[{"name":"wp","href":"https:\/\/api.w.org\/{rel}","templated":true}]}}