{"id":43513,"date":"2025-08-11T10:17:22","date_gmt":"2025-08-11T10:17:22","guid":{"rendered":"https:\/\/skinstudio.ee\/?post_type=product&#038;p=43513"},"modified":"2026-01-19T15:12:48","modified_gmt":"2026-01-19T15:12:48","slug":"light-day-sunscreen-broad-spectrum-spf-37","status":"publish","type":"product","link":"https:\/\/skinstudio.ee\/lv\/catalog\/circadia\/light-day-sunscreen-broad-spectrum-spf-37\/","title":{"rendered":"Light Day Sunscreen Broad Spectrum SPF-37"},"content":{"rendered":"<p data-start=\"23\" data-end=\"559\"><strong data-start=\"23\" data-end=\"68\">Light Day Sunscreen Broad Spectrum SPF-37<\/strong> ir vieglas tekst\u016bras kr\u0113ms ar v\u012bnogu cilmes \u0161\u016bnu kult\u016bras ekstraktu, kas pastiprina fotoprotekciju un pal\u0113nina \u0161\u016bnu noveco\u0161anos. Tas \u0101tri uzs\u016bcas \u0101d\u0101 un ir paredz\u0113ts ikdienas lieto\u0161anai. Circadia formul\u0101 ietilpst skaistumkop\u0161anas nozares apbalvotais fotostabilizators Solastay\u00ae S1, kas pal\u012bdz mazin\u0101t \u0101das jut\u012bbu, ko izraisa saules aizsargl\u012bdzek\u013cu sast\u0101vda\u013cas. Inovat\u012bvie antioksidanti Lipochroman-6\u2122 un Preventhelia\u2122 aizsarg\u0101 DNS un olbaltumvielas no boj\u0101jumiem, ko izraisa UV starojums.<\/p>\n<p data-start=\"561\" data-end=\"792\">\u0160is dienas saules aizsargkr\u0113ms ir \u012bpa\u0161i izstr\u0101d\u0101ts, lai nodro\u0161in\u0101tu optim\u0101lu aizsardz\u012bbu pret UV stariem un nelabv\u0113l\u012bgiem vides faktoriem. Satur antioksidantus, mitrino\u0161as un nomierino\u0161as sast\u0101vda\u013cas, lai saglab\u0101tu \u0101das komfortu.<\/p>\n<p data-start=\"794\" data-end=\"814\"><strong data-start=\"794\" data-end=\"806\">Tilpums:<\/strong> 59 ml<\/p>\n","protected":false},"excerpt":{"rendered":"<p data-start=\"1027\" data-end=\"1076\">Viegls dienas saules aizsargkr\u0113ms ar SPF 37<\/p>\n<h2 data-start=\"1078\" data-end=\"1383\"><strong data-start=\"1078\" data-end=\"1141\">Circadia Light Day Sunscreen Broad Spectrum SPF-37 \u012bpa\u0161\u012bbas<\/strong><\/h2>\n<p data-start=\"1078\" data-end=\"1383\">\u2714\ufe0f Nodro\u0161ina pla\u0161a spektra UVA\/UVB aizsardz\u012bbu<br data-start=\"1190\" data-end=\"1193\" \/>\u2714\ufe0f Viegl\u0101 tekst\u016bra \u0101tri ies\u016bcas un neatst\u0101j taukainu k\u0101rtu<br data-start=\"1251\" data-end=\"1254\" \/>\u2714\ufe0f Nov\u0113r\u0161 fotonoveco\u0161anos un pigment\u0101ciju<br data-start=\"1295\" data-end=\"1298\" \/>\u2714\ufe0f Mitrina un uztur \u0101das elast\u012bbu<br data-start=\"1331\" data-end=\"1334\" \/>\u2714\ufe0f Piem\u0113rots ikdienas lieto\u0161anai, ar\u012b zem grima<\/p>\n","protected":false},"featured_media":66308,"template":"","meta":[],"pwb-brand":[800],"product_brand":[],"product_cat":[770,731,747],"product_tag":[],"giftcard-category":[],"class_list":{"0":"post-43513","1":"product","2":"type-product","3":"status-publish","4":"has-post-thumbnail","6":"pwb-brand-circadia","7":"product_cat-grims","8":"product_cat-spf-aizsardziba","9":"product_cat-taukaina-ada","11":"first","12":"instock","13":"taxable","14":"shipping-taxable","15":"purchasable","16":"product-type-simple"},"acf":[],"brands":[{"id":800,"name":"Circadia","slug":"circadia"}],"_links":{"self":[{"href":"https:\/\/skinstudio.ee\/lv\/wp-json\/wp\/v2\/product\/43513","targetHints":{"allow":["GET"]}}],"collection":[{"href":"https:\/\/skinstudio.ee\/lv\/wp-json\/wp\/v2\/product"}],"about":[{"href":"https:\/\/skinstudio.ee\/lv\/wp-json\/wp\/v2\/types\/product"}],"version-history":[{"count":0,"href":"https:\/\/skinstudio.ee\/lv\/wp-json\/wp\/v2\/product\/43513\/revisions"}],"wp:featuredmedia":[{"embeddable":true,"href":"https:\/\/skinstudio.ee\/lv\/wp-json\/wp\/v2\/media\/66308"}],"wp:attachment":[{"href":"https:\/\/skinstudio.ee\/lv\/wp-json\/wp\/v2\/media?parent=43513"}],"wp:term":[{"taxonomy":"pwb-brand","embeddable":true,"href":"https:\/\/skinstudio.ee\/lv\/wp-json\/wp\/v2\/pwb-brand?post=43513"},{"taxonomy":"product_brand","embeddable":true,"href":"https:\/\/skinstudio.ee\/lv\/wp-json\/wp\/v2\/product_brand?post=43513"},{"taxonomy":"product_cat","embeddable":true,"href":"https:\/\/skinstudio.ee\/lv\/wp-json\/wp\/v2\/product_cat?post=43513"},{"taxonomy":"product_tag","embeddable":true,"href":"https:\/\/skinstudio.ee\/lv\/wp-json\/wp\/v2\/product_tag?post=43513"},{"taxonomy":"giftcard-category","embeddable":true,"href":"https:\/\/skinstudio.ee\/lv\/wp-json\/wp\/v2\/giftcard-category?post=43513"}],"curies":[{"name":"wp","href":"https:\/\/api.w.org\/{rel}","templated":true}]}}