{"id":43530,"date":"2025-08-11T10:41:00","date_gmt":"2025-08-11T10:41:00","guid":{"rendered":"https:\/\/skinstudio.ee\/?post_type=product&#038;p=43530"},"modified":"2026-01-19T15:12:48","modified_gmt":"2026-01-19T15:12:48","slug":"night-time-repair","status":"publish","type":"product","link":"https:\/\/skinstudio.ee\/lv\/catalog\/circadia\/night-time-repair\/","title":{"rendered":"Night Time Repair"},"content":{"rendered":"<p data-start=\"16\" data-end=\"81\"><strong data-start=\"16\" data-end=\"37\">Night Time Repair<\/strong> ir nakts kr\u0113ms-losjons \u0101das atjauno\u0161anai.<\/p>\n<p data-start=\"83\" data-end=\"426\">Night Time Repair jaud\u012bg\u0101 formula satur inovat\u012bvas pept\u012bdu tehnolo\u0123ijas, antioksidantus un stabilu C vitam\u012bna formu. Atjaunojo\u0161s kr\u0113ms ar 0,3% retinolu kori\u0123\u0113 agr\u012bn\u0101s noveco\u0161an\u0101s paz\u012bmes, nov\u0113r\u0161 sausumu un hiperkeratozi, pal\u0113nina glik\u0101cijas procesu, izl\u012bdzina grumbas un uzlabo \u0101das elast\u012bbu. Kr\u0113mu izmanto ar\u012b aknes un postaknes \u0101rst\u0113\u0161anai.<\/p>\n<p data-start=\"428\" data-end=\"448\"><strong data-start=\"428\" data-end=\"440\">Tilpums:<\/strong> 59 ml<\/p>\n","protected":false},"excerpt":{"rendered":"<p data-start=\"589\" data-end=\"614\">Atjaunojo\u0161s nakts kr\u0113ms<\/p>\n<h2 data-start=\"616\" data-end=\"866\"><strong data-start=\"616\" data-end=\"655\">Circadia Night Time Repair \u012bpa\u0161\u012bbas<\/strong><\/h2>\n<p data-start=\"616\" data-end=\"866\">\u2714\ufe0f Kori\u0123\u0113 agr\u012bn\u0101s noveco\u0161an\u0101s paz\u012bmes<br data-start=\"695\" data-end=\"698\" \/>\u2714\ufe0f Nov\u0113r\u0161 sausumu un hiperkeratozi<br data-start=\"732\" data-end=\"735\" \/>\u2714\ufe0f Izl\u012bdzina grumbas un uzlabo \u0101das elast\u012bbu<br data-start=\"779\" data-end=\"782\" \/>\u2714\ufe0f Nov\u0113r\u0161 glik\u0101ciju un aizsarg\u0101 \u0161\u016bnas<br data-start=\"819\" data-end=\"822\" \/>\u2714\ufe0f Piem\u0113rots aknes un postaknes \u0101rst\u0113\u0161anai<\/p>\n","protected":false},"featured_media":66303,"template":"","meta":[],"pwb-brand":[800],"product_brand":[],"product_cat":[727],"product_tag":[],"giftcard-category":[],"class_list":{"0":"post-43530","1":"product","2":"type-product","3":"status-publish","4":"has-post-thumbnail","6":"pwb-brand-circadia","7":"product_cat-a-vitamins-retinols","9":"first","10":"instock","11":"taxable","12":"shipping-taxable","13":"purchasable","14":"product-type-simple"},"acf":[],"brands":[{"id":800,"name":"Circadia","slug":"circadia"}],"_links":{"self":[{"href":"https:\/\/skinstudio.ee\/lv\/wp-json\/wp\/v2\/product\/43530","targetHints":{"allow":["GET"]}}],"collection":[{"href":"https:\/\/skinstudio.ee\/lv\/wp-json\/wp\/v2\/product"}],"about":[{"href":"https:\/\/skinstudio.ee\/lv\/wp-json\/wp\/v2\/types\/product"}],"version-history":[{"count":0,"href":"https:\/\/skinstudio.ee\/lv\/wp-json\/wp\/v2\/product\/43530\/revisions"}],"wp:featuredmedia":[{"embeddable":true,"href":"https:\/\/skinstudio.ee\/lv\/wp-json\/wp\/v2\/media\/66303"}],"wp:attachment":[{"href":"https:\/\/skinstudio.ee\/lv\/wp-json\/wp\/v2\/media?parent=43530"}],"wp:term":[{"taxonomy":"pwb-brand","embeddable":true,"href":"https:\/\/skinstudio.ee\/lv\/wp-json\/wp\/v2\/pwb-brand?post=43530"},{"taxonomy":"product_brand","embeddable":true,"href":"https:\/\/skinstudio.ee\/lv\/wp-json\/wp\/v2\/product_brand?post=43530"},{"taxonomy":"product_cat","embeddable":true,"href":"https:\/\/skinstudio.ee\/lv\/wp-json\/wp\/v2\/product_cat?post=43530"},{"taxonomy":"product_tag","embeddable":true,"href":"https:\/\/skinstudio.ee\/lv\/wp-json\/wp\/v2\/product_tag?post=43530"},{"taxonomy":"giftcard-category","embeddable":true,"href":"https:\/\/skinstudio.ee\/lv\/wp-json\/wp\/v2\/giftcard-category?post=43530"}],"curies":[{"name":"wp","href":"https:\/\/api.w.org\/{rel}","templated":true}]}}