{"id":43549,"date":"2025-08-11T11:09:42","date_gmt":"2025-08-11T11:09:42","guid":{"rendered":"https:\/\/skinstudio.ee\/?post_type=product&#038;p=43549"},"modified":"2026-01-19T15:12:48","modified_gmt":"2026-01-19T15:12:48","slug":"night-time-repair-plus","status":"publish","type":"product","link":"https:\/\/skinstudio.ee\/lv\/catalog\/circadia\/night-time-repair-plus\/","title":{"rendered":"Night Time Repair Plus"},"content":{"rendered":"<p data-start=\"16\" data-end=\"421\"><strong data-start=\"16\" data-end=\"42\">Night Time Repair Plus<\/strong> ir uzlabota Circadia nakts kr\u0113ma-losjona versija, kas rad\u012bta intens\u012bvai ar vecumu saist\u012bto izmai\u0146u korekcijai. Formula ar paaugstin\u0101tu retinola koncentr\u0101ciju (0,5%) efekt\u012bvi stimul\u0113 \u0161\u016bnu atjauno\u0161anos, pa\u0101trina audu re\u0123ener\u0101ciju un uzlabo mikrocirkul\u0101ciju. Kr\u0113ms redzami izl\u012bdzina grumbas, palielina \u0101das stingr\u012bbu un elast\u012bbu, k\u0101 ar\u012b vienm\u0113r\u012bgi izl\u012bdzina t\u0101s tekst\u016bru un toni.<\/p>\n<p data-start=\"423\" data-end=\"703\">Pateicoties pept\u012bdu un antioksidantu kompleksam, <strong data-start=\"472\" data-end=\"498\">Night Time Repair Plus<\/strong> aizsarg\u0101 \u0161\u016bnas no br\u012bvajiem radik\u0101\u013ciem, pal\u0113nina glik\u0101cijas procesu un nov\u0113r\u0161 kolag\u0113na no\u0101rd\u012b\u0161anos. Produkts nov\u0113r\u0161 sausumu, baro \u0101du un atjauno t\u0101s aizsargbarjeru, atst\u0101jot komforta un svaiguma saj\u016btu.<\/p>\n<p data-start=\"705\" data-end=\"725\"><strong data-start=\"705\" data-end=\"717\">Tilpums:<\/strong> 59 ml<\/p>\n","protected":false},"excerpt":{"rendered":"<p data-start=\"901\" data-end=\"942\">Atjaunojo\u0161s nakts kr\u0113ms ar retinolu<\/p>\n<h2 data-start=\"944\" data-end=\"1264\"><strong data-start=\"944\" data-end=\"988\">Circadia Night Time Repair Plus \u012bpa\u0161\u012bbas<\/strong><\/h2>\n<p data-start=\"944\" data-end=\"1264\">\u2714\ufe0f Intens\u012bvi kori\u0123\u0113 ar vecumu saist\u012btas \u0101das izmai\u0146as<br data-start=\"1044\" data-end=\"1047\" \/>\u2714\ufe0f Izl\u012bdzina grumbas un palielina elast\u012bbu<br data-start=\"1089\" data-end=\"1092\" \/>\u2714\ufe0f Nov\u0113r\u0161 sausumu un izl\u012bdzina \u0101das tekst\u016bru<br data-start=\"1136\" data-end=\"1139\" \/>\u2714\ufe0f Atbalsta \u0161\u016bnu re\u0123ener\u0101ciju un pal\u0113nina glik\u0101ciju<br data-start=\"1190\" data-end=\"1193\" \/>\u2714\ufe0f Satur paaugstin\u0101tu retinola koncentr\u0101ciju pastiprin\u0101tai iedarb\u012bbai<\/p>\n","protected":false},"featured_media":66298,"template":"","meta":[],"pwb-brand":[800],"product_brand":[],"product_cat":[727],"product_tag":[],"giftcard-category":[],"class_list":{"0":"post-43549","1":"product","2":"type-product","3":"status-publish","4":"has-post-thumbnail","6":"pwb-brand-circadia","7":"product_cat-a-vitamins-retinols","9":"first","10":"instock","11":"taxable","12":"shipping-taxable","13":"purchasable","14":"product-type-simple"},"acf":[],"brands":[{"id":800,"name":"Circadia","slug":"circadia"}],"_links":{"self":[{"href":"https:\/\/skinstudio.ee\/lv\/wp-json\/wp\/v2\/product\/43549","targetHints":{"allow":["GET"]}}],"collection":[{"href":"https:\/\/skinstudio.ee\/lv\/wp-json\/wp\/v2\/product"}],"about":[{"href":"https:\/\/skinstudio.ee\/lv\/wp-json\/wp\/v2\/types\/product"}],"version-history":[{"count":0,"href":"https:\/\/skinstudio.ee\/lv\/wp-json\/wp\/v2\/product\/43549\/revisions"}],"wp:featuredmedia":[{"embeddable":true,"href":"https:\/\/skinstudio.ee\/lv\/wp-json\/wp\/v2\/media\/66298"}],"wp:attachment":[{"href":"https:\/\/skinstudio.ee\/lv\/wp-json\/wp\/v2\/media?parent=43549"}],"wp:term":[{"taxonomy":"pwb-brand","embeddable":true,"href":"https:\/\/skinstudio.ee\/lv\/wp-json\/wp\/v2\/pwb-brand?post=43549"},{"taxonomy":"product_brand","embeddable":true,"href":"https:\/\/skinstudio.ee\/lv\/wp-json\/wp\/v2\/product_brand?post=43549"},{"taxonomy":"product_cat","embeddable":true,"href":"https:\/\/skinstudio.ee\/lv\/wp-json\/wp\/v2\/product_cat?post=43549"},{"taxonomy":"product_tag","embeddable":true,"href":"https:\/\/skinstudio.ee\/lv\/wp-json\/wp\/v2\/product_tag?post=43549"},{"taxonomy":"giftcard-category","embeddable":true,"href":"https:\/\/skinstudio.ee\/lv\/wp-json\/wp\/v2\/giftcard-category?post=43549"}],"curies":[{"name":"wp","href":"https:\/\/api.w.org\/{rel}","templated":true}]}}